{"id":5292,"date":"2025-02-14T15:30:17","date_gmt":"2025-02-14T18:30:17","guid":{"rendered":"https:\/\/grafatorio.com\/site\/?post_type=product&#038;p=5292"},"modified":"2026-02-04T12:54:02","modified_gmt":"2026-02-04T15:54:02","slug":"a-cimitarra-da-candura","status":"publish","type":"product","link":"https:\/\/grafatorio.com\/site\/produto\/a-cimitarra-da-candura\/","title":{"rendered":"A Cimitarra da Candura \u2013 Arrigo&nbsp;Barnab\u00e9"},"content":{"rendered":"<p><strong>Sobre o autor<\/strong><\/p>\n<p>M\u00fasico, ator, artista visual, poeta \u2014 Arrigo Barnab\u00e9 nasceu em 1951, em Londrina, Paran\u00e1. No final da d\u00e9cada de 1970, suas composi\u00e7\u00f5es atonais, dodecaf\u00f4nicas, pros\u00f3dicas, que fundiam elementos pop e eruditos, lhe renderam o pr\u00eamio de melhor m\u00fasica no Festival Universit\u00e1rio da TV Cultura. Seu \u00e1lbum de estreia, <em>Clara Crocodilo<\/em> (1980), consolidou sua reputa\u00e7\u00e3o como um dos maiores inventores da m\u00fasica brasileira do s\u00e9culo XX. Com uma carreira intensa e prol\u00edfica, que inclui mais de dez \u00e1lbuns, trilhas sonoras para o cinema, atua\u00e7\u00f5es em longas e curta-metragens, Arrigo tem revelado sua inquietude sob formas cada vez mais diversas. Em 2019, publica seu primeiro livro, o autobiogr\u00e1fico <em>No Fim da Inf\u00e2ncia<\/em> (Grafat\u00f3rio Edi\u00e7\u00f5es). Em fevereiro de 2025, inaugura sua primeira exposi\u00e7\u00e3o de artes visuais: Conflito, na Casa Fluida, em S\u00e3o Paulo. Na mesma ocasi\u00e3o, lan\u00e7a esta plaquete, A Cimitarra da Candura, primeira publica\u00e7\u00e3o a reunir alguns de seus poemas.<\/p>\n","protected":false},"excerpt":{"rendered":"<p><em>Pap\u00e9is\u2003<\/em>Sensation plus e P\u00f3len natural<br \/>\n<em>Impress\u00e3o\u2003<\/em>Tipografia, laser, offset e relevo seco<br \/>\n<em>Encaderna\u00e7\u00e3o\u2003<\/em>Costura manual<\/p>\n","protected":false},"featured_media":5293,"template":"","meta":[],"product_brand":[],"product_cat":[25],"product_tag":[],"class_list":{"0":"post-5292","1":"product","2":"type-product","3":"status-publish","4":"has-post-thumbnail","6":"product_cat-produtos","7":"product_shipping_class-livros","9":"first","10":"instock","11":"shipping-taxable","12":"purchasable","13":"product-type-simple"},"_links":{"self":[{"href":"https:\/\/grafatorio.com\/site\/wp-json\/wp\/v2\/product\/5292","targetHints":{"allow":["GET"]}}],"collection":[{"href":"https:\/\/grafatorio.com\/site\/wp-json\/wp\/v2\/product"}],"about":[{"href":"https:\/\/grafatorio.com\/site\/wp-json\/wp\/v2\/types\/product"}],"wp:featuredmedia":[{"embeddable":true,"href":"https:\/\/grafatorio.com\/site\/wp-json\/wp\/v2\/media\/5293"}],"wp:attachment":[{"href":"https:\/\/grafatorio.com\/site\/wp-json\/wp\/v2\/media?parent=5292"}],"wp:term":[{"taxonomy":"product_brand","embeddable":true,"href":"https:\/\/grafatorio.com\/site\/wp-json\/wp\/v2\/product_brand?post=5292"},{"taxonomy":"product_cat","embeddable":true,"href":"https:\/\/grafatorio.com\/site\/wp-json\/wp\/v2\/product_cat?post=5292"},{"taxonomy":"product_tag","embeddable":true,"href":"https:\/\/grafatorio.com\/site\/wp-json\/wp\/v2\/product_tag?post=5292"}],"curies":[{"name":"wp","href":"https:\/\/api.w.org\/{rel}","templated":true}]}}