{"id":5285,"date":"2025-02-03T15:00:21","date_gmt":"2025-02-03T18:00:21","guid":{"rendered":"https:\/\/grafatorio.com\/site\/?post_type=product&#038;p=5285"},"modified":"2025-03-19T15:52:35","modified_gmt":"2025-03-19T18:52:35","slug":"oficina-memoria-em-papel-mar25","status":"publish","type":"product","link":"https:\/\/grafatorio.com\/site\/produto\/oficina-memoria-em-papel-mar25\/","title":{"rendered":"Oficina Mem\u00f3ria em Papel, <\/br>com Lis Ayrosa"},"content":{"rendered":"","protected":false},"excerpt":{"rendered":"<h5><strong>(R$35 materiais + R$35 inscri\u00e7\u00e3o)<\/strong><\/h5>\n<p>&nbsp;<\/p>\n<h4>Descri\u00e7\u00e3o<\/h4>\n<p>Por meio do resgate do fazer manual, a oficina prop\u00f5e um exerc\u00edcio de observa\u00e7\u00e3o atenta do cotidiano e de nossas mem\u00f3rias. Como desdobramento do trabalho de conclus\u00e3o de curso em design gr\u00e1fico da ministrante, a atividade explora formas de registro temporal e estrat\u00e9gias para potencializar a reten\u00e7\u00e3o da mem\u00f3ria. Ao longo do processo, ser\u00e3o trabalhadas afetividade, fotografia, colagem e desenho na cria\u00e7\u00e3o de uma zine pessoal.<\/p>\n<div class=\"woocommerce-product-details__short-description\">\n<h4>Ministrante<\/h4>\n<p><a href=\"https:\/\/linktr.ee\/lisayrosa\" target=\"_blank\" rel=\"noopener\">Lis Ayrosa<\/a> \u00e9 artista e designer do interior do Paran\u00e1, em constante busca por novas formas de express\u00e3o e experimenta\u00e7\u00e3o. Iniciando sua jornada autoral na fotografia, foi durante o curso de design gr\u00e1fico que realmente se encontrou. Passeando entre ilustra\u00e7\u00e3o, design gr\u00e1fico, gravura e outros meios, leva um pouquinho de sua vis\u00e3o e experi\u00eancia pr\u00f3pria pro mundo. Atualmente, integra o <em data-start=\"382\" data-end=\"399\">M\u00e3os Sujas I.C.<\/em>, grupo de produ\u00e7\u00e3o que se re\u00fane semanalmente no ateli\u00ea do Grafat\u00f3rio. Segue explorando novas m\u00eddias e, sempre que poss\u00edvel, as misturando.<\/p>\n<h4>Data e hor\u00e1rio<\/h4>\n<p>Dias <strong>15 e 16 de mar\u00e7o<\/strong>, das 9h \u00e0s 12h no s\u00e1bado (15) e das 14h \u00e0s 18h no domingo (16).<br \/>\n<em>As inscri\u00e7\u00f5es para essa atividade se encerram no dia 13 de mar\u00e7o \u00e0s 18h00.<\/em><\/p>\n<h4>Local<\/h4>\n<p>Grafat\u00f3rio \u2013 rua Mossor\u00f3, 483, Londrina-PR<\/p>\n<h4>Vagas sociais<\/h4>\n<\/div>\n<p><em>Tem interesse na oficina mas n\u00e3o tem condi\u00e7\u00f5es de pagar?<\/em>\u00a0<a href=\"https:\/\/docs.google.com\/forms\/d\/e\/1FAIpQLSfebzPL9WAeb_sGavjYWbOiZaurd7u1ijU1thcWSFIRYqSf5g\/viewform?usp=dialog\" target=\"_blank\" rel=\"noopener\">Acesse aqui o formul\u00e1rio para se candidatar\u00a0a uma <strong>vaga social<\/strong>!<\/a> Ser\u00e3o ofertadas 2 bolsas integrais.<\/p>\n<p><!--<button><a href=\"https:\/\/docs.google.com\/forms\/d\/e\/1FAIpQLSecIibf7ldZIapWjC1CB21XsnzcTodYa7i4RClT7ZWahw3PsQ\/viewform?usp=sf_link\" target=\"_blank\" rel=\"noopener\">Lista de espera<\/a><\/button>--><\/p>\n","protected":false},"featured_media":5309,"template":"","meta":[],"product_brand":[],"product_cat":[22],"product_tag":[],"class_list":{"0":"post-5285","1":"product","2":"type-product","3":"status-publish","4":"has-post-thumbnail","6":"product_cat-atividades","8":"first","9":"outofstock","10":"featured","11":"virtual","12":"sold-individually","13":"purchasable","14":"product-type-simple"},"_links":{"self":[{"href":"https:\/\/grafatorio.com\/site\/wp-json\/wp\/v2\/product\/5285","targetHints":{"allow":["GET"]}}],"collection":[{"href":"https:\/\/grafatorio.com\/site\/wp-json\/wp\/v2\/product"}],"about":[{"href":"https:\/\/grafatorio.com\/site\/wp-json\/wp\/v2\/types\/product"}],"wp:featuredmedia":[{"embeddable":true,"href":"https:\/\/grafatorio.com\/site\/wp-json\/wp\/v2\/media\/5309"}],"wp:attachment":[{"href":"https:\/\/grafatorio.com\/site\/wp-json\/wp\/v2\/media?parent=5285"}],"wp:term":[{"taxonomy":"product_brand","embeddable":true,"href":"https:\/\/grafatorio.com\/site\/wp-json\/wp\/v2\/product_brand?post=5285"},{"taxonomy":"product_cat","embeddable":true,"href":"https:\/\/grafatorio.com\/site\/wp-json\/wp\/v2\/product_cat?post=5285"},{"taxonomy":"product_tag","embeddable":true,"href":"https:\/\/grafatorio.com\/site\/wp-json\/wp\/v2\/product_tag?post=5285"}],"curies":[{"name":"wp","href":"https:\/\/api.w.org\/{rel}","templated":true}]}}