{"id":5176,"date":"2024-09-13T09:00:24","date_gmt":"2024-09-13T12:00:24","guid":{"rendered":"https:\/\/grafatorio.com\/site\/?post_type=product&#038;p=5176"},"modified":"2025-10-29T18:15:59","modified_gmt":"2025-10-29T21:15:59","slug":"foucault-na-california","status":"publish","type":"product","link":"https:\/\/grafatorio.com\/site\/produto\/foucault-na-california\/","title":{"rendered":"Foucault na Calif\u00f3rnia \u2013 Simeon Wade"},"content":{"rendered":"<p>Michel Foucault tomou LSD pela primeira vez em uma viagem \u00e0 Calif\u00f3rnia, em 1975. No epicentro da contracultura, o fil\u00f3sofo franc\u00eas foi levado ao Vale da Morte por Simeon Wade, um amigo rec\u00e9m-descoberto que lhe apresentou o \u00e1cido lis\u00e9rgico em meio a uma paisagem \u00e1rida e cinematogr\u00e1fica. A viagem foi transformadora \u2013 Foucault costumava dizer que a experi\u00eancia com o LSD teria sido um dos acontecimentos mais marcantes de toda sua vida. Uma experi\u00eancia com consequ\u00eancias subjetivas e filos\u00f3ficas, que coincide com o interesse de Foucault pelas chamadas &#8220;t\u00e9cnicas de si&#8221; e pela &#8220;est\u00e9tica da exist\u00eancia&#8221;.<\/p>\n<p>Essa hist\u00f3ria real sobre estados alterados de consci\u00eancia, amizade e rela\u00e7\u00f5es especulativas est\u00e1 narrada em detalhes lis\u00e9rgicos no livro <em>Foucault na Calif\u00f3rnia<\/em>, depoimento gonzo escrito por Simeon Wade e publicada no Brasil em uma parceria da Grafat\u00f3rio Edi\u00e7\u00f5es com a editora Elefante.<\/p>\n<p>A narrativa de Wade, entusiasmada pelo pensamento de Foucault e pelo encontro com o fil\u00f3sofo, funciona tamb\u00e9m como uma esp\u00e9cie de introdu\u00e7\u00e3o \u00e0s suas ideias, e que interessa inclusive a leitores n\u00e3o iniciados em sua obra. \u00a0Al\u00e9m do texto de Wade, a edi\u00e7\u00e3o traz\u00a0 ainda cartas trocadas entre os dois ap\u00f3s a passagem de Foucault pelos EUA, al\u00e9m de textos complementares assinados pelos tradutores Julio Delmanto e Felipe Melhado, pela escritora que descobriu o livro, Heather Dundas, e pelos pesquisadores Tony Hara e Antonio Pele.<\/p>\n<p>Esta edi\u00e7\u00e3o especial de <em>Foucault na Calif\u00f3rnia<\/em> tamb\u00e9m apresenta fotos de Foucault e Wade no Vale da Morte, impressas com psicod\u00e9licas cores fl\u00faor, em um projeto gr\u00e1fico de Pablo Blanco.<\/p>\n<p><strong>Sobre o autor<\/strong><\/p>\n<p>Simeon Wade nasceu em 22 de julho de 1940, no Alabama, Estados Unidos. Ap\u00f3s obter seu doutorado em hist\u00f3ria intelectual da civiliza\u00e7\u00e3o ocidental na Universidade de Harvard, em 1970, mudou-se para a Calif\u00f3rnia e se tornou professor assistente na Claremont Graduate School. Depois, foi professor em diversas universidades do sul da Calif\u00f3rnia e trabalhou como enfermeiro psiqui\u00e1trico. Morreu em Oxnard, Calif\u00f3rnia, em 3 de outubro de 2017.<\/p>\n","protected":false},"excerpt":{"rendered":"<p><em>Tiragem<\/em>\u20032000 exemplares<br \/>\n<em>Pap\u00e9is\u2003<\/em>Papel cart\u00e3o, P\u00f3len bold e caderno de fotos em Couch\u00ea<br \/>\n<em>Impress\u00e3o\u2003<\/em>Offset com cores especiais fluorescentes<br \/>\n<em>Encaderna\u00e7\u00e3o\u2003<\/em>Costura de caderno<\/p>\n","protected":false},"featured_media":5178,"template":"","meta":[],"product_brand":[],"product_cat":[25],"product_tag":[],"class_list":{"0":"post-5176","1":"product","2":"type-product","3":"status-publish","4":"has-post-thumbnail","6":"product_cat-produtos","7":"product_shipping_class-livros","9":"first","10":"instock","11":"featured","12":"shipping-taxable","13":"purchasable","14":"product-type-simple"},"_links":{"self":[{"href":"https:\/\/grafatorio.com\/site\/wp-json\/wp\/v2\/product\/5176","targetHints":{"allow":["GET"]}}],"collection":[{"href":"https:\/\/grafatorio.com\/site\/wp-json\/wp\/v2\/product"}],"about":[{"href":"https:\/\/grafatorio.com\/site\/wp-json\/wp\/v2\/types\/product"}],"wp:featuredmedia":[{"embeddable":true,"href":"https:\/\/grafatorio.com\/site\/wp-json\/wp\/v2\/media\/5178"}],"wp:attachment":[{"href":"https:\/\/grafatorio.com\/site\/wp-json\/wp\/v2\/media?parent=5176"}],"wp:term":[{"taxonomy":"product_brand","embeddable":true,"href":"https:\/\/grafatorio.com\/site\/wp-json\/wp\/v2\/product_brand?post=5176"},{"taxonomy":"product_cat","embeddable":true,"href":"https:\/\/grafatorio.com\/site\/wp-json\/wp\/v2\/product_cat?post=5176"},{"taxonomy":"product_tag","embeddable":true,"href":"https:\/\/grafatorio.com\/site\/wp-json\/wp\/v2\/product_tag?post=5176"}],"curies":[{"name":"wp","href":"https:\/\/api.w.org\/{rel}","templated":true}]}}