{"id":4918,"date":"2023-12-12T14:40:14","date_gmt":"2023-12-12T17:40:14","guid":{"rendered":"https:\/\/grafatorio.com\/site\/?post_type=product&#038;p=4918"},"modified":"2026-01-12T19:20:32","modified_gmt":"2026-01-12T22:20:32","slug":"molhados-e-escorregadios-layse-barnabe","status":"publish","type":"product","link":"https:\/\/grafatorio.com\/site\/produto\/molhados-e-escorregadios-layse-barnabe\/","title":{"rendered":"Molhados &#038; Escorregadios \u2013 Layse&nbsp;Barnab\u00e9&nbsp;de&nbsp;Moraes"},"content":{"rendered":"<p><em>Molhados &amp; Escorregadios<\/em> \u00e9 o livro de estreia da escritora Layse Barnab\u00e9 de Moraes. S\u00e3o 29 poemas, todos eles atravessados pela imagem da \u00e1gua enquanto met\u00e1fora m\u00faltipla da vida, do feminino, da passagem do tempo e da imperman\u00eancia. Os textos convidam o leitor a um mergulho: nos rios da inf\u00e2ncia que nos perseguem mesmo em terra firme, na sina tra\u00e7ada no ventre materno, na mem\u00f3ria e no futuro, na maldi\u00e7\u00e3o e na cura. A obra traz um lirismo ing\u00eanuo e c\u00e9tico ao mesmo tempo, que \u00e0s vezes \u00e9 eloquente at\u00e9 faltar o f\u00f4lego e outras vezes \u00e9 m\u00ednimo, direto. Em ambos os casos, o livro se mant\u00e9m fiel \u00e0 abertura e ao encontro com o outro, mas, principalmente, ao compromisso em deixar a linguagem escorrer, fazendo dela margem e possibilidade.<\/p>\n<p>Quem assina a orelha da edi\u00e7\u00e3o \u00e9 a escritora Mar Becker, finalista do Pr\u00eamio Jabuti 2021 na categoria Poesia: \u201cEm <em>Molhados &amp; Escorregadios<\/em>, Layse Barnab\u00e9 de Moraes encara o \u2018medo de ter coragem\u2019, atravessa-o e se lan\u00e7a \u00e0 feitura de uma po\u00e9tica vigorosa, \u00famida e feroz como a vida, como deve ser o chamado para que n\u00f3s mulheres tomemos parte de nossos pr\u00f3prios corpos. Com ela, vemos rebelarem-se as meninas que fomos, por vezes numa \u2018solid\u00e3o filha \u00fanica\u2019, e nos damos conta de que no fundo uma mulher s\u00e3o muitas\u201d, escreve Mar na orelha do livro. \u201cLayse nos p\u00f5e a explorar os desv\u00e3os da l\u00edngua, ali onde os limites do dizer s\u00e3o postos \u00e0 prova e algo maior (mist\u00e9rio, cintil\u00e2ncia?) nos escapa. A \u00e1gua, nesse sentido, torna-se ela mesma uma escola, com todo o seu visgo, seu poder de adaptabilidade e infiltra\u00e7\u00e3o\u201d, completa.<\/p>\n<p>O livro traz desenhos de Carolinaa Sanches, projeto gr\u00e1fico de Gabriela Campaner e Pablo Blanco e edi\u00e7\u00e3o de Felipe Melhado. Os exemplares foram costurados artesanalmente por Let\u00edcia Albanez, e t\u00eam acabamentos do tip\u00f3grafo Silvio Valduga.<\/p>\n<p><strong>Sobre a autora<\/strong><\/p>\n<p>Layse Barnab\u00e9 de Moraes \u00e9 jornalista, escritora, mestra em Estudos Liter\u00e1rios e doutora em Letras pela Universidade Estadual de Londrina. Em sua pesquisa mais recente, estudou a po\u00e9tica da cura na literatura contempor\u00e2nea escrita por mulheres. Desde 2015 ministra oficinas de escrita, com destaque para o projeto <em>Escrita e cura: oficinas de cria\u00e7\u00e3o liter\u00e1ria para mulheres<\/em>. J\u00e1 publicou textos liter\u00e1rios e artigos em diversas antologias, jornais e revistas. \u00c9 autora do e-book <em>Pequeno Manual de Escrita Afetiva<\/em> e organizadora do e-book <em>Uma Vontade Enorme de Gritar<\/em>.<\/p>\n","protected":false},"excerpt":{"rendered":"<p><em>Tiragem<\/em>\u2003600 exemplares<br \/>\n<em>Pap\u00e9is\u2003<\/em>Markatto Stile,\u00a0P\u00f3len Bold e Vegetal<br \/>\n<em>Impress\u00e3o\u2003<\/em>Offset com cores especiais<br \/>\n<em>Encaderna\u00e7\u00e3o\u2003<\/em>Costura artesanal<\/p>\n","protected":false},"featured_media":4987,"template":"","meta":[],"product_brand":[],"product_cat":[25],"product_tag":[],"class_list":{"0":"post-4918","1":"product","2":"type-product","3":"status-publish","4":"has-post-thumbnail","6":"product_cat-produtos","7":"product_shipping_class-livros","9":"first","10":"instock","11":"shipping-taxable","12":"purchasable","13":"product-type-simple"},"_links":{"self":[{"href":"https:\/\/grafatorio.com\/site\/wp-json\/wp\/v2\/product\/4918","targetHints":{"allow":["GET"]}}],"collection":[{"href":"https:\/\/grafatorio.com\/site\/wp-json\/wp\/v2\/product"}],"about":[{"href":"https:\/\/grafatorio.com\/site\/wp-json\/wp\/v2\/types\/product"}],"wp:featuredmedia":[{"embeddable":true,"href":"https:\/\/grafatorio.com\/site\/wp-json\/wp\/v2\/media\/4987"}],"wp:attachment":[{"href":"https:\/\/grafatorio.com\/site\/wp-json\/wp\/v2\/media?parent=4918"}],"wp:term":[{"taxonomy":"product_brand","embeddable":true,"href":"https:\/\/grafatorio.com\/site\/wp-json\/wp\/v2\/product_brand?post=4918"},{"taxonomy":"product_cat","embeddable":true,"href":"https:\/\/grafatorio.com\/site\/wp-json\/wp\/v2\/product_cat?post=4918"},{"taxonomy":"product_tag","embeddable":true,"href":"https:\/\/grafatorio.com\/site\/wp-json\/wp\/v2\/product_tag?post=4918"}],"curies":[{"name":"wp","href":"https:\/\/api.w.org\/{rel}","templated":true}]}}