{"id":4715,"date":"2023-10-09T23:59:53","date_gmt":"2023-10-10T02:59:53","guid":{"rendered":"https:\/\/grafatorio.com\/site\/?post_type=product&#038;p=4715"},"modified":"2026-01-12T19:20:32","modified_gmt":"2026-01-12T22:20:32","slug":"ficcoes-completas","status":"publish","type":"product","link":"https:\/\/grafatorio.com\/site\/produto\/ficcoes-completas\/","title":{"rendered":"Fic\u00e7\u00f5es Completas \u2013 Arnaldo Baptista"},"content":{"rendered":"<p><em>Fic\u00e7\u00f5es Completas<\/em> re\u00fane toda a obra ficcional escrita por Arnaldo Dias Baptista \u2013 o ex-l\u00edder da lend\u00e1ria banda Os Mutantes, com uma igualmente brilhante carreira solo na m\u00fasica e nas artes pl\u00e1sticas, agora mostra toda sua inventividade tamb\u00e9m na cria\u00e7\u00e3o liter\u00e1ria.<\/p>\n<p>S\u00e3o tr\u00eas textos de fic\u00e7\u00e3o cient\u00edfica escritos nos anos 1970, mas que s\u00e3o surpreendentemente atuais: <em>O Abrigo<\/em>, conto com reviravoltas metaf\u00edsicas que narra a fuga de um Planeta Terra tornado inabit\u00e1vel; <em>The Moonshiners<\/em>, conto escrito originalmente em ingl\u00eas, retratando o encontro entre dois humanos e duas alien\u00edgenas que formam uma esp\u00e9cie de comuna<em> flower power<\/em> interplanet\u00e1ria; e, finalmente, <em>Rebelde Entre os Rebeldes<\/em>, uma novela de contornos \u00e9picos, com col\u00f4nias e batalhas espaciais, e que desenvolve de maneira mais clara as preocupa\u00e7\u00f5es filos\u00f3ficas, m\u00edsticas, \u00e9ticas e est\u00e9ticas de Arnaldo.<\/p>\n<p>Dos tr\u00eas textos, apenas <em>Rebelde Entre os Rebeldes<\/em> j\u00e1 havia sido publicado em livro anteriormente. No entanto, a vers\u00e3o presente em<em> Fic\u00e7\u00f5es Completa<\/em>s \u00e9 radicalmente diferente, sem grandes interfer\u00eancias editoriais, conservando as caracter\u00edsticas singulares presentes nos manuscritos originais de Arnaldo.<\/p>\n<p><em>Fic\u00e7\u00f5es Completas<\/em> \u00e9 o d\u00e9cimo terceiro livro da Grafat\u00f3rio Edi\u00e7\u00f5es. Uma edi\u00e7\u00e3o especial, com projeto gr\u00e1fico de Pablo Blanco, edi\u00e7\u00e3o de Felipe Melhado, e que conta com ilustra\u00e7\u00f5es criadas por um personagem do livro: o supercomputador Hor\u00e1cio, a intelig\u00eancia artificial que comanda a nave-lua Phobos. A edi\u00e7\u00e3o tamb\u00e9m inclui dois textos complementares: um pref\u00e1cio escrito pelo jornalista, bi\u00f3grafo e cr\u00edtico cultural Jotab\u00ea Medeiros; e um posf\u00e1cio, escrito pelos pesquisadores Andr\u00e9 Ara\u00fajo e Fernando Silva e Silva.<\/p>\n<p><strong>Sobre o livro<br \/>\n<\/strong><br \/>\n\u201cNessas hist\u00f3rias de Arnaldo, mundos morrem, mundos nascem, entram em colapso e morrem de novo. Os textos se valem de um delicioso hibridismo de dramaturgia, recheado de informa\u00e7\u00f5es t\u00e9cnicas automobil\u00edsticas, sociol\u00f3gicas, esgares da linguagem de consumo, cultura pop e manuais t\u00e9cnicos de linha de montagem. O autor desenvolve um ritmo narrativo que encontra raros pontos de compara\u00e7\u00e3o com o que j\u00e1 existe na literatura brasileira\u201d. \u2013 <em>Jotab\u00ea Medeiros<\/em><\/p>\n<p>\u201cAs fic\u00e7\u00f5es de Arnaldo Baptista est\u00e3o muito ligadas ao momento em que foram criadas: meados dos anos 1970, per\u00edodo em que a cultura, e mais especificamente a fic\u00e7\u00e3o cient\u00edfica, passavam por grandes transforma\u00e7\u00f5es no mundo e no Brasil. Nas tr\u00eas hist\u00f3rias, vemos algumas maneiras com que uma gera\u00e7\u00e3o, marcada pela insatisfa\u00e7\u00e3o com certos valores tradicionais, foi capaz de especular e sonhar com uma reinven\u00e7\u00e3o pol\u00edtica, cultural, tecnol\u00f3gica e subjetiva. A fic\u00e7\u00e3o cient\u00edfica, com sua longa hist\u00f3ria e a liberdade imaginativa que a caracteriza, foi onde Arnaldo p\u00f4de ensaiar, para al\u00e9m de suas c\u00e9lebres inven\u00e7\u00f5es musicais, uma reflex\u00e3o instigante sobre as possibilidades e os impasses da cria\u00e7\u00e3o de novos mundos\u201d \u2013<em> Andr\u00e9 Ara\u00fajo e Fernando Silva e Silva<\/em><\/p>\n<p><strong>Sobre o autor<\/strong><\/p>\n<p>Arnaldo Dias Baptista \u00e9 multi-instrumentista, compositor, escritor e artista visual. Fundou a banda Os Mutantes no final dos anos 60, da qual saiu em 1973. No decorrer de sua carreira, comp\u00f4s mais seis \u00e1lbuns solos. Come\u00e7ou a escrever tamb\u00e9m nos anos 70, incluindo os tr\u00eas textos presentes em Fic\u00e7\u00f5es Completas. Entre os anos 80 e 90, escreve, \u00e0 m\u00e3o, reflex\u00f5es em forma de di\u00e1rios, resultando em dez cadernos ainda in\u00e9ditos. Arnaldo passa a pintar mais intensamente a partir dos anos 80, tendo suas obras selecionadas destacadas na galeria virtual arnaldodiasbaptista.com.br.<\/p>\n","protected":false},"excerpt":{"rendered":"<p><em>Tiragem<\/em>\u20031000 exemplares<br \/>\n<em>Papel<\/em>\u2003Papel cart\u00e3o com l\u00e2mina metalizada e P\u00f3len bold<br \/>\n<em>Impress\u00e3o\u2003<\/em>Serigrafia e offset em cores especiais<br \/>\n<em>Encaderna\u00e7\u00e3o\u2003<\/em>Costura de caderno, faca especial<\/p>\n","protected":false},"featured_media":4867,"template":"","meta":[],"product_brand":[],"product_cat":[25],"product_tag":[],"class_list":{"0":"post-4715","1":"product","2":"type-product","3":"status-publish","4":"has-post-thumbnail","6":"product_cat-produtos","7":"product_shipping_class-livros","9":"first","10":"instock","11":"featured","12":"shipping-taxable","13":"purchasable","14":"product-type-simple"},"_links":{"self":[{"href":"https:\/\/grafatorio.com\/site\/wp-json\/wp\/v2\/product\/4715","targetHints":{"allow":["GET"]}}],"collection":[{"href":"https:\/\/grafatorio.com\/site\/wp-json\/wp\/v2\/product"}],"about":[{"href":"https:\/\/grafatorio.com\/site\/wp-json\/wp\/v2\/types\/product"}],"wp:featuredmedia":[{"embeddable":true,"href":"https:\/\/grafatorio.com\/site\/wp-json\/wp\/v2\/media\/4867"}],"wp:attachment":[{"href":"https:\/\/grafatorio.com\/site\/wp-json\/wp\/v2\/media?parent=4715"}],"wp:term":[{"taxonomy":"product_brand","embeddable":true,"href":"https:\/\/grafatorio.com\/site\/wp-json\/wp\/v2\/product_brand?post=4715"},{"taxonomy":"product_cat","embeddable":true,"href":"https:\/\/grafatorio.com\/site\/wp-json\/wp\/v2\/product_cat?post=4715"},{"taxonomy":"product_tag","embeddable":true,"href":"https:\/\/grafatorio.com\/site\/wp-json\/wp\/v2\/product_tag?post=4715"}],"curies":[{"name":"wp","href":"https:\/\/api.w.org\/{rel}","templated":true}]}}