{"id":4634,"date":"2023-07-31T19:09:33","date_gmt":"2023-07-31T22:09:33","guid":{"rendered":"https:\/\/grafatorio.com\/site\/?post_type=product&#038;p=4634"},"modified":"2025-10-29T18:15:59","modified_gmt":"2025-10-29T21:15:59","slug":"cartaz-lets-plant-trees-on-mars","status":"publish","type":"product","link":"https:\/\/grafatorio.com\/site\/produto\/cartaz-lets-plant-trees-on-mars\/","title":{"rendered":"Cartaz Let&#8217;s Plant Trees on Mars"},"content":{"rendered":"<p>Se algo da Terra precisasse colonizar os outros planetas, talvez a melhor escolha n\u00e3o fosse os humanos, mas sim os vegetais. Este cartaz serigr\u00e1fico, impresso em duas cores, \u00e9 uma releitura de um cartaz concebido pelo poeta japon\u00eas Nanao Sakaki nos anos 1970.\u00a0 Com tiragem limitada e design de Gabriel Lemes, o trabalho revisita uma ideia de Nanao Sakaki que parece ganhar ainda mais sentido no presente.<\/p>\n","protected":false},"excerpt":{"rendered":"<p><em>Papel<\/em>\u2003Markatto Edition 200 g\/m\u00b2<br \/>\n<em>Impress\u00e3o\u2003<\/em>Serigrafia duas cores<br \/>\n<em>Dimens\u00f5es<\/em>\u200329,7\u00d742cm<br \/>\n<em>Design<\/em>\u2003Gabriel Lemes<\/p>\n<p>&nbsp;<\/p>\n","protected":false},"featured_media":4637,"template":"","meta":[],"product_brand":[],"product_cat":[25],"product_tag":[],"class_list":{"0":"post-4634","1":"product","2":"type-product","3":"status-publish","4":"has-post-thumbnail","6":"product_cat-produtos","8":"first","9":"instock","10":"shipping-taxable","11":"purchasable","12":"product-type-simple"},"_links":{"self":[{"href":"https:\/\/grafatorio.com\/site\/wp-json\/wp\/v2\/product\/4634","targetHints":{"allow":["GET"]}}],"collection":[{"href":"https:\/\/grafatorio.com\/site\/wp-json\/wp\/v2\/product"}],"about":[{"href":"https:\/\/grafatorio.com\/site\/wp-json\/wp\/v2\/types\/product"}],"wp:featuredmedia":[{"embeddable":true,"href":"https:\/\/grafatorio.com\/site\/wp-json\/wp\/v2\/media\/4637"}],"wp:attachment":[{"href":"https:\/\/grafatorio.com\/site\/wp-json\/wp\/v2\/media?parent=4634"}],"wp:term":[{"taxonomy":"product_brand","embeddable":true,"href":"https:\/\/grafatorio.com\/site\/wp-json\/wp\/v2\/product_brand?post=4634"},{"taxonomy":"product_cat","embeddable":true,"href":"https:\/\/grafatorio.com\/site\/wp-json\/wp\/v2\/product_cat?post=4634"},{"taxonomy":"product_tag","embeddable":true,"href":"https:\/\/grafatorio.com\/site\/wp-json\/wp\/v2\/product_tag?post=4634"}],"curies":[{"name":"wp","href":"https:\/\/api.w.org\/{rel}","templated":true}]}}