{"id":4565,"date":"2023-05-23T16:08:04","date_gmt":"2023-05-23T19:08:04","guid":{"rendered":"https:\/\/grafatorio.com\/site\/?post_type=product&#038;p=4565"},"modified":"2025-02-27T19:22:18","modified_gmt":"2025-02-27T22:22:18","slug":"proliferar-desobediencias","status":"publish","type":"product","link":"https:\/\/grafatorio.com\/site\/produto\/proliferar-desobediencias\/","title":{"rendered":"Proliferar desobedi\u00eancias: <\/br>publica\u00e7\u00e3o como a\u00e7\u00e3o direta"},"content":{"rendered":"","protected":false},"excerpt":{"rendered":"<h4>Descri\u00e7\u00e3o<\/h4>\n<p>Nesta oficina, os membros da editora Monstro dos Mares (Ponta Grossa-PR), compartilham seus m\u00e9todos guerrilheiros de publica\u00e7\u00e3o, partindo da ideia de que o livro artesanal e o zine s\u00e3o formas de a\u00e7\u00e3o direta.<\/p>\n<p>Criada nos contextos turbulentos de junho de 2013, e portanto celebrando dez anos de exist\u00eancia, a Monstro dos Mares publica textos sobre anarquia e epistemologias dissidentes do s\u00e9culo 21: teoria queer, feminismos, giro decolonial, anticiviliza\u00e7\u00e3o, cultura hacker, entre outros. Seus livros, de baixo ou baix\u00edssimo custo, s\u00e3o produzidos em risografia e xerox.<\/p>\n<p>Iniciando com uma conversa sobre o contexto hist\u00f3rico de 2013, a atividade formativa ir\u00e1 compartilhar a experi\u00eancia da Monstro em editar publica\u00e7\u00f5es de forma aut\u00f4noma e estabelecendo coer\u00eancia entre linha editorial, design, produ\u00e7\u00e3o gr\u00e1fica e distribui\u00e7\u00e3o. Um chamado para proliferar desobedi\u00eancias.<\/p>\n<div class=\"woocommerce-product-details__short-description\">\n<h4>Ministrantes<\/h4>\n<p>Abobrinha e Baderna James \u2013 <a href=\"https:\/\/monstrodosmares.com.br\">editora Monstro dos Mares<\/a><\/p>\n<h4>Data e hor\u00e1rio<\/h4>\n<p>Dia\u00a0<strong>3 de junho<\/strong>, \u00a09h \u00e0s 13h.<br \/>\n<em>As inscri\u00e7\u00f5es para essa atividade se encerram no dia 1 de junho \u00e0s 18h00.<\/em><\/p>\n<h4>Local<\/h4>\n<p>Grafat\u00f3rio \u2013 rua Mossor\u00f3, 483. Londrina-PR<\/p>\n<h4>Vagas sociais<\/h4>\n<\/div>\n<p><em>Tem interesse na oficina mas n\u00e3o tem condi\u00e7\u00f5es de pagar?<\/em>\u00a0<a href=\"https:\/\/docs.google.com\/forms\/d\/e\/1FAIpQLScEogyMkcxNNokbCDMio-LxOZmBnmmhoCsbBmRE_OImtltXnA\/viewform?usp=sf_link\">Acesse aqui o formul\u00e1rio para se candidatar\u00a0a uma <strong>vaga social<\/strong>!<\/a> Ser\u00e3o ofertadas 2 bolsas integrais.<\/p>\n<p><button><a href=\"https:\/\/docs.google.com\/forms\/d\/e\/1FAIpQLSdM2dMhUNsgtXgDZseWl1sLtC2oVOIIHC-YEc1zcVvmZT3EIg\/viewform?usp=sf_link\" target=\"_blank\" rel=\"noopener\">Lista de espera<\/a><\/button><\/p>\n","protected":false},"featured_media":4567,"template":"","meta":[],"product_brand":[],"product_cat":[22],"product_tag":[],"class_list":{"0":"post-4565","1":"product","2":"type-product","3":"status-publish","4":"has-post-thumbnail","6":"product_cat-atividades","8":"first","9":"outofstock","10":"virtual","11":"sold-individually","12":"purchasable","13":"product-type-simple"},"_links":{"self":[{"href":"https:\/\/grafatorio.com\/site\/wp-json\/wp\/v2\/product\/4565","targetHints":{"allow":["GET"]}}],"collection":[{"href":"https:\/\/grafatorio.com\/site\/wp-json\/wp\/v2\/product"}],"about":[{"href":"https:\/\/grafatorio.com\/site\/wp-json\/wp\/v2\/types\/product"}],"wp:featuredmedia":[{"embeddable":true,"href":"https:\/\/grafatorio.com\/site\/wp-json\/wp\/v2\/media\/4567"}],"wp:attachment":[{"href":"https:\/\/grafatorio.com\/site\/wp-json\/wp\/v2\/media?parent=4565"}],"wp:term":[{"taxonomy":"product_brand","embeddable":true,"href":"https:\/\/grafatorio.com\/site\/wp-json\/wp\/v2\/product_brand?post=4565"},{"taxonomy":"product_cat","embeddable":true,"href":"https:\/\/grafatorio.com\/site\/wp-json\/wp\/v2\/product_cat?post=4565"},{"taxonomy":"product_tag","embeddable":true,"href":"https:\/\/grafatorio.com\/site\/wp-json\/wp\/v2\/product_tag?post=4565"}],"curies":[{"name":"wp","href":"https:\/\/api.w.org\/{rel}","templated":true}]}}