{"id":4362,"date":"2022-12-17T12:48:28","date_gmt":"2022-12-17T15:48:28","guid":{"rendered":"https:\/\/grafatorio.com\/site\/?post_type=product&#038;p=4362"},"modified":"2025-01-22T15:56:40","modified_gmt":"2025-01-22T18:56:40","slug":"calendario2023","status":"publish","type":"product","link":"https:\/\/grafatorio.com\/site\/produto\/calendario2023\/","title":{"rendered":"Calend\u00e1rio Acasos Solares 2023"},"content":{"rendered":"<p><em>Acasos Solares 2023<\/em> \u00e9 um calend\u00e1rio composto por sujeitos que iluminam o nosso caminho, e que nasceram no mesmo dia.<\/p>\n<p>Por exemplo: Frank O&#8217;Hara e Jaider Esbell (27 de mar\u00e7o), Ad\u00edlia Lopes\u00a0 e Augusto dos Anjos (20 de abril),\u00a0 Ailton Krenak e Pl\u00ednio Marcos (29 de setembro),\u00a0 Maradona e Paul Val\u00e9ry (30 de novembro).<\/p>\n<p>A cada m\u00eas deste calend\u00e1rio, um acaso\u00a0 salta os olhos em textos e imagens. Por exemplo: o traje de ver\u00e3o de Fl\u00e1vio de Carvalho com uma m\u00e1xima de Jo\u00e3o do Rio (em agosto), uma cita\u00e7\u00e3o de Ana Primavesi avizinhando um poema de e.e. cummings (em outubro), uma letra de Alzira E com um poema visual de Ricardo Aleixo (em setembro).<\/p>\n<p><em>Acasos Solares<\/em> \u00e9 um projeto da \u0116 Selo de L\u00edngua em parceria com a Grafat\u00f3rio Edi\u00e7\u00f5es para um ano mais solar.<\/p>\n","protected":false},"excerpt":{"rendered":"<p><em>Pap\u00e9is<\/em>\u2003Color Plus e P\u00f3len Bold<br \/>\n<em>Impress\u00e3o\u2003<\/em>Offset em 3 cores especiais<br \/>\n<em>Encaderna\u00e7\u00e3o<\/em>\u2003Grampo, serrilha e furo<br \/>\n<em>Dimens\u00f5es<\/em>\u200314,5\u00d731,5cm<\/p>\n","protected":false},"featured_media":4367,"template":"","meta":[],"product_brand":[],"product_cat":[25],"product_tag":[],"class_list":{"0":"post-4362","1":"product","2":"type-product","3":"status-publish","4":"has-post-thumbnail","6":"product_cat-produtos","7":"product_shipping_class-livros","9":"first","10":"outofstock","11":"sale","12":"featured","13":"shipping-taxable","14":"purchasable","15":"product-type-simple"},"_links":{"self":[{"href":"https:\/\/grafatorio.com\/site\/wp-json\/wp\/v2\/product\/4362","targetHints":{"allow":["GET"]}}],"collection":[{"href":"https:\/\/grafatorio.com\/site\/wp-json\/wp\/v2\/product"}],"about":[{"href":"https:\/\/grafatorio.com\/site\/wp-json\/wp\/v2\/types\/product"}],"wp:featuredmedia":[{"embeddable":true,"href":"https:\/\/grafatorio.com\/site\/wp-json\/wp\/v2\/media\/4367"}],"wp:attachment":[{"href":"https:\/\/grafatorio.com\/site\/wp-json\/wp\/v2\/media?parent=4362"}],"wp:term":[{"taxonomy":"product_brand","embeddable":true,"href":"https:\/\/grafatorio.com\/site\/wp-json\/wp\/v2\/product_brand?post=4362"},{"taxonomy":"product_cat","embeddable":true,"href":"https:\/\/grafatorio.com\/site\/wp-json\/wp\/v2\/product_cat?post=4362"},{"taxonomy":"product_tag","embeddable":true,"href":"https:\/\/grafatorio.com\/site\/wp-json\/wp\/v2\/product_tag?post=4362"}],"curies":[{"name":"wp","href":"https:\/\/api.w.org\/{rel}","templated":true}]}}