{"id":4342,"date":"2022-11-03T17:20:17","date_gmt":"2022-11-03T20:20:17","guid":{"rendered":"https:\/\/grafatorio.com\/site\/?post_type=product&#038;p=4342"},"modified":"2022-12-31T18:16:06","modified_gmt":"2022-12-31T21:16:06","slug":"escrever-e-esquecer","status":"publish","type":"product","link":"https:\/\/grafatorio.com\/site\/produto\/escrever-e-esquecer\/","title":{"rendered":"Escrever \u00e9 Esquecer \u2013 Fernando Pessoa"},"content":{"rendered":"<p><em>Escrever \u00e9 Esquecer<\/em> \u00e9 uma antologia de textos escritos por Fernando Pessoa e que tratam da pr\u00f3pria atividade da escrita. Neste livro, o poeta portugu\u00eas que criou m\u00faltiplos eus atrav\u00e9s das letras reflete de maneira labir\u00edntica sobre escrita e subjetividade, escrita e esquecimento, escrita e sensa\u00e7\u00e3o. S\u00e3o 25 textos extra\u00eddos do<em> Livro do Desassossego<\/em>, a grande obra inacabada de Pessoa,\u00a0 criada sob o heter\u00f4nimo de Bernardo Soares. Mas o livro traz um diferencial in\u00e9dito: os textos s\u00e3o atravessados por interfer\u00eancias gr\u00e1ficas feitas pelo pr\u00f3prio Pessoa, e que foram extra\u00eddas dos originais da obra. S\u00e3o rasuras feitas \u00e0 m\u00e3o ou \u00e0 m\u00e1quina de escrever, e que revelam as oscila\u00e7\u00f5es, vacila\u00e7\u00f5es, d\u00favidas e escolhas do autor. Dessa maneira, <em>Escrever \u00e9 Esquecer<\/em> tamb\u00e9m mostra um pouco do pr\u00f3prio processo de cria\u00e7\u00e3o de um dos maiores autores da l\u00edngua portuguesa. Al\u00e9m disso, a obra traz alguns fac-s\u00edmiles dos originais manuscritos por Pessoa, e que ficam semi-ocultos sobre as transpar\u00eancias das folhas (sendo que o leitor, se quiser, pode acess\u00e1-los rasgando as laterais das p\u00e1ginas).<\/p>\n<p>Pensado como livro-objeto, a obra explora diversos tipos de pap\u00e9is e uma encaderna\u00e7\u00e3o alternativa, feita manualmente. <em>Escrever \u00e9 Esquecer<\/em> teve organiza\u00e7\u00e3o do pesquisador hispano-argentino Diego Gim\u00e9nez, especialista na obra de Fernando Pessoa. Gim\u00e9nez \u00e9 doutor em Literatura e Pensamento pela Universidade de Barcelona, onde defendeu tese sobre o <em>Livro do Desassossego<\/em>. Atualmente \u00e9 pesquisador de p\u00f3s-doutorado do Centro de Literatura Portuguesa da Universidade de Coimbra, em Portugal, onde trabalha diretamente com os arquivos pessoanos.<\/p>\n<p><em>Escrever \u00e9 Esquecer<\/em> \u00e9 a d\u00e9cima primeira publica\u00e7\u00e3o da Grafat\u00f3rio Edi\u00e7\u00f5es, impressa na primavera de 2022. O livro foi editado por Felipe Melhado, teve design e produ\u00e7\u00e3o gr\u00e1fica de Pablo Blanco e Gustavo Andr\u00e9, e assist\u00eancia editorial de J\u00falia Bahls.<\/p>\n","protected":false},"excerpt":{"rendered":"<p><em>Tiragem<\/em>\u2003400 exemplares<br \/>\n<em>Papel<\/em>\u2003Flor Post, Autocopiativo, Color Plus, P\u00f3len, Vegetal e F Card<br \/>\n<em>Impress\u00e3o\u2003<\/em>Offset<br \/>\n<em>Encaderna\u00e7\u00e3o\u2003<\/em>Rebite<\/p>\n","protected":false},"featured_media":4343,"template":"","meta":[],"product_brand":[],"product_cat":[25],"product_tag":[],"class_list":{"0":"post-4342","1":"product","2":"type-product","3":"status-publish","4":"has-post-thumbnail","6":"product_cat-produtos","7":"product_shipping_class-livros","9":"first","10":"instock","11":"shipping-taxable","12":"purchasable","13":"product-type-simple"},"_links":{"self":[{"href":"https:\/\/grafatorio.com\/site\/wp-json\/wp\/v2\/product\/4342","targetHints":{"allow":["GET"]}}],"collection":[{"href":"https:\/\/grafatorio.com\/site\/wp-json\/wp\/v2\/product"}],"about":[{"href":"https:\/\/grafatorio.com\/site\/wp-json\/wp\/v2\/types\/product"}],"wp:featuredmedia":[{"embeddable":true,"href":"https:\/\/grafatorio.com\/site\/wp-json\/wp\/v2\/media\/4343"}],"wp:attachment":[{"href":"https:\/\/grafatorio.com\/site\/wp-json\/wp\/v2\/media?parent=4342"}],"wp:term":[{"taxonomy":"product_brand","embeddable":true,"href":"https:\/\/grafatorio.com\/site\/wp-json\/wp\/v2\/product_brand?post=4342"},{"taxonomy":"product_cat","embeddable":true,"href":"https:\/\/grafatorio.com\/site\/wp-json\/wp\/v2\/product_cat?post=4342"},{"taxonomy":"product_tag","embeddable":true,"href":"https:\/\/grafatorio.com\/site\/wp-json\/wp\/v2\/product_tag?post=4342"}],"curies":[{"name":"wp","href":"https:\/\/api.w.org\/{rel}","templated":true}]}}