{"id":4154,"date":"2021-12-20T18:00:21","date_gmt":"2021-12-20T21:00:21","guid":{"rendered":"https:\/\/grafatorio.com\/site\/?post_type=product&#038;p=4154"},"modified":"2022-03-10T21:36:42","modified_gmt":"2022-03-11T00:36:42","slug":"calendario2022","status":"publish","type":"product","link":"https:\/\/grafatorio.com\/site\/produto\/calendario2022\/","title":{"rendered":"Calend\u00e1rio Acasos Solares 2022"},"content":{"rendered":"<p>Acasos Solares 2022. Um calend\u00e1rio-colagem, uma publica\u00e7\u00e3o-or\u00e1culo.<\/p>\n<p>Um texto anual composto por nomes de artistas, pensadores e sujeitos experimentais que nasceram no mesmo dia. Por exemplo: Davi Kopenawa e Yoko Ono (18 de fevereiro); bell hooks e Roberto Piva (25 de setembro); Lanny Gordin e Matsuo Bash\u00f4 (28 de novembro).<\/p>\n<p>A cada m\u00eas deste calend\u00e1rio, um acaso solar salta os olhos: textos de Nietzsche, Pedro Lemebel, Diane di Prima, Patti Smith, Itamar Assump\u00e7\u00e3o, etc, entram em curto-circuito com obras de Lygia Clark, Joan Brossa, Valie Export, Lenora de Barros, entre outros.<\/p>\n<p>Acasos Solares \u00e9 um projeto da \u0116 Selo de L\u00edngua em parceria com a Grafat\u00f3rio Edi\u00e7\u00f5es. Apenas 200 exemplares.<\/p>\n","protected":false},"excerpt":{"rendered":"<p><em>Tiragem<\/em>\u2003200 exemplares<br \/>\n<em>Pap\u00e9is<\/em>\u2003F Card Scuro Laranja e P\u00f3len Bold<br \/>\n<em>Impress\u00e3o\u2003<\/em>Offset em 3 cores especiais<br \/>\n<em>Encaderna\u00e7\u00e3o<\/em>\u2003Grampo, serrilha e furo<br \/>\n<em>Dimens\u00f5es<\/em>\u200314,5\u00d731,5cm<\/p>\n","protected":false},"featured_media":4155,"template":"","meta":[],"product_brand":[],"product_cat":[25],"product_tag":[],"class_list":{"0":"post-4154","1":"product","2":"type-product","3":"status-publish","4":"has-post-thumbnail","6":"product_cat-produtos","7":"product_shipping_class-livros","9":"first","10":"outofstock","11":"shipping-taxable","12":"purchasable","13":"product-type-simple"},"_links":{"self":[{"href":"https:\/\/grafatorio.com\/site\/wp-json\/wp\/v2\/product\/4154","targetHints":{"allow":["GET"]}}],"collection":[{"href":"https:\/\/grafatorio.com\/site\/wp-json\/wp\/v2\/product"}],"about":[{"href":"https:\/\/grafatorio.com\/site\/wp-json\/wp\/v2\/types\/product"}],"wp:featuredmedia":[{"embeddable":true,"href":"https:\/\/grafatorio.com\/site\/wp-json\/wp\/v2\/media\/4155"}],"wp:attachment":[{"href":"https:\/\/grafatorio.com\/site\/wp-json\/wp\/v2\/media?parent=4154"}],"wp:term":[{"taxonomy":"product_brand","embeddable":true,"href":"https:\/\/grafatorio.com\/site\/wp-json\/wp\/v2\/product_brand?post=4154"},{"taxonomy":"product_cat","embeddable":true,"href":"https:\/\/grafatorio.com\/site\/wp-json\/wp\/v2\/product_cat?post=4154"},{"taxonomy":"product_tag","embeddable":true,"href":"https:\/\/grafatorio.com\/site\/wp-json\/wp\/v2\/product_tag?post=4154"}],"curies":[{"name":"wp","href":"https:\/\/api.w.org\/{rel}","templated":true}]}}