{"id":4104,"date":"2021-10-20T19:10:39","date_gmt":"2021-10-20T22:10:39","guid":{"rendered":"https:\/\/grafatorio.com\/site\/?post_type=product&#038;p=4104"},"modified":"2026-01-12T19:20:32","modified_gmt":"2026-01-12T22:20:32","slug":"poema-cartaz-morte","status":"publish","type":"product","link":"https:\/\/grafatorio.com\/site\/produto\/poema-cartaz-morte\/","title":{"rendered":"Poema-cartaz Morte"},"content":{"rendered":"<p>O primeiro poema-cartaz da Grafat\u00f3rio Edi\u00e7\u00f5es tem texto de autoria de Ademir Assun\u00e7\u00e3o! \u00c9 o poema &#8220;morte&#8221;, retirado do livro Um Nome Escrito no Vento, tamb\u00e9m lan\u00e7ado por n\u00f3s. O cartaz tem ilustra\u00e7\u00e3o de Zansky impressa manualmente em litografia indireta e texto impresso em tipografia. O papel termossens\u00edvel tem part\u00edculas que aparecem e desaparecem de acordo com a temperatura.<\/p>\n<p>Impress\u00e3o litogr\u00e1fica por Edson Vieira, Carolinaa Sanches, Felipe Melhado e Pablo Blanco. Composi\u00e7\u00e3o e impress\u00e3o tipogr\u00e1fica por Silvio Valduga e Pablo Blanco.<\/p>\n","protected":false},"excerpt":{"rendered":"<p>Ilustra\u00e7\u00e3o de Zansky a partir do poema \u201cMorte\u201c, de Admir Assun\u00e7\u00e3o.<\/p>\n<p><em>Papel<\/em>\u2003Keaykolour Cool Fire 250 g\/m\u00b2 (papel reciclado com part\u00edculas termocrom\u00e1ticas)<br \/>\n<em>Impress\u00e3o\u2003<\/em>Litografia e tipografia<br \/>\n<em>Dimens\u00f5es<\/em>\u200335\u00d750cm<\/p>\n","protected":false},"featured_media":4111,"template":"","meta":[],"product_brand":[],"product_cat":[25],"product_tag":[],"class_list":{"0":"post-4104","1":"product","2":"type-product","3":"status-publish","4":"has-post-thumbnail","6":"product_cat-produtos","8":"first","9":"instock","10":"sale","11":"featured","12":"shipping-taxable","13":"purchasable","14":"product-type-simple"},"_links":{"self":[{"href":"https:\/\/grafatorio.com\/site\/wp-json\/wp\/v2\/product\/4104","targetHints":{"allow":["GET"]}}],"collection":[{"href":"https:\/\/grafatorio.com\/site\/wp-json\/wp\/v2\/product"}],"about":[{"href":"https:\/\/grafatorio.com\/site\/wp-json\/wp\/v2\/types\/product"}],"wp:featuredmedia":[{"embeddable":true,"href":"https:\/\/grafatorio.com\/site\/wp-json\/wp\/v2\/media\/4111"}],"wp:attachment":[{"href":"https:\/\/grafatorio.com\/site\/wp-json\/wp\/v2\/media?parent=4104"}],"wp:term":[{"taxonomy":"product_brand","embeddable":true,"href":"https:\/\/grafatorio.com\/site\/wp-json\/wp\/v2\/product_brand?post=4104"},{"taxonomy":"product_cat","embeddable":true,"href":"https:\/\/grafatorio.com\/site\/wp-json\/wp\/v2\/product_cat?post=4104"},{"taxonomy":"product_tag","embeddable":true,"href":"https:\/\/grafatorio.com\/site\/wp-json\/wp\/v2\/product_tag?post=4104"}],"curies":[{"name":"wp","href":"https:\/\/api.w.org\/{rel}","templated":true}]}}