{"id":4095,"date":"2021-10-11T17:06:05","date_gmt":"2021-10-11T20:06:05","guid":{"rendered":"https:\/\/grafatorio.com\/site\/?post_type=product&#038;p=4095"},"modified":"2022-01-26T16:31:38","modified_gmt":"2022-01-26T19:31:38","slug":"travessias-intimas","status":"publish","type":"product","link":"https:\/\/grafatorio.com\/site\/produto\/travessias-intimas\/","title":{"rendered":"Travessias \u00cdntimas &#8211; oficina intensiva de escrita afetiva [online]"},"content":{"rendered":"<p><a name=\"detalhes\"><\/a><\/p>\n<h3>Travessias \u00cdntimas &#8211; oficina intensiva de escrita afetiva para mulheres<\/h3>\n<h4>Conte\u00fado<\/h4>\n<ul>\n<li>Exerc\u00edcios de cria\u00e7\u00e3o liter\u00e1ria<\/li>\n<li>Aspectos da linguagem liter\u00e1ria<\/li>\n<li>Inspira\u00e7\u00e3o em textos liter\u00e1rios<\/li>\n<li>Mergulho no processo criativo<\/li>\n<li>Reflex\u00e3o sobre o potencial da escrita<\/li>\n<li>Encorajamento a escrever<\/li>\n<li>Di\u00e1logo e troca em grupo, sem censura<\/li>\n<li>Aceita\u00e7\u00e3o e acolhimento das hist\u00f3rias que cada um quer conta<\/li>\n<\/ul>\n<h4>Equipamento necess\u00e1rio<\/h4>\n<p>Computador com acesso \u00e0 internet, papel e caneta ou afins para registrar o processo.<\/p>\n<h4>D\u00favidas?<\/h4>\n<p>Envie uma mensagem para <strong>contato@grafatorio.com<\/strong><\/p>\n","protected":false},"excerpt":{"rendered":"<h4>Descri\u00e7\u00e3o<\/h4>\n<p>A Oficina de Escrita Afetiva para mulheres prop\u00f5e um passo atr\u00e1s e um olhar para dentro: voltar-se para o afeto e para a escuta de si para depois transformar essa experi\u00eancia em palavra.<\/p>\n<p>Afeto aqui diz respeito ao que nos move e nos convoca, n\u00e3o ocupando necessariamente uma posi\u00e7\u00e3o am\u00e1vel e delicada. \u00c0s vezes, pelo contr\u00e1rio: afetar-se d\u00e1 margem a olhar lugares n\u00e3o t\u00e3o amenos de n\u00f3s mesmos.<\/p>\n<p>Deixando em segundo plano t\u00e9cnicas, regras, conhecimentos pr\u00e9vios e modelos impostos, a oficina convida a um passeio pela escrita focada mais em paix\u00e3o e menos em m\u00e9todo, implodindo limites e receitas e se apegando a algo fundamental, que nos une enquanto seres humanos, a capacidade de se afetar e de se deixar atravessar pelas coisas.<\/p>\n<p>Independentemente de g\u00eaneros liter\u00e1rios, seja em verso, seja em prosa, essa proposta de mergulho via palavra se vale das \u00e1guas de refer\u00eancias m\u00faltiplas, incluindo escritores, fil\u00f3sofos, artistas e psicanalistas, como, por exemplo, Virginia Woolf, Audre Lorde, Maya Angelou, Clarice Lispector, Guimar\u00e3es Rosa, Jacques Lacan e Yoko Ono. Aqui, vale tudo o que toca.<\/p>\n<p>A inten\u00e7\u00e3o \u00e9 que as palavras surjam do universo \u00edntimo de cada uma (n\u00e3o necessariamente a partir de fatos autobiogr\u00e1ficos).<\/p>\n<p>Entre o real, a mem\u00f3ria e o que irrompe enquanto literatura, h\u00e1 grandeza e encantamento; h\u00e1 processo criativo; h\u00e1, afinal, travessia.<\/p>\n<p><a href=\"#detalhes\">\u2192 MAIS INFORMA\u00c7\u00d5ES<\/a><\/p>\n<div class=\"woocommerce-product-details__short-description\">\n<h4>Ministrante<\/h4>\n<p><a href=\"https:\/\/laysemoraes.medium.com\/\"><strong>Layse Moraes<\/strong><\/a> \u00e9 Jornalista, Mestra em Literatura pela Universidade Estadual de Londrina e Doutoranda em Literatura pela mesma institui\u00e7\u00e3o.<br \/>\nComo jornalista, tem textos publicados em lugares como site da Revista Tpm, Folha de Londrina, Mulheres que escrevem, Revista Casa de Colorir, entre outros.<br \/>\nAtualmente ministra oficinas de cria\u00e7\u00e3o liter\u00e1ria e se dedica \u00e0 escrita da tese de doutorado sobre a po\u00e9tica da cura na poesia de autoria feminina.<\/p>\n<h4>Data e hor\u00e1rio<\/h4>\n<p>Dias <strong>8 e 9 de novembro<\/strong>,\u00a0 19h \u00e0s 21h30.<\/p>\n<p>Encontros online atrav\u00e9s do Google Meet.<br \/>\n<em>As inscri\u00e7\u00f5es para essa atividade se encerram no dia 8 de novembro \u00e0s 14h00.<\/em><\/p>\n<h4>Vagas sociais<\/h4>\n<\/div>\n<p><em>Tem interesse na oficina mas n\u00e3o tem condi\u00e7\u00f5es de pagar?<\/em>\u00a0<a href=\"https:\/\/forms.gle\/mygykZdmBhZWpviW8\">Acesse aqui o formul\u00e1rio para se candidatar\u00a0a uma <strong>vaga social<\/strong>!<\/a> Ser\u00e3o ofertadas 3 bolsas integrais.<\/p>\n","protected":false},"featured_media":4097,"template":"","meta":[],"product_brand":[],"product_cat":[22],"product_tag":[],"class_list":{"0":"post-4095","1":"product","2":"type-product","3":"status-publish","4":"has-post-thumbnail","6":"product_cat-atividades","8":"first","9":"outofstock","10":"virtual","11":"sold-individually","12":"purchasable","13":"product-type-simple"},"_links":{"self":[{"href":"https:\/\/grafatorio.com\/site\/wp-json\/wp\/v2\/product\/4095","targetHints":{"allow":["GET"]}}],"collection":[{"href":"https:\/\/grafatorio.com\/site\/wp-json\/wp\/v2\/product"}],"about":[{"href":"https:\/\/grafatorio.com\/site\/wp-json\/wp\/v2\/types\/product"}],"wp:featuredmedia":[{"embeddable":true,"href":"https:\/\/grafatorio.com\/site\/wp-json\/wp\/v2\/media\/4097"}],"wp:attachment":[{"href":"https:\/\/grafatorio.com\/site\/wp-json\/wp\/v2\/media?parent=4095"}],"wp:term":[{"taxonomy":"product_brand","embeddable":true,"href":"https:\/\/grafatorio.com\/site\/wp-json\/wp\/v2\/product_brand?post=4095"},{"taxonomy":"product_cat","embeddable":true,"href":"https:\/\/grafatorio.com\/site\/wp-json\/wp\/v2\/product_cat?post=4095"},{"taxonomy":"product_tag","embeddable":true,"href":"https:\/\/grafatorio.com\/site\/wp-json\/wp\/v2\/product_tag?post=4095"}],"curies":[{"name":"wp","href":"https:\/\/api.w.org\/{rel}","templated":true}]}}