{"id":4029,"date":"2021-08-23T17:30:53","date_gmt":"2021-08-23T20:30:53","guid":{"rendered":"https:\/\/grafatorio.com\/site\/?post_type=product&#038;p=4029"},"modified":"2025-10-08T18:48:00","modified_gmt":"2025-10-08T21:48:00","slug":"um-nome-escrito-no-vento","status":"publish","type":"product","link":"https:\/\/grafatorio.com\/site\/produto\/um-nome-escrito-no-vento\/","title":{"rendered":"Um Nome Escrito No Vento \u2013 Ademir Assun\u00e7\u00e3o"},"content":{"rendered":"<p>\u201cAdemir Assun\u00e7\u00e3o constr\u00f3i uma ponte entre a transcend\u00eancia do monge zen e a agressividade do jovem rebelde que nunca se cansa de clamar no deserto de ideias que sufoca este pa\u00eds, \u00e0 maneira de um ermit\u00e3o ensandecido, alimentando-se de gafanhotos secos, como n\u00f3s nos alimentamos de sonhos ressecados e talvez imposs\u00edveis\u201d \u2014 Sebasti\u00e3o Nunes<\/p>\n<p>Um Nome Escrito no Vento \u2013 Autobiografia N\u00e3o Autorizada. Este \u00e9 o t\u00edtulo do novo livro de Ademir Assun\u00e7\u00e3o, a nona publica\u00e7\u00e3o da Grafat\u00f3rio Edi\u00e7\u00f5es. Um l\u00facido del\u00edrio p\u00f3s-oswaldiano, esta autobiografia fant\u00e1stica \u00e9 composta por 31 poemas nos quais a imagina\u00e7\u00e3o lingu\u00edstica est\u00e1 a servi\u00e7o de uma reinven\u00e7\u00e3o vitalista de si mesmo.<\/p>\n<p>Com um humor \u00e1cido \u2013 para n\u00e3o dizer lis\u00e9rgico \u2013, entre a ficcionaliza\u00e7\u00e3o do real e a realiza\u00e7\u00e3o da fic\u00e7\u00e3o, Ademir Assun\u00e7\u00e3o escreve sua \u201cpoesia de forma\u00e7\u00e3o\u201d (ou seria \u201cde-forma\u00e7\u00e3o\u201d?). Uma obra surpreendente, mesmo em se tratando de um escritor com mais de 40 anos de experimentos vigorosos pelas encruzilhadas da linguagem.<\/p>\n<p>Um Nome Escrito No Vento conta com um projeto gr\u00e1fico igualmente experimental, assinado pelo designer Pablo Blanco. As ilustra\u00e7\u00f5es s\u00e3o de autoria do artista gr\u00e1fico Zansky, e os textos s\u00e3o todos compostos em tipos m\u00f3veis por Silvio Valduga e impressos sobre um papel reciclado com part\u00edculas termossens\u00edveis. A edi\u00e7\u00e3o contou ainda com textos complementares do poeta Sebasti\u00e3o Nunes e do editor Felipe Melhado. Todos os livros s\u00e3o costurados artesanalmente por Bianca Baggio, e a assist\u00eancia de produ\u00e7\u00e3o \u00e9 de Julia Bahls.<\/p>\n<p>Com apenas 360 exemplares numerados, Um Nome Escrito no vento \u00e9 uma viagem po\u00e9tica &amp; gr\u00e1fica \u2013 a afirma\u00e7\u00e3o de uma reinven\u00e7\u00e3o poss\u00edvel mesmo quando da viraliza\u00e7\u00e3o da mediocridade.<\/p>\n","protected":false},"excerpt":{"rendered":"<p>Poemas de Ademir Assun\u00e7\u00e3o com ilustra\u00e7\u00f5es de Zansky.<br \/>\nPref\u00e1cio de Sebasti\u00e3o Nunes e posf\u00e1cio de Felipe Melhado.<\/p>\n<p><em>Tiragem<\/em>\u2003Edi\u00e7\u00e3o numerada de 360 exemplares<br \/>\n<em>Pap\u00e9is<\/em>\u2003Keaykolour Cool Fire (papel reciclado com part\u00edculas termocrom\u00e1ticas) e Color Plus Roma<br \/>\n<em>Impress\u00e3o\u2003<\/em>Miolo em offset e tipografia com composi\u00e7\u00e3o manual. Capa em litografia a partir de matriz de papel marmorizado<br \/>\n<em>Encaderna\u00e7\u00e3o<\/em>\u2003Costura<br \/>\n<em>Dimens\u00f5es<\/em>\u200311,5\u00d721cm<\/p>\n","protected":false},"featured_media":4069,"template":"","meta":[],"product_brand":[],"product_cat":[25],"product_tag":[],"class_list":{"0":"post-4029","1":"product","2":"type-product","3":"status-publish","4":"has-post-thumbnail","6":"product_cat-produtos","7":"product_shipping_class-livros","9":"first","10":"instock","11":"featured","12":"shipping-taxable","13":"purchasable","14":"product-type-simple"},"_links":{"self":[{"href":"https:\/\/grafatorio.com\/site\/wp-json\/wp\/v2\/product\/4029","targetHints":{"allow":["GET"]}}],"collection":[{"href":"https:\/\/grafatorio.com\/site\/wp-json\/wp\/v2\/product"}],"about":[{"href":"https:\/\/grafatorio.com\/site\/wp-json\/wp\/v2\/types\/product"}],"wp:featuredmedia":[{"embeddable":true,"href":"https:\/\/grafatorio.com\/site\/wp-json\/wp\/v2\/media\/4069"}],"wp:attachment":[{"href":"https:\/\/grafatorio.com\/site\/wp-json\/wp\/v2\/media?parent=4029"}],"wp:term":[{"taxonomy":"product_brand","embeddable":true,"href":"https:\/\/grafatorio.com\/site\/wp-json\/wp\/v2\/product_brand?post=4029"},{"taxonomy":"product_cat","embeddable":true,"href":"https:\/\/grafatorio.com\/site\/wp-json\/wp\/v2\/product_cat?post=4029"},{"taxonomy":"product_tag","embeddable":true,"href":"https:\/\/grafatorio.com\/site\/wp-json\/wp\/v2\/product_tag?post=4029"}],"curies":[{"name":"wp","href":"https:\/\/api.w.org\/{rel}","templated":true}]}}