{"id":3869,"date":"2021-04-22T18:45:48","date_gmt":"2021-04-22T21:45:48","guid":{"rendered":"https:\/\/grafatorio.com\/site\/?post_type=product&#038;p=3869"},"modified":"2023-09-19T11:32:23","modified_gmt":"2023-09-19T14:32:23","slug":"gravuras-o-ultimo-pau-de-arara","status":"publish","type":"product","link":"https:\/\/grafatorio.com\/site\/produto\/gravuras-o-ultimo-pau-de-arara\/","title":{"rendered":"\u00c1bum de gravuras O \u00daltimo Pau de Arara \u2013 Lu\u00eds Matuto"},"content":{"rendered":"<p>Na d\u00e9cada de 1960, ainda crian\u00e7a, Jotab\u00ea Medeiros subiu em um pau de arara com seus pais e irm\u00e3os para sair do sert\u00e3o paraibano rumo ao norte nov\u00edssimo do Paran\u00e1. Entre a mata atl\u00e2ntica rapidamente desmatada, cresceu, se tornou um jornalista cultural, bi\u00f3grafo de grandes nomes da m\u00fasica brasileira e resolveu, depois de tantas, escrever a hist\u00f3ria de sua pr\u00f3pria migra\u00e7\u00e3o familiar: nascia o livro O \u00daltimo Pau de Arara.<\/p>\n<p>Os av\u00f3s de Luis Matuto, o gravurista do livro, fizeram um trajeto parecido: sa\u00edram do sert\u00e3o pernambucano rumo a Minas Gerais para criar uma prole de quinze filhos. Entre essa vastid\u00e3o de tios, o garoto tamb\u00e9m cresceu, mas para se tornar um artista gr\u00e1fico, um gravurista que publicou seus pr\u00f3prios livros e \u00e1lbuns e em 2020, via Grafat\u00f3rio Edi\u00e7\u00f5es, encontrou o texto de Jotab\u00ea Medeiros.<\/p>\n<p>O \u00daltimo Pau de Arara foi publicado em uma tiragem de 750 exemplares \u2013 em suas p\u00e1ginas, a oralidade do texto de Jotab\u00ea encontra a expressividade de xilogravuras de topo, sulcadas em galhos de peroba por Luis Matuto.<\/p>\n<p>Neste \u00e1lbum, essas xilogravuras ganham vida pr\u00f3pria, para al\u00e9m do livro, tornando ainda mais evidente a hist\u00f3ria comum que est\u00e1 escondida na hist\u00f3ria familiar escrita por Jotab\u00ea. Neste \u00e1lbum, as gravuras podem ser lidas como \u00e9pico de todos os pau de arara que povoaram &#8211; e povoam &#8211; os sert\u00f5es e tamb\u00e9m as grandes cidades de um pa\u00eds, e assim d\u00e3o forma ao seu car\u00e1ter.<\/p>\n<p>Quanto de sonho, de ternura e de viol\u00eancia descem de um pau de arara?<\/p>\n<p>Impress\u00e3o das gravuras por Silvio Valduga. Impress\u00e3o da caixa por Luis Matuto, na Prensa Bruta da 62 pontos.<\/p>\n","protected":false},"excerpt":{"rendered":"<p><em>Conte\u00fado\u00a0\u00a0 <\/em>7 xilogravuras em 3 cores, numeradas e assinadas por Lu\u00eds Matuto<em><br \/>\nTiragem\u00a0\u00a0 <\/em>20 conjuntos + 50 gravuras avulsas<em><br \/>\n<\/em><em>Papel\u00a0\u00a0 <\/em>Markatto Edition 200 g\/m\u00b2<br \/>\n<em>Dimens\u00f5es\u00a0\u00a0 <\/em>13,5\u00d721 cm<\/p>\n","protected":false},"featured_media":3880,"template":"","meta":[],"product_brand":[],"product_cat":[25],"product_tag":[],"class_list":{"0":"post-3869","1":"product","2":"type-product","3":"status-publish","4":"has-post-thumbnail","6":"product_cat-produtos","7":"product_shipping_class-livros","9":"first","10":"instock","11":"shipping-taxable","12":"purchasable","13":"product-type-simple"},"_links":{"self":[{"href":"https:\/\/grafatorio.com\/site\/wp-json\/wp\/v2\/product\/3869","targetHints":{"allow":["GET"]}}],"collection":[{"href":"https:\/\/grafatorio.com\/site\/wp-json\/wp\/v2\/product"}],"about":[{"href":"https:\/\/grafatorio.com\/site\/wp-json\/wp\/v2\/types\/product"}],"wp:featuredmedia":[{"embeddable":true,"href":"https:\/\/grafatorio.com\/site\/wp-json\/wp\/v2\/media\/3880"}],"wp:attachment":[{"href":"https:\/\/grafatorio.com\/site\/wp-json\/wp\/v2\/media?parent=3869"}],"wp:term":[{"taxonomy":"product_brand","embeddable":true,"href":"https:\/\/grafatorio.com\/site\/wp-json\/wp\/v2\/product_brand?post=3869"},{"taxonomy":"product_cat","embeddable":true,"href":"https:\/\/grafatorio.com\/site\/wp-json\/wp\/v2\/product_cat?post=3869"},{"taxonomy":"product_tag","embeddable":true,"href":"https:\/\/grafatorio.com\/site\/wp-json\/wp\/v2\/product_tag?post=3869"}],"curies":[{"name":"wp","href":"https:\/\/api.w.org\/{rel}","templated":true}]}}