{"id":3704,"date":"2019-03-21T19:00:30","date_gmt":"2019-03-21T22:00:30","guid":{"rendered":"https:\/\/grafatorio.com\/site\/?post_type=product&#038;p=3704"},"modified":"2021-09-21T19:43:03","modified_gmt":"2021-09-21T22:43:03","slug":"luas","status":"publish","type":"product","link":"https:\/\/grafatorio.com\/site\/produto\/luas\/","title":{"rendered":"Luas &#8211; J\u00falia Rocha e Gustavo Galo"},"content":{"rendered":"<p style=\"font-weight: 400;\">Para cada lua cheia, um par de haicais. Essa foi a ideia que a dupla Gustavo Galo e J\u00falia Rocha colocou em pr\u00e1tica durante um ano inteiro. De janeiro de 2018 a janeiro de 2019, em todas as noites de lua cheia, cada um deles dedicou seu tempo \u00e0 cria\u00e7\u00e3o de um haicai, e dessa experi\u00eancia resultaram 24 haicais reunidos no livro <em>luas.<\/em><\/p>\n<p style=\"font-weight: 400;\"><em>luas<\/em> foi impresso em tipografia manual, e todos os exemplares foram encadernados \u00e0 m\u00e3o, um a um..<\/p>\n<p style=\"font-weight: 400;\">Gustavo Galo \u00e9 compositor e int\u00e9rprete, j\u00e1 lan\u00e7ou tr\u00eas discos solo e atualmente est\u00e1 produzindo mais um. \u00c9 mais conhecido por seu trabalho com a Trupe Ch\u00e1 de Boldo, banda da qual faz parte h\u00e1 dez anos. Suas composi\u00e7\u00f5es j\u00e1 foram interpretadas por m\u00fasicos como Tom Z\u00e9, Iara Renn\u00f3 e Tat\u00e1 Aeroplano. A publica\u00e7\u00e3o de <em>luas<\/em>\u00a0marca sua estreia em livro. Por sua vez, a artista J\u00falia Rocha \u00e9 formada em Dan\u00e7a e Performance pelo curso de Artes do Corpo, da PUC-SP. Seus trabalhos nessas \u00e1reas j\u00e1 foram exibidos em diversos museus, galerias e outras institui\u00e7\u00f5es. Desde 2014 tamb\u00e9m trabalha como editora na \u00c9 Selo de L\u00edngua. Como autora, j\u00e1 publicou o livro de poemas intitulado\u00a0<em>galope<\/em>, de 2017.<\/p>\n","protected":false},"excerpt":{"rendered":"<p><em>Tiragem<\/em>\u2003175 exemplares<br \/>\n<em>Pap\u00e9is<\/em>\u2003Markatto Edition 140g; Sobrecapa \u2013 Flor-post 35g<br \/>\n<em>Impress\u00e3o<\/em>\u2003Tipografia com composi\u00e7\u00e3o manual<br \/>\n<em>Encaderna\u00e7\u00e3o<\/em>\u2003Costura, encaderna\u00e7\u00e3o manual<br \/>\n<em>Dimens\u00f5es<\/em>\u200311\u00d715cm<\/p>\n","protected":false},"featured_media":3707,"template":"","meta":[],"product_brand":[],"product_cat":[25],"product_tag":[],"class_list":{"0":"post-3704","1":"product","2":"type-product","3":"status-publish","4":"has-post-thumbnail","6":"product_cat-produtos","7":"product_shipping_class-livros","9":"first","10":"outofstock","11":"shipping-taxable","12":"purchasable","13":"product-type-simple"},"_links":{"self":[{"href":"https:\/\/grafatorio.com\/site\/wp-json\/wp\/v2\/product\/3704","targetHints":{"allow":["GET"]}}],"collection":[{"href":"https:\/\/grafatorio.com\/site\/wp-json\/wp\/v2\/product"}],"about":[{"href":"https:\/\/grafatorio.com\/site\/wp-json\/wp\/v2\/types\/product"}],"wp:featuredmedia":[{"embeddable":true,"href":"https:\/\/grafatorio.com\/site\/wp-json\/wp\/v2\/media\/3707"}],"wp:attachment":[{"href":"https:\/\/grafatorio.com\/site\/wp-json\/wp\/v2\/media?parent=3704"}],"wp:term":[{"taxonomy":"product_brand","embeddable":true,"href":"https:\/\/grafatorio.com\/site\/wp-json\/wp\/v2\/product_brand?post=3704"},{"taxonomy":"product_cat","embeddable":true,"href":"https:\/\/grafatorio.com\/site\/wp-json\/wp\/v2\/product_cat?post=3704"},{"taxonomy":"product_tag","embeddable":true,"href":"https:\/\/grafatorio.com\/site\/wp-json\/wp\/v2\/product_tag?post=3704"}],"curies":[{"name":"wp","href":"https:\/\/api.w.org\/{rel}","templated":true}]}}