{"id":3641,"date":"2020-10-19T17:00:52","date_gmt":"2020-10-19T20:00:52","guid":{"rendered":"https:\/\/grafatorio.com\/site\/?post_type=product&#038;p=3641"},"modified":"2021-05-06T15:48:47","modified_gmt":"2021-05-06T18:48:47","slug":"desenhando-com-codigo-nov20","status":"publish","type":"product","link":"https:\/\/grafatorio.com\/site\/produto\/desenhando-com-codigo-nov20\/","title":{"rendered":"Desenhando com C\u00f3digo [online]"},"content":{"rendered":"<p><a name=\"detalhes\"><\/a><\/p>\n<h3>Desenhando com C\u00f3digo<\/h3>\n<h4>Conte\u00fado<\/h4>\n<p>AULA 1 : INTRODU\u00c7\u00c3O<br \/>\n# Breve explica\u00e7\u00e3o pensamento computacional;<br \/>\n# Apresenta\u00e7\u00e3o do Nodebox;<br \/>\n# Combinando n\u00f3s e a l\u00f3gica de listas;<br \/>\n# Proposta do projeto final: cartaz.<\/p>\n<p>AULA 2 : GENERATIVO<br \/>\n# Estudo de casos de design generativo;<br \/>\n# Grid, varia\u00e7\u00e3o, combina\u00e7\u00e3o;<\/p>\n<p>AULA 3 : ANIMA\u00c7\u00c3O<br \/>\n# Estudo de caso de anima\u00e7\u00f5es criadas com c\u00f3digo;<br \/>\n# Utilizando o n\u00f3 frame e wave para gerar anima\u00e7\u00f5es.<\/p>\n<p>AULA 4 : PROJETO FINAL \u2013 APRESENTA\u00c7\u00c3O<br \/>\n# Apresenta\u00e7\u00e3o dos projetos individuais e considera\u00e7\u00f5es finais.<\/p>\n<h4>Equipamento necess\u00e1rio<\/h4>\n<p>Computador com acesso \u00e0 internet e mouse [de prefer\u00eancia com <em>scroll<\/em>].<\/p>\n<h4>D\u00favidas?<\/h4>\n<p>Envie uma mensagem para <strong>contato@grafatorio.com<\/strong><\/p>\n","protected":false},"excerpt":{"rendered":"<p>em at\u00e9 12\u00a0parcelas no cart\u00e3o de cr\u00e9dito (com juros)<br \/>\n<em>\u2192 R$235,00 para pagamentos \u00e0 vista via\u00a0transfer\u00eancia banc\u00e1ria<\/em><\/p>\n<h4>Descri\u00e7\u00e3o<\/h4>\n<p>A oficina abordar\u00e1 conceitos para criar e desenhar utilizando o <em>software<\/em> de programa\u00e7\u00e3o visual <em>NodeBox 3<\/em>. A partir dessa ferramenta ser\u00e3o vistos conceitos de design generativo e anima\u00e7\u00e3o, introduzidos a partir de demonstra\u00e7\u00f5es, proposi\u00e7\u00e3o de exerc\u00edcios pr\u00e1ticos e de um projeto final.<\/p>\n<p><a href=\"#detalhes\">\u2192 MAIS INFORMA\u00c7\u00d5ES<\/a><\/p>\n<div class=\"woocommerce-product-details__short-description\">\n<h4>Ministrante<\/h4>\n<p><a href=\"http:\/\/www.guilhermevieira.info\"><strong>Guilherme Vieira <\/strong><\/a>\u00e9 t\u00e9cnico em Artes Gr\u00e1ficas e Bacharel em Design Gr\u00e1fico com \u00canfase em Tipografia. \u00c9 artista visual e s\u00f3cio do est\u00fadio Da\u00f3. Em seu trabalho explora as possibilidades est\u00e9ticas da intersec\u00e7\u00e3o entre as ferramentas digitais e anal\u00f3gicas.<\/p>\n<h4>Data e hor\u00e1rio<\/h4>\n<p>Dias <strong>9, 11, 13 e 19 de novembro<\/strong>, das 19h \u00e0s 20h. Encontros online atrav\u00e9s do Google Meet e acompanhamento via Google Classroom.<br \/>\n<em>As inscri\u00e7\u00f5es para essa atividade se encerram no dia 6 de novembro \u00e0s 18h00.<\/em><\/p>\n<div class=\"woocommerce-product-details__short-description\">\n<h4>Vagas sociais<\/h4>\n<\/div>\n<p><em>Tem interesse na oficina mas n\u00e3o tem condi\u00e7\u00f5es de pagar?<\/em>\u00a0<a href=\"https:\/\/forms.gle\/b22EQRrKXPHjKXY98\">Acesse aqui o formul\u00e1rio para se candidatar\u00a0a uma <strong>vaga social<\/strong>!<\/a> Ser\u00e3o ofertadas 4 bolsas integrais.<\/p>\n<\/div>\n<p><button><a href=\"https:\/\/docs.google.com\/forms\/d\/e\/1FAIpQLSdyAthuN_5DdPXP1hQLr_i1eLXBO7vxHaamFOSrvDrZ1UO6DQ\/viewform?usp=sf_link\">Lista de espera<\/a><\/button><\/p>\n","protected":false},"featured_media":3643,"template":"","meta":[],"product_brand":[],"product_cat":[22],"product_tag":[],"class_list":{"0":"post-3641","1":"product","2":"type-product","3":"status-publish","4":"has-post-thumbnail","6":"product_cat-atividades","8":"first","9":"outofstock","10":"virtual","11":"sold-individually","12":"purchasable","13":"product-type-simple"},"_links":{"self":[{"href":"https:\/\/grafatorio.com\/site\/wp-json\/wp\/v2\/product\/3641","targetHints":{"allow":["GET"]}}],"collection":[{"href":"https:\/\/grafatorio.com\/site\/wp-json\/wp\/v2\/product"}],"about":[{"href":"https:\/\/grafatorio.com\/site\/wp-json\/wp\/v2\/types\/product"}],"wp:featuredmedia":[{"embeddable":true,"href":"https:\/\/grafatorio.com\/site\/wp-json\/wp\/v2\/media\/3643"}],"wp:attachment":[{"href":"https:\/\/grafatorio.com\/site\/wp-json\/wp\/v2\/media?parent=3641"}],"wp:term":[{"taxonomy":"product_brand","embeddable":true,"href":"https:\/\/grafatorio.com\/site\/wp-json\/wp\/v2\/product_brand?post=3641"},{"taxonomy":"product_cat","embeddable":true,"href":"https:\/\/grafatorio.com\/site\/wp-json\/wp\/v2\/product_cat?post=3641"},{"taxonomy":"product_tag","embeddable":true,"href":"https:\/\/grafatorio.com\/site\/wp-json\/wp\/v2\/product_tag?post=3641"}],"curies":[{"name":"wp","href":"https:\/\/api.w.org\/{rel}","templated":true}]}}