{"id":3557,"date":"2021-01-20T18:55:56","date_gmt":"2021-01-20T20:55:56","guid":{"rendered":"https:\/\/grafatorio.com\/site\/?post_type=product&#038;p=3557"},"modified":"2026-03-15T14:37:28","modified_gmt":"2026-03-15T17:37:28","slug":"o-ultimo-pau-de-arara","status":"publish","type":"product","link":"https:\/\/grafatorio.com\/site\/produto\/o-ultimo-pau-de-arara\/","title":{"rendered":"O \u00daltimo Pau de Arara &#8211; Jotab\u00ea Medeiros"},"content":{"rendered":"<p>Com a palavra, Jotab\u00ea Medeiros:<\/p>\n<p>\u201cEm 1965, durante nove dias e nove noites, viajamos em cima de dois caminh\u00f5es de sal do cariri paraibano rumo ao chamado Norte Nov\u00edssimo do Paran\u00e1. Metade cloreto de s\u00f3dio, metade olhos e dentes. \u00c9ramos 12 crian\u00e7as e adolescentes.<\/p>\n<p>Logo nos tornamos 15 e hoje j\u00e1 contamos 20 de n\u00f3s, al\u00e9m de 45 netos, 23 bisnetos, dois trinetos. A fam\u00edlia, que se estabeleceu inicialmente em Cianorte (PR), segue crescendo e espalhou-se pelo mundo. Com o tempo, fomos vistos alistando-nos na Legi\u00e3o Estrangeira, ensinando portugu\u00eas na cidade japonesa onde viveu Bash\u00f4, dividindo apartamento em um pr\u00e9dio invadido em Madri, tomando vinho com cr\u00edticos de jazz no Carnegie Hall.<\/p>\n<p>O centro nevr\u00e1lgico, existencial, e a baliza psicol\u00f3gica dessa comunidade continua sendo, ainda hoje, um homem de 102 anos que a vida toda usou chap\u00e9u de feltro, botinas de Li\u2019l Abner, roupa de linho, com um passado nebuloso e gestos duros, seco como Lee Van Cleef e autoconfiante como Oscar Niemeyer: meu pai, o protagonista da hist\u00f3ria\u201d.<\/p>\n<p>Mais do que mero ensaio biogr\u00e1fico,\u00a0<i>O \u00daltimo Pau de Arara<\/i>\u00a0\u00e9 uma hist\u00f3ria ver\u00eddica com ganas de fic\u00e7\u00e3o que retrata um Brasil profundo, pouco visto ou lido. Uma hist\u00f3ria de gente que povoa sert\u00f5es \u2013 da Para\u00edba ou do Paran\u00e1 \u2013 com sonhos e pequenezas, alegrias e temores.<\/p>\n<p>Uma hist\u00f3ria que mereceu um tratamento especial: <i>O \u00daltimo Pau de Arara<\/i> foi publicado em uma edi\u00e7\u00e3o artesanal, com c\u00f3pias limitadas e numeradas (apenas 750 exemplares), capa impressa em serigrafia sobre lona de caminh\u00e3o e ilustra\u00e7\u00f5es originais em xilogravura feitas por Luis Matuto e impressas diretamente em cada exemplar.<\/p>\n<p>*<\/p>\n<p>Para ler um trecho do primeiro cap\u00edtulo, baixe o <a href=\"https:\/\/grafatorio.com\/site\/biblioteca\/\">pdf em nossa biblioteca<\/a>.<\/p>\n<p>Para saber mais sobre o livro, leia as mat\u00e9rias publicadas no <a href=\"https:\/\/www.quartoamado.com\/pegando-carona-no-pau-de-arara-de-jotabe-medeiros\/\">Quarto Amado<\/a> e na <a href=\"https:\/\/www.folhadelondrina.com.br\/folha-2\/jotabe-medeiros-faz-um-mergulho-no-universo-familiar-2995946e.html\">Folha de Londrina<\/a>.<\/p>\n","protected":false},"excerpt":{"rendered":"<p><em>Tiragem<\/em>\u2003750 exemplares<br \/>\n<em>Impress\u00e3o\u2003<\/em>Miolo em offset e xilogravura. Capa em serigrafia<br \/>\n<em>Encaderna\u00e7\u00e3o<\/em>\u2003Costura, com capa de lona de algod\u00e3o encerado<br \/>\n<em>Dimens\u00f5es<\/em>\u200314,5\u00d724cm<\/p>\n","protected":false},"featured_media":3768,"template":"","meta":[],"product_brand":[],"product_cat":[25],"product_tag":[],"class_list":{"0":"post-3557","1":"product","2":"type-product","3":"status-publish","4":"has-post-thumbnail","6":"product_cat-produtos","7":"product_shipping_class-livros","9":"first","10":"instock","11":"featured","12":"shipping-taxable","13":"purchasable","14":"product-type-simple"},"_links":{"self":[{"href":"https:\/\/grafatorio.com\/site\/wp-json\/wp\/v2\/product\/3557","targetHints":{"allow":["GET"]}}],"collection":[{"href":"https:\/\/grafatorio.com\/site\/wp-json\/wp\/v2\/product"}],"about":[{"href":"https:\/\/grafatorio.com\/site\/wp-json\/wp\/v2\/types\/product"}],"wp:featuredmedia":[{"embeddable":true,"href":"https:\/\/grafatorio.com\/site\/wp-json\/wp\/v2\/media\/3768"}],"wp:attachment":[{"href":"https:\/\/grafatorio.com\/site\/wp-json\/wp\/v2\/media?parent=3557"}],"wp:term":[{"taxonomy":"product_brand","embeddable":true,"href":"https:\/\/grafatorio.com\/site\/wp-json\/wp\/v2\/product_brand?post=3557"},{"taxonomy":"product_cat","embeddable":true,"href":"https:\/\/grafatorio.com\/site\/wp-json\/wp\/v2\/product_cat?post=3557"},{"taxonomy":"product_tag","embeddable":true,"href":"https:\/\/grafatorio.com\/site\/wp-json\/wp\/v2\/product_tag?post=3557"}],"curies":[{"name":"wp","href":"https:\/\/api.w.org\/{rel}","templated":true}]}}