{"id":3420,"date":"2020-02-10T16:03:41","date_gmt":"2020-02-10T19:03:41","guid":{"rendered":"http:\/\/grafatorio.com\/site\/?post_type=product&#038;p=3420"},"modified":"2026-01-12T19:20:32","modified_gmt":"2026-01-12T22:20:32","slug":"porque-eu-odeio","status":"publish","type":"product","link":"https:\/\/grafatorio.com\/site\/produto\/porque-eu-odeio\/","title":{"rendered":"Porque Eu Odeio &#8211; Claude McKay"},"content":{"rendered":"<p>Poemas sobre a imigra\u00e7\u00e3o e as saudades do pa\u00eds de origem. Sobre a negritude e a intensidade da luta contra o racismo. E principalmente, sobre o \u00f3dio \u2013 sobre o \u00f3dio que a diferen\u00e7a pode despertar e, tamb\u00e9m, sobre o \u00f3dio que \u00e9 necess\u00e1rio para combater a imposi\u00e7\u00e3o de modos de vida.<\/p>\n<p>Poder\u00edamos estar descrevendo a obra de um poeta jovem, contempor\u00e2neo, atento \u00e0s discuss\u00f5es e a alguns dos problemas mais urgentes do presente. Mas n\u00e3o \u2013 estamos falando de poemas escritos h\u00e1 uma centena de anos por Claude McKay (1889\u20131948). O poeta jamaicano acaba de ganhar sua primeira edi\u00e7\u00e3o no Brasil: <em>Porque Eu Odeio<\/em>, livro publicado pela Grafat\u00f3rio Edi\u00e7\u00f5es. Uma antologia bil\u00edngue que re\u00fane 24 poemas de McKay traduzidos pela primeira vez para o portugu\u00eas por Felipe Melhado e Gabriel Daher.<\/p>\n<p>Caracter\u00edstica das publica\u00e7\u00f5es da Grafat\u00f3rio Edi\u00e7\u00f5es, a edi\u00e7\u00e3o de <em>Porque Eu Odeio<\/em> conta com um projeto gr\u00e1fico marcante, assinado pelos designers Maikon Nery e Pablo Blanco. A obra foi impressa em tintas prata e bronze sobre papel preto, contando ainda com imagens reproduzidas de monotipias realizadas pela dupla. A tiragem \u00e9 limitada a 360 exemplares. Al\u00e9m dos poemas de McKay, a edi\u00e7\u00e3o traz tamb\u00e9m textos complementares que contextualizam a vida e a obra do escritor, introduzindo-o ao leitor brasileiro.<\/p>\n<p>Nascido em Clarendon Parish, na Jamaica, McKay pode ser um considerado uma esp\u00e9cie de rapper antes do surgimento do rap. Ainda na juventude, o poeta imigrou para os Estados Unidos e, vivendo em Nova Iorque, foi um dos fundadores do movimento conhecido como Renascen\u00e7a do Harlem. No in\u00edcio do s\u00e9culo XX, essa corrente art\u00edstica recuperava o orgulho social e cultural do bairro nova-iorquino, criando la\u00e7os afetivos e culturais entre os imigrantes negros. Os poemas de McKay tratam da vida noturna e diurna nas quebradas do Harlem, e de seus afetos e desafetos particulares nesse contexto \u2013 sem deixar de expressar, como fazem os rappers contempor\u00e2neos, os anseios de todo um estrato social.<\/p>\n<p>Neto de escravos, bissexual e escritor em impar\u00e1vel nomadismo, McKay foi um viajante impulsivo. Isso fez com que ele se relacionasse com algumas personalidades de sua \u00e9poca como o ator e diretor brit\u00e2nico Charlie Chaplin, a poetisa americana Edna St-Vincent Millay, o poeta russo Vladimir Maiakovski, o revolucion\u00e1rio russo Leon Tr\u00f3tski e o escritor irland\u00eas George Bernard Shaw, entre tantos outros que cruzaram seu caminho<\/p>\n","protected":false},"excerpt":{"rendered":"<p><em>Tiragem<\/em>\u2003360 exemplares<br \/>\n<em>Pap\u00e9is<\/em>\u2003Color Plus Los Angeles<br \/>\n<em>Impress\u00e3o<\/em>\u2003Offset em prata e bronze. Textura da capa em serigrafia com matriz var\u00edavel. Miolo ilustrado com reprodu\u00e7\u00e3o de monotipias<br \/>\n<em>Encaderna\u00e7\u00e3o<\/em>\u2003Brochura, lombada em tecido<br \/>\n<em>Dimens\u00f5es<\/em>\u200321\u00d713,5cm<\/p>\n","protected":false},"featured_media":3422,"template":"","meta":[],"product_brand":[],"product_cat":[25],"product_tag":[],"class_list":{"0":"post-3420","1":"product","2":"type-product","3":"status-publish","4":"has-post-thumbnail","6":"product_cat-produtos","7":"product_shipping_class-livros","9":"first","10":"instock","11":"featured","12":"shipping-taxable","13":"purchasable","14":"product-type-simple"},"_links":{"self":[{"href":"https:\/\/grafatorio.com\/site\/wp-json\/wp\/v2\/product\/3420","targetHints":{"allow":["GET"]}}],"collection":[{"href":"https:\/\/grafatorio.com\/site\/wp-json\/wp\/v2\/product"}],"about":[{"href":"https:\/\/grafatorio.com\/site\/wp-json\/wp\/v2\/types\/product"}],"wp:featuredmedia":[{"embeddable":true,"href":"https:\/\/grafatorio.com\/site\/wp-json\/wp\/v2\/media\/3422"}],"wp:attachment":[{"href":"https:\/\/grafatorio.com\/site\/wp-json\/wp\/v2\/media?parent=3420"}],"wp:term":[{"taxonomy":"product_brand","embeddable":true,"href":"https:\/\/grafatorio.com\/site\/wp-json\/wp\/v2\/product_brand?post=3420"},{"taxonomy":"product_cat","embeddable":true,"href":"https:\/\/grafatorio.com\/site\/wp-json\/wp\/v2\/product_cat?post=3420"},{"taxonomy":"product_tag","embeddable":true,"href":"https:\/\/grafatorio.com\/site\/wp-json\/wp\/v2\/product_tag?post=3420"}],"curies":[{"name":"wp","href":"https:\/\/api.w.org\/{rel}","templated":true}]}}