{"id":3291,"date":"2019-07-31T15:54:26","date_gmt":"2019-07-31T18:54:26","guid":{"rendered":"http:\/\/grafatorio.com\/site\/?post_type=product&#038;p=3291"},"modified":"2022-09-20T14:05:52","modified_gmt":"2022-09-20T17:05:52","slug":"livro-no-fim-da-infancia","status":"publish","type":"product","link":"https:\/\/grafatorio.com\/site\/produto\/livro-no-fim-da-infancia\/","title":{"rendered":"No Fim da Inf\u00e2ncia &#8211; Arrigo Barnab\u00e9"},"content":{"rendered":"<p style=\"font-weight: 400;\">Uma Londrina estranha e caipira, cen\u00e1rio para uma sensibilidade infantil quase delirante. A primeira professora de piano e uma apresenta\u00e7\u00e3o surreal tocando caixa de guerra com a fanfarra do Col\u00e9gio Marista. A mudan\u00e7a para uma assustadora S\u00e3o Paulo, um show hist\u00f3rico com Alice Cooper, um encontro marcado com Tom Jobim. E os bastidores da cria\u00e7\u00e3o de uma obra prima: Clara Crocodilo.<\/p>\n<p style=\"font-weight: 400;\">Essas s\u00e3o apenas algumas das mem\u00f3rias registradas em\u00a0<em>No Fim da Inf\u00e2ncia<\/em>, livro de estreia do m\u00fasico londrinense Arrigo Barnab\u00e9.\u00a0O conjunto de nove textos autobiogr\u00e1ficos revela ao leitor passagens curiosas e fundamentais da vida desse criador genial, que nos anos 1980 revolucionou a m\u00fasica nacional ao trazer elementos da m\u00fasica erudita contempor\u00e2nea para o territ\u00f3rio da MPB. Publicados originalmente nas revistas\u00a0<em>piau\u00ed<\/em>\u00a0e\u00a0<em>Calib\u00e1n<\/em>, os textos tamb\u00e9m s\u00e3o uma porta de entrada para se compreender o movimento musical conhecido como Vanguarda Paulistana, que tem suas origens na Londrina dos anos 1970.<\/p>\n<p style=\"font-weight: 400;\">\u00a0<em>No Fim da Inf\u00e2ncia\u00a0<\/em>pode ser lido, ainda, como uma vers\u00e3o renovada, porque afetiva, da hist\u00f3ria cultural de Londrina. S\u00e3o mem\u00f3rias narradas por um personagem de sensibilidade singular, e que viria a se tornar um dos artistas mais radicais da cidade. Mais do que esclarecer detalhes sobre os primeiros passos de Arrigo na m\u00fasica e os bastidores de suas composi\u00e7\u00f5es atonais, a obra tamb\u00e9m d\u00e1 a conhecer um pouco de sua vida emocional, suas ang\u00fastias, alegrias, transgress\u00f5es e oscila\u00e7\u00f5es na busca por fazer de si pr\u00f3prio um artista de vanguarda. O livro \u00e9, dessa forma, um comovente autorretrato sobre o fim da inf\u00e2ncia, o in\u00edcio da adolesc\u00eancia e da vida adulta.<\/p>\n<p style=\"font-weight: 400;\">O texto foi todo composto em tipografia, uma t\u00e9cnica artesanal de impress\u00e3o.\u00a0<em>No Fim da Inf\u00e2ncia<\/em>\u00a0inclui ainda fotografias in\u00e9ditas, redescobertas em acervos particulares e impressas em pap\u00e9is especiais.\u00a0A publica\u00e7\u00e3o contou com edi\u00e7\u00e3o de Felipe Melhado, que tamb\u00e9m assina o posf\u00e1cio, projeto gr\u00e1fico de Maikon Nery e Pablo Blanco, composi\u00e7\u00e3o tipogr\u00e1fica de Silvio Valduga, impress\u00e3o offset por Maur\u00edcio Alves, letras capitulares desenhadas pelo cal\u00edgrafo Diogo Blanco, e assist\u00eancia de produ\u00e7\u00e3o de Gabriela Campaner e Manoel Nascimento.<\/p>\n<p style=\"font-weight: 400;\">A publica\u00e7\u00e3o de\u00a0<em>No Fim da Inf\u00e2ncia\u00a0<\/em>conta com o patroc\u00ednio do PROMIC \u2013 Programa Municipal de Incentivo \u00e0 Cultura, e apoio do Circulasons e da Moinho Brasil.<\/p>\n","protected":false},"excerpt":{"rendered":"<p><em>Tiragem<\/em>\u2003500 exemplares<br \/>\n<em>Pap\u00e9is<\/em>\u2003Capa \u2013 Savile Row e F Card Scuro;\u00a0Miolo \u2013 Book Millennium e Flor Post<br \/>\n<em>Impress\u00e3o<\/em>\u2003Tipografia com composi\u00e7\u00e3o manual, clich\u00eas e offset<br \/>\n<em>Encaderna\u00e7\u00e3o<\/em>\u2003Brochura<br \/>\n<em>Dimens\u00f5es<\/em>\u200314\u00d721,5cm<\/p>\n","protected":false},"featured_media":3307,"template":"","meta":[],"product_brand":[],"product_cat":[25],"product_tag":[],"class_list":{"0":"post-3291","1":"product","2":"type-product","3":"status-publish","4":"has-post-thumbnail","6":"product_cat-produtos","7":"product_shipping_class-livros","9":"first","10":"outofstock","11":"featured","12":"shipping-taxable","13":"purchasable","14":"product-type-simple"},"_links":{"self":[{"href":"https:\/\/grafatorio.com\/site\/wp-json\/wp\/v2\/product\/3291","targetHints":{"allow":["GET"]}}],"collection":[{"href":"https:\/\/grafatorio.com\/site\/wp-json\/wp\/v2\/product"}],"about":[{"href":"https:\/\/grafatorio.com\/site\/wp-json\/wp\/v2\/types\/product"}],"wp:featuredmedia":[{"embeddable":true,"href":"https:\/\/grafatorio.com\/site\/wp-json\/wp\/v2\/media\/3307"}],"wp:attachment":[{"href":"https:\/\/grafatorio.com\/site\/wp-json\/wp\/v2\/media?parent=3291"}],"wp:term":[{"taxonomy":"product_brand","embeddable":true,"href":"https:\/\/grafatorio.com\/site\/wp-json\/wp\/v2\/product_brand?post=3291"},{"taxonomy":"product_cat","embeddable":true,"href":"https:\/\/grafatorio.com\/site\/wp-json\/wp\/v2\/product_cat?post=3291"},{"taxonomy":"product_tag","embeddable":true,"href":"https:\/\/grafatorio.com\/site\/wp-json\/wp\/v2\/product_tag?post=3291"}],"curies":[{"name":"wp","href":"https:\/\/api.w.org\/{rel}","templated":true}]}}