{"id":3251,"date":"2019-03-28T17:34:56","date_gmt":"2019-03-28T20:34:56","guid":{"rendered":"http:\/\/grafatorio.com\/site\/?post_type=product&#038;p=3251"},"modified":"2019-08-15T11:54:35","modified_gmt":"2019-08-15T14:54:35","slug":"ceramica-abr19","status":"publish","type":"product","link":"https:\/\/grafatorio.com\/site\/produto\/ceramica-abr19\/","title":{"rendered":"Cer\u00e2mica"},"content":{"rendered":"<p><a name=\"detalhes\"><\/a><\/p>\n<h4>NOVA TURMA!<\/h4>\n<h4>Ministrante<\/h4>\n<p><strong>Surah Miotta\u00a0<\/strong> Graduado em Artes Visuais na Universidade Estadual de Londrina, atuou como designer gr\u00e1fico e ministrou cursos de cer\u00e2mica e gravura na ch\u00e1cara Marabu, al\u00e9m de outras experi\u00eancias profissionais nas \u00e1reas de gastronomia e tradu\u00e7\u00e3o t\u00e9cnica.<\/p>\n<h4>Descri\u00e7\u00e3o<\/h4>\n<p>A\u00a0oficina pr\u00e1tica tem o objetivo de ensinar os processos b\u00e1sicos para a produ\u00e7\u00e3o de pe\u00e7as de cer\u00e2mica de finalidade decorativa. Esses processos compreendem t\u00e9cnicas b\u00e1sicas de produ\u00e7\u00e3o de pe\u00e7as, acabamento, secagem, queima e pintura a frio (sem esmalta\u00e7\u00e3o). Esta oficina visa proporcionar os conhecimentos necess\u00e1rios para o desenvolvimento de uma produ\u00e7\u00e3o simples e de baixo custo.<\/p>\n<h4>Conte\u00fado<\/h4>\n<ul>\n<li><strong>Introdu\u00e7\u00e3o<\/strong>\n<ul>\n<li>Apresenta\u00e7\u00e3o da oficina e dos participantes;<\/li>\n<li>Apresenta\u00e7\u00e3o te\u00f3rica sobre o processo de produ\u00e7\u00e3o cer\u00e2mica.<\/li>\n<\/ul>\n<\/li>\n<\/ul>\n<ul>\n<li><strong>Pr\u00e1tica<\/strong>\n<ul>\n<li>T\u00e9cnicas b\u00e1sicas de produ\u00e7\u00e3o de pe\u00e7as;<\/li>\n<li>Acabamento de pe\u00e7as;<\/li>\n<li>Processo de secagem;<\/li>\n<li>Queima em forno de cer\u00e2mica caseiro;<\/li>\n<li>Pintura a frio.<\/li>\n<\/ul>\n<\/li>\n<\/ul>\n<h4>P\u00fablico<\/h4>\n<p>Jovens e adultos interessados em conhecer o universo da cer\u00e2mica e seus processos.<\/p>\n<h4>Itens inclusos<\/h4>\n<ul>\n<li>Argilas, moldes, ferramentas, pinc\u00e9is, tintas, vernizes, etc;<\/li>\n<li>Certificado de participa\u00e7\u00e3o.<\/li>\n<\/ul>\n<h4>Data e hor\u00e1rio<\/h4>\n<p>Aos s\u00e1bados, das 14h30 \u00e0s 18h30. In\u00edcio no dia 13 de abril.<\/p>\n<h4>Vagas<\/h4>\n<p>12 vagas.<\/p>\n<h4>Carga hor\u00e1ria<\/h4>\n<p>8 encontros de 4h semanais (32 horas totais)<\/p>\n<h4><strong>Local<\/strong><\/h4>\n<p><a title=\"Contato\" href=\"http:\/\/www.grafatorio.com\/blog\/index.php\/contato\/\" target=\"_blank\" rel=\"noopener\">Grafat\u00f3rio<\/a>\u00a0\u2219 Avenida Paul Harris, 1575\u00a0\u2219 pr\u00f3ximo ao Aeroporto de Londrina<\/p>\n<h4>Valor<\/h4>\n<p><strong>R$ 320,00<\/strong><br \/>\nem at\u00e9 12\u00a0parcelas no cart\u00e3o de cr\u00e9dito (com juros)<br \/>\n<em>\u2192 R$305,00 para pagamentos \u00e0 vista em dinheiro ou cheque<\/em><\/p>\n<h4>D\u00favidas?<\/h4>\n<p>Envie uma mensagem para <strong>surahmiotta@yahoo.com.br\u00a0<\/strong>ou\u00a0<strong>contato@grafatorio.com<\/strong><\/p>\n","protected":false},"excerpt":{"rendered":"<p>em at\u00e9 12\u00a0parcelas no cart\u00e3o de cr\u00e9dito (com juros)<br \/>\n<em>\u2192 R$305,00 para pagamentos \u00e0 vista em dinheiro ou cheque<\/em><\/p>\n<h4>Ministrante<\/h4>\n<p><strong>Surah Miotta\u00a0<\/strong><\/p>\n<h4>Descri\u00e7\u00e3o<\/h4>\n<p>A\u00a0oficina pr\u00e1tica tem o objetivo de ensinar os processos b\u00e1sicos para a produ\u00e7\u00e3o de pe\u00e7as de cer\u00e2mica de finalidade decorativa. Esses processos compreendem t\u00e9cnicas b\u00e1sicas de produ\u00e7\u00e3o de pe\u00e7as, acabamento, secagem, queima e pintura a frio (sem esmalta\u00e7\u00e3o). Esta oficina visa proporcionar os conhecimentos necess\u00e1rios para o desenvolvimento de uma produ\u00e7\u00e3o simples e de baixo custo.<\/p>\n<p><a href=\"#detalhes\">\u2192\u00a0Clique aqui para mais detalhes<\/a><\/p>\n<h4>Data e hor\u00e1rio<\/h4>\n<p>Aos s\u00e1bados, das 14h30 \u00e0s 18h30.\u00a0 In\u00edcio no dia 13 de abril.<\/p>\n<p><a title=\"Contato\" href=\"http:\/\/www.grafatorio.com\/blog\/index.php\/contato\/\" target=\"_blank\" rel=\"noopener\">Grafat\u00f3rio<\/a>\u00a0\u2219 Avenida Paul Harris, 1575\u00a0\u2219 pr\u00f3ximo ao Aeroporto de Londrina<\/p>\n<h4>D\u00favidas?<\/h4>\n<p>Envie uma mensagem para <strong>surahmiotta@yahoo.com.br\u00a0<\/strong>ou\u00a0<strong>contato@grafatorio.com<\/strong><\/p>\n","protected":false},"featured_media":3248,"template":"","meta":[],"product_brand":[],"product_cat":[22],"product_tag":[],"class_list":{"0":"post-3251","1":"product","2":"type-product","3":"status-publish","4":"has-post-thumbnail","6":"product_cat-atividades","8":"first","9":"instock","10":"virtual","11":"sold-individually","12":"purchasable","13":"product-type-simple"},"_links":{"self":[{"href":"https:\/\/grafatorio.com\/site\/wp-json\/wp\/v2\/product\/3251","targetHints":{"allow":["GET"]}}],"collection":[{"href":"https:\/\/grafatorio.com\/site\/wp-json\/wp\/v2\/product"}],"about":[{"href":"https:\/\/grafatorio.com\/site\/wp-json\/wp\/v2\/types\/product"}],"wp:featuredmedia":[{"embeddable":true,"href":"https:\/\/grafatorio.com\/site\/wp-json\/wp\/v2\/media\/3248"}],"wp:attachment":[{"href":"https:\/\/grafatorio.com\/site\/wp-json\/wp\/v2\/media?parent=3251"}],"wp:term":[{"taxonomy":"product_brand","embeddable":true,"href":"https:\/\/grafatorio.com\/site\/wp-json\/wp\/v2\/product_brand?post=3251"},{"taxonomy":"product_cat","embeddable":true,"href":"https:\/\/grafatorio.com\/site\/wp-json\/wp\/v2\/product_cat?post=3251"},{"taxonomy":"product_tag","embeddable":true,"href":"https:\/\/grafatorio.com\/site\/wp-json\/wp\/v2\/product_tag?post=3251"}],"curies":[{"name":"wp","href":"https:\/\/api.w.org\/{rel}","templated":true}]}}