{"id":2625,"date":"2013-02-27T14:34:23","date_gmt":"2013-02-27T14:34:23","guid":{"rendered":"http:\/\/www.grafatorio.com\/blog\/?post_type=product&amp;p=249"},"modified":"2013-02-27T14:34:23","modified_gmt":"2013-02-27T14:34:23","slug":"caligrafia-para-iniciantes-4","status":"publish","type":"product","link":"https:\/\/grafatorio.com\/site\/produto\/caligrafia-para-iniciantes-4\/","title":{"rendered":"Caligrafia para iniciantes"},"content":{"rendered":"<h3>Caligrafia para iniciantes<\/h3>\n<h4>Ministrante<\/h4>\n<p><strong>Diogo Blanco<\/strong> formou-se em Design Gr\u00e1fico na UEL (Universidade Estadual de Londrina\/PR) no ano de 2005. Estudou cinema na AIC (Academia Internacional de Cinema em S\u00e3o Paulo\/SP) entre 2008 \u2013 2010. \u00c9 co-fundador e diretor da associa\u00e7\u00e3o cultural Grafat\u00f3rio.<\/p>\n<p><span style=\"color: #888888;\"><a href=\"http:\/\/www.flickr.com\/photos\/deveras\" target=\"_blank\"><span style=\"color: #888888;\">www.flickr.com\/deveras<\/span><\/a><\/span><br \/>\n<span style=\"color: #888888;\"><a href=\"http:\/\/www.facebook.com\/dblanco83\" target=\"_blank\"><span style=\"color: #888888;\">www.facebook.com\/dblanco83<\/span><\/a><\/span><\/p>\n<h4>Descri\u00e7\u00e3o<\/h4>\n<p>O curso de <strong>Caligrafia para iniciantes<\/strong> tem como objetivo o aprendizado do alfabeto fundamental de pena quadrada bem como a introdu\u00e7\u00e3o te\u00f3rica e pr\u00e1tica ao universo da arte da caligrafia.<\/p>\n<h4>Conte\u00fado<\/h4>\n<ul>\n<li><strong>Te\u00f3rico<\/strong>\n<ul>\n<li>Defini\u00e7\u00e3o de Caligrafia<\/li>\n<li>Diferen\u00e7as entre Escrita, Caligrafia, Tipografia, Lettering e Ilustra\u00e7\u00e3o<\/li>\n<li>Breve Hist\u00f3rico: Alfabeto Ocidental<\/li>\n<li>Materiais<\/li>\n<li>Estrutura de Pauta, Letra e Texto<\/li>\n<li>Estilos Caligr\u00e1ficos<\/li>\n<\/ul>\n<\/li>\n<li><strong>Pr\u00e1tico<\/strong>\n<ul>\n<li>Formas B\u00e1sicas<\/li>\n<li>Alfabeto Fundamental<\/li>\n<li>Experimenta\u00e7\u00e3o<\/li>\n<\/ul>\n<\/li>\n<\/ul>\n<h4>P\u00fablico<\/h4>\n<p>Profissionais, estudantes e entusiastas de artes visuais, design, tatuagem e afins.<\/p>\n<h4>Itens inclusos<\/h4>\n<ul>\n<li>Kit b\u00e1sico para caligrafia (cabo, pena caligr\u00e1fica e tinta);<\/li>\n<li>Material de apoio;<\/li>\n<li>Coffee break;<\/li>\n<li>Certificado de participa\u00e7\u00e3o.<\/li>\n<\/ul>\n<h4>Carga hor\u00e1ria<\/h4>\n<p>21 horas.<\/p>\n<h4>Datas e hor\u00e1rios<\/h4>\n<p><del><strong>Turma 1<\/strong>\u00a0\u2013 aos s\u00e1bados das 10h \u00e0s 13h<\/del><br \/>\n<del> Dias 20 e 27 de abril \u2219\u00a04, 18 e 25 de maio \u2219 1 e 8 de junho<\/del><\/p>\n<p><del><strong>Turma 2<\/strong>\u00a0\u2013 \u00e0s ter\u00e7as-feiras das 19h \u00e0s 22h<\/del><br \/>\n<del> Dias 23 e 30 de abril \u2219 7, 21 e 28 de maio\u00a0\u2219\u00a04 e 11 de junho<\/del><\/p>\n<p><del><em>As inscri\u00e7\u00f5es para a Turma 1 se encerram no dia 19 de abril \u00e0s 19h.<br \/>\n<\/em><em>As inscri\u00e7\u00f5es para a Turma 2 se encerram no dia 22 de abril \u00e0s 19h.<\/em><\/del><\/p>\n<p>Inscri\u00e7\u00f5es encerradas.<\/p>\n<h4>Local<\/h4>\n<p><span style=\"color: #888888;\"><a title=\"Contato\" href=\"http:\/\/www.grafatorio.com\/blog\/index.php\/contato\/\" target=\"_blank\"><span style=\"color: #888888;\">Grafat\u00f3rio<\/span><\/a><\/span>\u00a0\u2219 Avenida Paul Harris, 1575\u00a0\u2219 pr\u00f3ximo ao Aeroporto de Londrina<\/p>\n<h4>Valor<\/h4>\n<p><strong>R$320,00<\/strong><br \/>\nem at\u00e9 12 parcelas no cart\u00e3o de cr\u00e9dito (com juros)<\/p>\n<h4>D\u00favidas?<\/h4>\n<p>Envie uma mensagem para <strong>diogo@grafatorio.com<\/strong><\/p>\n","protected":false},"excerpt":{"rendered":"<p>em at\u00e9 12 parcelas no cart\u00e3o de cr\u00e9dito (com juros)<\/p>\n<h4>Ministrante<\/h4>\n<p><strong>Diogo Blanco<br \/>\n<\/strong><\/p>\n<h4>Descri\u00e7\u00e3o<\/h4>\n<p>O curso de <strong>Caligrafia para iniciantes<\/strong> tem como objetivo o aprendizado do alfabeto fundamental de pena quadrada bem como a introdu\u00e7\u00e3o te\u00f3rica e pr\u00e1tica ao universo da arte da caligrafia.<\/p>\n<h4>Datas e hor\u00e1rios<\/h4>\n<p><del><strong>Turma 1<\/strong>\u00a0\u2013 aos s\u00e1bados das 10h \u00e0s 13h<\/del><br \/>\n<del>Dias 20 e 27 de abril \u2219\u00a04, 18 e 25 de maio \u2219 1 e 8 de junho<\/del><\/p>\n<p><del><strong>Turma 2<\/strong>\u00a0\u2013 \u00e0s ter\u00e7as-feiras das 19h \u00e0s 22h<\/del><br \/>\n<del>Dias 23 e 30 de abril \u2219 7, 21 e 28 de maio\u00a0\u2219\u00a04 e 11 de junho<\/del><\/p>\n<p><del><em>As inscri\u00e7\u00f5es para a Turma 1 se encerram no dia 19 de abril \u00e0s 19h.<br \/>\n<\/em><em>As inscri\u00e7\u00f5es para a Turma 2 se encerram no dia 22 de abril \u00e0s 19h.<\/em><\/del><\/p>\n<p>Inscri\u00e7\u00f5es encerradas.<\/p>\n<h4>Local<\/h4>\n<p><span style=\"color: #888888;\"><a title=\"Contato\" href=\"http:\/\/www.grafatorio.com\/blog\/index.php\/contato\/\" target=\"_blank\"><span style=\"color: #888888;\">Grafat\u00f3rio<\/span><\/a><\/span>\u00a0\u2219 Avenida Paul Harris, 1575\u00a0\u2219 pr\u00f3ximo ao Aeroporto de Londrina<\/p>\n<h4>D\u00favidas?<\/h4>\n<p>Envie uma mensagem para\u00a0<strong>diogo@grafatorio.com<\/strong><\/p>\n","protected":false},"featured_media":715,"template":"","meta":[],"product_brand":[],"product_cat":[22],"product_tag":[],"class_list":{"0":"post-2625","1":"product","2":"type-product","3":"status-publish","4":"has-post-thumbnail","6":"product_cat-atividades","8":"first","9":"outofstock","10":"sold-individually","11":"shipping-taxable","12":"purchasable","13":"product-type-variable"},"_links":{"self":[{"href":"https:\/\/grafatorio.com\/site\/wp-json\/wp\/v2\/product\/2625","targetHints":{"allow":["GET"]}}],"collection":[{"href":"https:\/\/grafatorio.com\/site\/wp-json\/wp\/v2\/product"}],"about":[{"href":"https:\/\/grafatorio.com\/site\/wp-json\/wp\/v2\/types\/product"}],"wp:featuredmedia":[{"embeddable":true,"href":"https:\/\/grafatorio.com\/site\/wp-json\/wp\/v2\/media\/715"}],"wp:attachment":[{"href":"https:\/\/grafatorio.com\/site\/wp-json\/wp\/v2\/media?parent=2625"}],"wp:term":[{"taxonomy":"product_brand","embeddable":true,"href":"https:\/\/grafatorio.com\/site\/wp-json\/wp\/v2\/product_brand?post=2625"},{"taxonomy":"product_cat","embeddable":true,"href":"https:\/\/grafatorio.com\/site\/wp-json\/wp\/v2\/product_cat?post=2625"},{"taxonomy":"product_tag","embeddable":true,"href":"https:\/\/grafatorio.com\/site\/wp-json\/wp\/v2\/product_tag?post=2625"}],"curies":[{"name":"wp","href":"https:\/\/api.w.org\/{rel}","templated":true}]}}