{"id":2528,"date":"2018-05-10T09:34:27","date_gmt":"2018-05-10T12:34:27","guid":{"rendered":"http:\/\/www.grafatorio.com\/blog\/?post_type=product&#038;p=2528"},"modified":"2020-11-25T10:19:14","modified_gmt":"2020-11-25T12:19:14","slug":"livro-visiopoemas","status":"publish","type":"product","link":"https:\/\/grafatorio.com\/site\/produto\/livro-visiopoemas\/","title":{"rendered":"Visiopoemas &#8211; Paulo Menten"},"content":{"rendered":"<p>Esta publica\u00e7\u00e3o re\u00fane poemas concretos criados por Paulo Menten (1927\u20132011) ainda na d\u00e9cada de 1950, na aurora do concretismo!<\/p>\n<p>Menten \u00e9 mais conhecido por seu trabalho como gravurista, mas tamb\u00e9m produziu muitos poemas, a grande maioria in\u00e9ditos. V\u00e1rios deles exploram caracter\u00edsticas evidentemente visuais, a exemplo destes Visiopoemas. Sua breve obra concreta remete a alguns elementos presentes tamb\u00e9m em suas cria\u00e7\u00f5es nas artes pl\u00e1sticas: o desenvolvimento de padr\u00f5es, a explora\u00e7\u00e3o de formas geom\u00e9tricas, etc.<\/p>\n<p>Visiopoemas foi impresso em tipos m\u00f3veis nas oficinas do Grafat\u00f3rio. Objeto est\u00e9tico, o livro explora pap\u00e9is diversos e utiliza recursos gr\u00e1ficos inusitados, com acabamentos artesanais. A obra inclui ainda um posf\u00e1cio que contextualiza os poemas \u00e0 luz da biografia de Menten, fazendo reflex\u00f5es sobre as condi\u00e7\u00f5es subjetivas de sua produ\u00e7\u00e3o.<\/p>\n<p>&nbsp;<\/p>\n<p>&nbsp;<\/p>\n","protected":false},"excerpt":{"rendered":"<p><em>Tiragem<\/em>\u2003120 exemplares<br \/>\n<em>Pap\u00e9is<\/em>\u2003Jornal 50g, Marmorizado 300g, Rives tradition 400g, Triplex 250g e Cart\u00e3o H\u00f6rlle H\/S. Livreto em papel P\u00f3len bold 90g<br \/>\n<em>Impress\u00e3o<\/em>\u2003Tipografia com composi\u00e7\u00e3o manual<br \/>\n<em>Encaderna\u00e7\u00e3o<\/em>\u2003Cinta com folhas soltas e livreto grampeado<br \/>\n<em>Dimens\u00f5es<\/em>\u200313&#215;11,5cm<\/p>\n","protected":false},"featured_media":2552,"template":"","meta":[],"product_brand":[],"product_cat":[25],"product_tag":[],"class_list":{"0":"post-2528","1":"product","2":"type-product","3":"status-publish","4":"has-post-thumbnail","6":"product_cat-produtos","7":"product_shipping_class-livros","9":"first","10":"outofstock","11":"featured","12":"shipping-taxable","13":"purchasable","14":"product-type-simple"},"_links":{"self":[{"href":"https:\/\/grafatorio.com\/site\/wp-json\/wp\/v2\/product\/2528","targetHints":{"allow":["GET"]}}],"collection":[{"href":"https:\/\/grafatorio.com\/site\/wp-json\/wp\/v2\/product"}],"about":[{"href":"https:\/\/grafatorio.com\/site\/wp-json\/wp\/v2\/types\/product"}],"wp:featuredmedia":[{"embeddable":true,"href":"https:\/\/grafatorio.com\/site\/wp-json\/wp\/v2\/media\/2552"}],"wp:attachment":[{"href":"https:\/\/grafatorio.com\/site\/wp-json\/wp\/v2\/media?parent=2528"}],"wp:term":[{"taxonomy":"product_brand","embeddable":true,"href":"https:\/\/grafatorio.com\/site\/wp-json\/wp\/v2\/product_brand?post=2528"},{"taxonomy":"product_cat","embeddable":true,"href":"https:\/\/grafatorio.com\/site\/wp-json\/wp\/v2\/product_cat?post=2528"},{"taxonomy":"product_tag","embeddable":true,"href":"https:\/\/grafatorio.com\/site\/wp-json\/wp\/v2\/product_tag?post=2528"}],"curies":[{"name":"wp","href":"https:\/\/api.w.org\/{rel}","templated":true}]}}