{"id":2231,"date":"2017-12-20T21:00:05","date_gmt":"2017-12-20T23:00:05","guid":{"rendered":"http:\/\/www.grafatorio.com\/blog\/?post_type=product&#038;p=2231"},"modified":"2020-11-25T10:20:23","modified_gmt":"2020-11-25T12:20:23","slug":"livro-a-hora-da-lamina","status":"publish","type":"product","link":"https:\/\/grafatorio.com\/site\/produto\/livro-a-hora-da-lamina\/","title":{"rendered":"A Hora da L\u00e2mina &#8211; Paulo Leminski"},"content":{"rendered":"<p>A Hora da L\u00e2mina re\u00fane os \u00faltimos textos publicados em vida por Paulo Leminski. S\u00e3o oito pequenos ensaios que o poeta soltou na Folha de Londrina, no ano de 1989. Poucos dias ap\u00f3s o \u00faltimo deles, Leminski morreria em Curitiba.<\/p>\n<p>Esses textos derradeiros foram reunidos no primeiro livro da Grafat\u00f3rio Edi\u00e7\u00f5es: s\u00e3o apenas trezentos exemplares feitos de forma artesanal, compostos e impressos com tipos m\u00f3veis e encadernados manualmente, exemplar por exemplar. O volume traz tamb\u00e9m ilustra\u00e7\u00f5es originais criadas por Jo\u00e3o Ruas, e impressas com clich\u00eas tipogr\u00e1ficos.<\/p>\n<p>Embora estivesse com o corpo debilitado pelos excessos alco\u00f3licos, nestes \u00faltimos textos Leminski exercita um v<span class=\"text_exposed_show\">igor e uma lucidez impressionantes. \u00c0 beira da morte, o poeta kamiquase resolve fazer um verdadeiro elogio do conflito, da pot\u00eancia m\u00e1xima da a\u00e7\u00e3o. Ele entende a Arte de Viver como uma modalidade pedestre da Arte da Guerra, e transplanta para a vida de todos os dias as estrat\u00e9gias de mestres como Clausewitz, Sun Tzu e Musashi. Uma pr\u00e1tica b\u00e9lica do ato de viver necess\u00e1ria para o exerc\u00edcio da pr\u00f3pria liberdade. Uma atitude de afirma\u00e7\u00e3o da vida e de si mesmo frente \u00e0s insistentes convoca\u00e7\u00f5es para sermos \u00fateis, instrumentalizados, calculados.<\/span><\/p>\n<p>A Hora da L\u00e2mina contou com o patroc\u00ednio da Secretaria Municipal de Cultura de Londrina, via PROMIC &#8211; Programa Municipal de Incentivo \u00e0 Cultura.<\/p>\n","protected":false},"excerpt":{"rendered":"<p><em>Tiragem<\/em>\u2003300 exemplares<br \/>\n<em>Papel<\/em>\u2003Canson Fine Face 140g<br \/>\n<em>Impress\u00e3o<\/em>\u2003Tipografia com composi\u00e7\u00e3o manual<br \/>\n<em>Encaderna\u00e7\u00e3o<\/em>\u2003Capa dura, costura manual belga secreta<br \/>\n<em>Dimens\u00f5es<\/em>\u200316,5&#215;24,5cm<\/p>\n","protected":false},"featured_media":2255,"template":"","meta":[],"product_brand":[],"product_cat":[25],"product_tag":[],"class_list":{"0":"post-2231","1":"product","2":"type-product","3":"status-publish","4":"has-post-thumbnail","6":"product_cat-produtos","7":"product_shipping_class-livros","9":"first","10":"outofstock","11":"featured","12":"sold-individually","13":"shipping-taxable","14":"purchasable","15":"product-type-simple"},"_links":{"self":[{"href":"https:\/\/grafatorio.com\/site\/wp-json\/wp\/v2\/product\/2231","targetHints":{"allow":["GET"]}}],"collection":[{"href":"https:\/\/grafatorio.com\/site\/wp-json\/wp\/v2\/product"}],"about":[{"href":"https:\/\/grafatorio.com\/site\/wp-json\/wp\/v2\/types\/product"}],"wp:featuredmedia":[{"embeddable":true,"href":"https:\/\/grafatorio.com\/site\/wp-json\/wp\/v2\/media\/2255"}],"wp:attachment":[{"href":"https:\/\/grafatorio.com\/site\/wp-json\/wp\/v2\/media?parent=2231"}],"wp:term":[{"taxonomy":"product_brand","embeddable":true,"href":"https:\/\/grafatorio.com\/site\/wp-json\/wp\/v2\/product_brand?post=2231"},{"taxonomy":"product_cat","embeddable":true,"href":"https:\/\/grafatorio.com\/site\/wp-json\/wp\/v2\/product_cat?post=2231"},{"taxonomy":"product_tag","embeddable":true,"href":"https:\/\/grafatorio.com\/site\/wp-json\/wp\/v2\/product_tag?post=2231"}],"curies":[{"name":"wp","href":"https:\/\/api.w.org\/{rel}","templated":true}]}}