{"id":2066,"date":"2016-06-28T20:39:05","date_gmt":"2016-06-28T20:39:05","guid":{"rendered":"http:\/\/www.grafatorio.com\/blog\/index.php\/produto\/litografiaJUL16"},"modified":"2016-06-28T20:39:05","modified_gmt":"2016-06-28T20:39:05","slug":"litografia-jul16","status":"publish","type":"product","link":"https:\/\/grafatorio.com\/site\/produto\/litografia-jul16\/","title":{"rendered":"Processos em Litografia"},"content":{"rendered":"<p><a name=\"detalhes\"><\/a><\/p>\n<h3>Processos em Litografia<\/h3>\n<h4>Ministrante<\/h4>\n<p><strong>Eduardo Gonzalez Tripp<\/strong> \u00e9 artista visual nascido no M\u00e9xico. Formado em Licenciatura em Artes Visuais na Universidad Aut\u00f3noma Del Estado de Hidalgo, Instituto de Artes. Como colaborador e artista, integrou ateli\u00eas de litografia,\u00a0desenho, gravura, entre outras linguagens. Realizou exposi\u00e7\u00f5es coletivas e individuais no M\u00e9xico. Atualmente tem trabalhado e ministrado oficinas no Est\u00fadio Baren, no Rio de Janeiro. Aqui em Londrina ter\u00e1 parte de seu trabalho exposto na 2\u00aa exposi\u00e7\u00e3o do Expografias 2016.<\/p>\n<p><a href=\"https:\/\/www.facebook.com\/eduardogonzaleztripp\" target=\"_blank\">facebook.com\/eduardogonzaleztripp<br \/>\n<\/a><a href=\"http:\/\/eduardogonzaleztripp.es.tl\" target=\"_blank\">eduardogonzaleztripp.es.tl<\/a><\/p>\n<h4>Descri\u00e7\u00e3o<\/h4>\n<p>O curso\u00a0tem como objetivo apresentar aos participantes\u00a0as bases conceituais,\u00a0formais e t\u00e9cnicas da litografia. As aulas ser\u00e3o ministradas em cinco dias, divididos em se\u00e7\u00f5es pr\u00e1ticas e te\u00f3ricas. Ser\u00e3o apresentados procedimentos planogr\u00e1ficos, t\u00e9cnicas e hist\u00f3ria dos processos litogr\u00e1ficos sobre l\u00e2mina de alum\u00ednio e outras matrizes, al\u00e9m dos\u00a0meios, ferramentas e elementos adequados para realizar a impress\u00e3o litogr\u00e1fica. Nas\u00a0se\u00e7\u00f5es pr\u00e1ticas,\u00a0ser\u00e3o experimentados\u00a0os processos da\u00a0litografia com coca-cola, <em>waterless<\/em> e tradicional.<\/p>\n<h4>Conte\u00fado<\/h4>\n<p>Introdu\u00e7\u00e3o aos procedimentos planogr\u00e1ficos, hist\u00f3ria e t\u00e9cnica da litografia e conhecimento sobre diversas matrizes;<\/p>\n<ul>\n<li>Pr\u00e1tica em litografia <em>waterless<\/em> \u2013\u00a0materiais e t\u00e9cnicas de desenho e impress\u00f5es electrogr\u00e1ficas para transfer\u00eancias;<\/li>\n<li>Pr\u00e1tica em litografia em \u00famido \u2013 materiais e t\u00e9cnicas de desenho;<\/li>\n<li>Princ\u00edpios e fundamentos da impress\u00e3o litogr\u00e1fica.<\/li>\n<\/ul>\n<h4>\u00a0Itens inclusos<\/h4>\n<ul>\n<li>Papel algod\u00e3o;<\/li>\n<li>L\u00e1pis de cera aquarel\u00e1vel;<\/li>\n<li>Delineador;<\/li>\n<li>3 chapas de alum\u00ednio;<\/li>\n<li>Coffee break;<\/li>\n<li>Certificado de participa\u00e7\u00e3o.<\/li>\n<\/ul>\n<h4>Carga hor\u00e1ria<\/h4>\n<p>25 horas.<\/p>\n<h4>Vagas<\/h4>\n<p>9<\/p>\n<h4>Data e hor\u00e1rio<\/h4>\n<p>Dia <strong>18 a 22 de julho\u00a0<\/strong>(segunda a sexta-feira ) das 18h30 \u00e0s 22h30.<br \/>\n<em>As inscri\u00e7\u00f5es para essa atividade se encerram no dia 16 de julho\u00a0\u00e0s 18h30.<\/em><\/p>\n<h4>Local<\/h4>\n<p><a title=\"Contato\" href=\"http:\/\/www.grafatorio.com\/blog\/index.php\/contato\/\" target=\"_blank\">Grafat\u00f3rio<\/a>\u00a0\u2219 Avenida Paul Harris, 1575\u00a0\u2219 pr\u00f3ximo ao Aeroporto de Londrina<\/p>\n<h4>Valor<\/h4>\n<p><del><\/del><strong>R$540,00<\/strong><br \/>\nem at\u00e9 12\u00a0parcela\u00a0no cart\u00e3o de cr\u00e9dito (com juros)<br \/>\n<em>\u2192 R$500,00 para pagamentos \u00e0 vista em dinheiro ou cheque<\/em><\/p>\n<h4>D\u00favidas?<\/h4>\n<p>Envie uma mensagem para\u00a0<strong>contato@grafatorio.com<\/strong><\/p>\n","protected":false},"excerpt":{"rendered":"<p>R$540,00 em at\u00e9 12\u00a0parcelas no cart\u00e3o de cr\u00e9dito (com juros)<br \/>\n<em>\u2192 R$500,00 para pagamentos \u00e0 vista em dinheiro ou cheque<\/em><\/p>\n<h4>Ministrante<\/h4>\n<p>Eduardo Gonzalez Tripp<\/p>\n<h4>Descri\u00e7\u00e3o<\/h4>\n<p>O curso\u00a0tem como objetivo apresentar aos participantes\u00a0as bases conceituais,\u00a0formais e t\u00e9cnicas da litografia. As aulas ser\u00e3o ministradas em cinco dias, divididos\u00a0em se\u00e7\u00f5es pr\u00e1ticas e te\u00f3ricas. Ser\u00e3o apresentados procedimentos planogr\u00e1ficos,\u00a0t\u00e9cnicas e hist\u00f3ria dos processos litogr\u00e1ficos sobre l\u00e2mina de alum\u00ednio e outras matrizes,\u00a0al\u00e9m dos\u00a0meios, ferramentas e elementos adequados para realizar a impress\u00e3o litogr\u00e1fica.\u00a0Nas\u00a0se\u00e7\u00f5es pr\u00e1ticas,\u00a0ser\u00e3o experimentados\u00a0os processos da\u00a0litografia com coca-cola,\u00a0<em>waterless<\/em>\u00a0e tradicional.<\/p>\n<p><a href=\"#detalhes\">\u2192\u00a0Clique aqui para mais detalhes<\/a><\/p>\n<h4>Data e hor\u00e1rio<\/h4>\n<p>Dia <strong>18 a 22 de julho\u00a0<\/strong>(segunda a sexta-feira ) das 18h30 \u00e0s 22h30.<em><br \/>\n<em>As inscri\u00e7\u00f5es para essa atividade se encerram no dia 16 de julho\u00a0\u00e0s 18h30.<\/em><\/em><\/p>\n<h4>Local<\/h4>\n<p><a title=\"Contato\" href=\"http:\/\/www.grafatorio.com\/blog\/index.php\/contato\/\" target=\"_blank\">Grafat\u00f3rio<\/a>\u00a0\u2219 Avenida Paul Harris, 1575\u00a0\u2219 pr\u00f3ximo ao Aeroporto de Londrina<\/p>\n<h4>D\u00favidas?<\/h4>\n<p>Envie uma mensagem para\u00a0<strong>contato@grafatorio.com<\/strong><\/p>\n","protected":false},"featured_media":2072,"template":"","meta":[],"product_brand":[],"product_cat":[22],"product_tag":[],"class_list":{"0":"post-2066","1":"product","2":"type-product","3":"status-publish","4":"has-post-thumbnail","6":"product_cat-atividades","8":"first","9":"outofstock","10":"virtual","11":"sold-individually","12":"purchasable","13":"product-type-simple"},"_links":{"self":[{"href":"https:\/\/grafatorio.com\/site\/wp-json\/wp\/v2\/product\/2066","targetHints":{"allow":["GET"]}}],"collection":[{"href":"https:\/\/grafatorio.com\/site\/wp-json\/wp\/v2\/product"}],"about":[{"href":"https:\/\/grafatorio.com\/site\/wp-json\/wp\/v2\/types\/product"}],"wp:featuredmedia":[{"embeddable":true,"href":"https:\/\/grafatorio.com\/site\/wp-json\/wp\/v2\/media\/2072"}],"wp:attachment":[{"href":"https:\/\/grafatorio.com\/site\/wp-json\/wp\/v2\/media?parent=2066"}],"wp:term":[{"taxonomy":"product_brand","embeddable":true,"href":"https:\/\/grafatorio.com\/site\/wp-json\/wp\/v2\/product_brand?post=2066"},{"taxonomy":"product_cat","embeddable":true,"href":"https:\/\/grafatorio.com\/site\/wp-json\/wp\/v2\/product_cat?post=2066"},{"taxonomy":"product_tag","embeddable":true,"href":"https:\/\/grafatorio.com\/site\/wp-json\/wp\/v2\/product_tag?post=2066"}],"curies":[{"name":"wp","href":"https:\/\/api.w.org\/{rel}","templated":true}]}}