{"id":1750,"date":"2015-03-23T17:06:02","date_gmt":"2015-03-23T17:06:02","guid":{"rendered":"http:\/\/www.grafatorio.com\/blog\/index.php\/produto\/tipos-moveis-composicao-e-impressao\/"},"modified":"2015-03-23T17:06:02","modified_gmt":"2015-03-23T17:06:02","slug":"letterpress","status":"publish","type":"product","link":"https:\/\/grafatorio.com\/site\/produto\/letterpress\/","title":{"rendered":"Letterpress \u2013 composi\u00e7\u00e3o e impress\u00e3o"},"content":{"rendered":"<p><a name=\"detalhes\"><\/a><\/p>\n<h3>Letterpress\u00a0\u2013 composi\u00e7\u00e3o e impress\u00e3o<\/h3>\n<h4>Ministrante<\/h4>\n<p><strong>Silvio Rog\u00e9rio Valduga<\/strong> \u00e9 tip\u00f3grafo nascido em Tr\u00eas Passos, no Rio Grande do Sul. Come\u00e7ou sua carreira no of\u00edcio em 1982 em um jornal de sua cidade natal. Mudou-se para o norte do Paran\u00e1 em 2000, e desde 2002 \u00e9 um dos tip\u00f3grafos da gr\u00e1fica da UEL \u2013 Universidade Estadual de Londrina, onde comp\u00f5e matrizes tipogr\u00e1ficas para a impress\u00e3o de documentos e formul\u00e1rios. \u00c9 autor do livro &#8220;Tradi\u00e7\u00e3o e Cultura Ga\u00facha&#8221;, escrito, montado e impresso por ele pr\u00f3prio em tipografia.<\/p>\n<h4>Descri\u00e7\u00e3o<\/h4>\n<p>A oficina \u00e9 uma introdu\u00e7\u00e3o \u00e0 t\u00e9cnica da composi\u00e7\u00e3o manual com tipos m\u00f3veis. Inicialmente os alunos v\u00e3o conhecer um pouco sobre o m\u00e9todo tipogr\u00e1fico, seus jarg\u00f5es e instrumentos. Na segunda etapa os participantes executar\u00e3o composi\u00e7\u00f5es com tipos de metal. Estas composi\u00e7\u00f5es ser\u00e3o reproduzidas em cart\u00f5es de visita, utilizando uma impressora minerva Original\u00a0Heidelberg.<\/p>\n<h4 align=\"JUSTIFY\">Conte\u00fado<\/h4>\n<ul>\n<li>No\u00e7\u00f5es de medidas tipogr\u00e1ficas: ponto, quadrado, furo;<\/li>\n<li>Ferramentas do tip\u00f3grafo: tipo, gaveta de tipos, material branco, componedor e bolandeira;<\/li>\n<li>Composi\u00e7\u00e3o manual das matrizes;<\/li>\n<li>Impress\u00e3o de cart\u00f5es de visita em <em>letterpress<\/em>.<\/li>\n<\/ul>\n<h4>Ferramentas e equipamentos dispon\u00edveis<\/h4>\n<ul>\n<li>Impressora tipogr\u00e1fica minerva Original Heidelberg;<\/li>\n<li>Tipos m\u00f3veis de metal e madeira;<\/li>\n<li>Equipamentos para composi\u00e7\u00e3o manual.<\/li>\n<\/ul>\n<h4>Itens inclusos<\/h4>\n<ul>\n<li>100\u00a0cart\u00f5es de visita produzidos na oficina por aluno;<\/li>\n<li>Coffee break;<\/li>\n<li>Certificado de participa\u00e7\u00e3o.<\/li>\n<\/ul>\n<h4>Carga hor\u00e1ria<\/h4>\n<p>8 horas.<\/p>\n<h4>Vagas<\/h4>\n<p>5<\/p>\n<h4>Data e hor\u00e1rio<\/h4>\n<p>Dia\u00a0<strong>18 de abril\u00a0<\/strong>(s\u00e1bado) das 9h \u00e0s 18h \u2013 com 1h de intervalo para almo\u00e7o.<br \/>\n<em>As inscri\u00e7\u00f5es para essa atividade se encerram no dia 16\u00a0de abril\u00a0\u00e0s 18h30.<\/em><\/p>\n<h4>Local<\/h4>\n<p><a title=\"Contato\" href=\"http:\/\/www.grafatorio.com\/blog\/index.php\/contato\/\" target=\"_blank\">Grafat\u00f3rio<\/a>\u00a0\u2219 Avenida Paul Harris, 1575\u00a0\u2219 pr\u00f3ximo ao Aeroporto de Londrina<\/p>\n<h4>Valor<\/h4>\n<p><del><\/del><strong>R$180,00<\/strong><br \/>\nem at\u00e9 12\u00a0parcela\u00a0no cart\u00e3o de cr\u00e9dito (com juros)<br \/>\n<em>\u2192 R$165,00 para pagamentos \u00e0 vista em dinheiro ou cheque<\/em><\/p>\n<h4>D\u00favidas?<\/h4>\n<p>Envie uma mensagem para\u00a0<strong>contato@grafatorio.com<\/strong><\/p>\n","protected":false},"excerpt":{"rendered":"<p>em at\u00e9 12\u00a0parcela\u00a0no cart\u00e3o de cr\u00e9dito (com juros)<br \/>\n<em>\u2192 R$165,00 para pagamentos \u00e0 vista em dinheiro ou cheque<\/em><\/p>\n<h4>Ministrante<\/h4>\n<p><strong>Silvio Valduga<\/strong>, tip\u00f3grafo<\/p>\n<h4>Descri\u00e7\u00e3o<\/h4>\n<p>A oficina \u00e9 uma introdu\u00e7\u00e3o \u00e0 t\u00e9cnica da composi\u00e7\u00e3o manual com tipos m\u00f3veis. Inicialmente os alunos v\u00e3o conhecer um pouco sobre o m\u00e9todo tipogr\u00e1fico, seus jarg\u00f5es e instrumentos. Na segunda etapa os participantes executar\u00e3o composi\u00e7\u00f5es com tipos de metal. Estas composi\u00e7\u00f5es ser\u00e3o reproduzidas em cart\u00f5es de visita, utilizando uma impressora minerva Original\u00a0Heidelberg.<\/p>\n<p><a href=\"#detalhes\">\u2192\u00a0Clique aqui para mais detalhes<\/a><\/p>\n<h4>Data e hor\u00e1rio<\/h4>\n<p>Dia\u00a0<strong>18 de abril\u00a0<\/strong>(s\u00e1bado) das 9h \u00e0s 18h \u2013 com 1h de intervalo para almo\u00e7o.<em><br \/>\n<em>As inscri\u00e7\u00f5es para essa atividade se encerram no dia 16\u00a0de abril\u00a0\u00e0s 18h30.<\/em><\/em><\/p>\n<h4>Local<\/h4>\n<p><a title=\"Contato\" href=\"http:\/\/www.grafatorio.com\/blog\/index.php\/contato\/\" target=\"_blank\">Grafat\u00f3rio<\/a>\u00a0\u2219 Avenida Paul Harris, 1575\u00a0\u2219 pr\u00f3ximo ao Aeroporto de Londrina<\/p>\n<h4>D\u00favidas?<\/h4>\n<p>Envie uma mensagem para\u00a0<strong>contato@grafatorio.com<\/strong><\/p>\n","protected":false},"featured_media":1774,"template":"","meta":[],"product_brand":[],"product_cat":[22],"product_tag":[],"class_list":{"0":"post-1750","1":"product","2":"type-product","3":"status-publish","4":"has-post-thumbnail","6":"product_cat-atividades","8":"first","9":"outofstock","10":"virtual","11":"sold-individually","12":"purchasable","13":"product-type-simple"},"_links":{"self":[{"href":"https:\/\/grafatorio.com\/site\/wp-json\/wp\/v2\/product\/1750","targetHints":{"allow":["GET"]}}],"collection":[{"href":"https:\/\/grafatorio.com\/site\/wp-json\/wp\/v2\/product"}],"about":[{"href":"https:\/\/grafatorio.com\/site\/wp-json\/wp\/v2\/types\/product"}],"wp:featuredmedia":[{"embeddable":true,"href":"https:\/\/grafatorio.com\/site\/wp-json\/wp\/v2\/media\/1774"}],"wp:attachment":[{"href":"https:\/\/grafatorio.com\/site\/wp-json\/wp\/v2\/media?parent=1750"}],"wp:term":[{"taxonomy":"product_brand","embeddable":true,"href":"https:\/\/grafatorio.com\/site\/wp-json\/wp\/v2\/product_brand?post=1750"},{"taxonomy":"product_cat","embeddable":true,"href":"https:\/\/grafatorio.com\/site\/wp-json\/wp\/v2\/product_cat?post=1750"},{"taxonomy":"product_tag","embeddable":true,"href":"https:\/\/grafatorio.com\/site\/wp-json\/wp\/v2\/product_tag?post=1750"}],"curies":[{"name":"wp","href":"https:\/\/api.w.org\/{rel}","templated":true}]}}