{"id":1534,"date":"2014-09-02T20:07:11","date_gmt":"2014-09-02T20:07:11","guid":{"rendered":"http:\/\/www.grafatorio.com\/blog\/index.php\/produto\/caligrafia-para-iniciantes-set14\/"},"modified":"2014-09-02T20:07:11","modified_gmt":"2014-09-02T20:07:11","slug":"caligrafia-para-iniciantes-set14","status":"publish","type":"product","link":"https:\/\/grafatorio.com\/site\/produto\/caligrafia-para-iniciantes-set14\/","title":{"rendered":"Caligrafia para iniciantes"},"content":{"rendered":"<p><a name=\"detalhes\"><\/a><\/p>\n<h4>Ministrante<\/h4>\n<p><strong>Diogo Blanco<\/strong> formou-se em Design Gr\u00e1fico na UEL (Universidade Estadual de Londrina\/PR) no ano de 2005. Estudou cinema na AIC (Academia Internacional de Cinema em S\u00e3o Paulo\/SP) entre 2008 \u2013 2010. \u00c9 co-fundador e diretor da associa\u00e7\u00e3o cultural Grafat\u00f3rio.<\/p>\n<p><a href=\"http:\/\/www.diogoblanco.com\" target=\"_blank\"><span style=\"color: #888888;\"><span style=\"color: #888888;\">www.diogoblanco.com<\/span><\/span><\/a><br \/>\n<span style=\"color: #888888;\"><a href=\"http:\/\/www.facebook.com\/dblanco83\" target=\"_blank\"><span style=\"color: #888888;\">www.facebook.com\/dblanco83<\/span><\/a><\/span><\/p>\n<h4>Descri\u00e7\u00e3o<\/h4>\n<p>O curso de <strong>Caligrafia para iniciantes<\/strong> tem como objetivo o aprendizado do alfabeto fundamental de pena quadrada bem como a introdu\u00e7\u00e3o te\u00f3rica e pr\u00e1tica ao universo da arte da caligrafia.<\/p>\n<h4>Conte\u00fado<\/h4>\n<ul>\n<li><strong>Te\u00f3rico<\/strong>\n<ul>\n<li>Defini\u00e7\u00e3o de Caligrafia<\/li>\n<li>Diferen\u00e7as entre Escrita, Caligrafia, Tipografia, Lettering e Ilustra\u00e7\u00e3o<\/li>\n<li>Breve Hist\u00f3rico: Alfabeto Ocidental<\/li>\n<li>Materiais<\/li>\n<li>Estrutura de Pauta, Letra e Texto<\/li>\n<li>Estilos Caligr\u00e1ficos<\/li>\n<\/ul>\n<\/li>\n<li><strong>Pr\u00e1tico<\/strong>\n<ul>\n<li>Formas B\u00e1sicas<\/li>\n<li>Alfabeto Fundamental<\/li>\n<li>Experimenta\u00e7\u00e3o<\/li>\n<\/ul>\n<\/li>\n<\/ul>\n<h4>P\u00fablico<\/h4>\n<p>Profissionais, estudantes e entusiastas de artes visuais, design, tatuagem e afins.<\/p>\n<h4>Itens inclusos<\/h4>\n<ul>\n<li>Kit b\u00e1sico para caligrafia (cabo, pena caligr\u00e1fica e tinta gouache talens);<\/li>\n<li>Material de apoio;<\/li>\n<li>Coffee break;<\/li>\n<li>Certificado de participa\u00e7\u00e3o.<\/li>\n<\/ul>\n<h4>Datas e hor\u00e1rios<\/h4>\n<p><em><em>aula 1: segunda, dia 29\/setembro das 19:30h \u00e0s 22:30h<\/em><br \/>\naula 2: ter\u00e7a, dia 30\/setembro das 19:30h \u00e0s 22:30h<\/em><br \/>\n<em> aula 3:\u00a0quarta, dia 1\/outubro das 19:30h \u00e0s 22:30h<\/em><br \/>\n<em> aula 4:\u00a0quinta, dia 2\/outubro\u00a0das 19:30h \u00e0s 22:30h<\/em><br \/>\n<em> aula 5:\u00a0sexta, dia 3\/outubro das 19:30h \u00e0s 22:30h<\/em><\/p>\n<p>As inscri\u00e7\u00f5es se encerram no dia 26 de setembro\u00a0\u00e0s 19h.<\/p>\n<h4>Vagas<\/h4>\n<p>8<\/p>\n<h4>Carga hor\u00e1ria<\/h4>\n<p>15 horas.<\/p>\n<h4><strong>Local<\/strong><\/h4>\n<p><a title=\"Contato\" href=\"http:\/\/www.grafatorio.com\/blog\/index.php\/contato\/\" target=\"_blank\">Grafat\u00f3rio<\/a>\u00a0\u2219 Avenida Paul Harris, 1575\u00a0\u2219 pr\u00f3ximo ao Aeroporto de Londrina<\/p>\n<h4>Valor<\/h4>\n<p><strong>R$ 390,00<\/strong><br \/>\nem at\u00e9 12 parcelas no cart\u00e3o de cr\u00e9dito (com juros)<br \/>\n<em>\u2192 R$365,00 para pagamentos \u00e0 vista em dinheiro ou cheque<\/em><\/p>\n<h4>D\u00favidas?<\/h4>\n<p>Envie uma mensagem para <strong>diogo@grafatorio.com<\/strong><\/p>\n","protected":false},"excerpt":{"rendered":"<p>em at\u00e9 12 parcelas no cart\u00e3o de cr\u00e9dito (com juros)<br \/>\n<em>\u2192 R$365,00 para pagamentos \u00e0 vista em dinheiro ou cheque<\/em><\/p>\n<h4>Ministrante<\/h4>\n<p><strong>Diogo Blanco <\/strong><\/p>\n<h4>Descri\u00e7\u00e3o<\/h4>\n<p>O curso de <strong>Caligrafia para iniciantes<\/strong> tem como objetivo o aprendizado do alfabeto fundamental de pena quadrada bem como a introdu\u00e7\u00e3o te\u00f3rica e pr\u00e1tica ao universo da arte da caligrafia.<\/p>\n<p><a href=\"#detalhes\">\u2192\u00a0Clique aqui para mais detalhes<\/a><\/p>\n<h4>Datas e hor\u00e1rios<\/h4>\n<p><em><em>aula 1:\u00a0segunda, dia 29\/setembro das 19:30h \u00e0s 22:30h<\/em><br \/>\naula 2: ter\u00e7a, dia 30\/setembro das 19:30h \u00e0s 22:30h<\/em><br \/>\n<em>aula 3:\u00a0quarta, dia 1\/outubro\u00a0das 19:30h \u00e0s 22:30h<\/em><br \/>\n<em>aula 4:\u00a0quinta, dia 2\/outubro\u00a0das 19:30h \u00e0s 22:30h<\/em><br \/>\n<em>aula 5:\u00a0sexta, dia 3\/outubro\u00a0das 19:30h \u00e0s 22:30h<\/em><\/p>\n<h4>Vagas<\/h4>\n<p>8<\/p>\n<h4>Local<\/h4>\n<p><a title=\"Contato\" href=\"http:\/\/www.grafatorio.com\/blog\/index.php\/contato\/\" target=\"_blank\">Grafat\u00f3rio<\/a>\u00a0\u2219 Avenida Paul Harris, 1575\u00a0\u2219 pr\u00f3ximo ao Aeroporto de Londrina<\/p>\n<h4>D\u00favidas?<\/h4>\n<p>Envie uma mensagem para\u00a0<strong>diogo@grafatorio.com<\/strong><\/p>\n","protected":false},"featured_media":1541,"template":"","meta":[],"product_brand":[],"product_cat":[22],"product_tag":[],"class_list":{"0":"post-1534","1":"product","2":"type-product","3":"status-publish","4":"has-post-thumbnail","6":"product_cat-atividades","8":"first","9":"outofstock","10":"virtual","11":"sold-individually","12":"purchasable","13":"product-type-simple"},"_links":{"self":[{"href":"https:\/\/grafatorio.com\/site\/wp-json\/wp\/v2\/product\/1534","targetHints":{"allow":["GET"]}}],"collection":[{"href":"https:\/\/grafatorio.com\/site\/wp-json\/wp\/v2\/product"}],"about":[{"href":"https:\/\/grafatorio.com\/site\/wp-json\/wp\/v2\/types\/product"}],"wp:featuredmedia":[{"embeddable":true,"href":"https:\/\/grafatorio.com\/site\/wp-json\/wp\/v2\/media\/1541"}],"wp:attachment":[{"href":"https:\/\/grafatorio.com\/site\/wp-json\/wp\/v2\/media?parent=1534"}],"wp:term":[{"taxonomy":"product_brand","embeddable":true,"href":"https:\/\/grafatorio.com\/site\/wp-json\/wp\/v2\/product_brand?post=1534"},{"taxonomy":"product_cat","embeddable":true,"href":"https:\/\/grafatorio.com\/site\/wp-json\/wp\/v2\/product_cat?post=1534"},{"taxonomy":"product_tag","embeddable":true,"href":"https:\/\/grafatorio.com\/site\/wp-json\/wp\/v2\/product_tag?post=1534"}],"curies":[{"name":"wp","href":"https:\/\/api.w.org\/{rel}","templated":true}]}}