{"id":1509,"date":"2014-08-18T17:27:57","date_gmt":"2014-08-18T17:27:57","guid":{"rendered":"http:\/\/www.grafatorio.com\/blog\/index.php\/produto\/xilogravura\/"},"modified":"2014-08-18T17:27:57","modified_gmt":"2014-08-18T17:27:57","slug":"oficina-xilogravura","status":"publish","type":"product","link":"https:\/\/grafatorio.com\/site\/produto\/oficina-xilogravura\/","title":{"rendered":"Oficina de Xilogravura"},"content":{"rendered":"<p><a name=\"detalhes\"><\/a><\/p>\n<h4>Ministrante<\/h4>\n<p><strong>Carolina Sobreira<\/strong>, graduada em Artes Visuais pela Universidade Estadual de Londrina, \u00e9 arte-educadora e gravadora tendo dedicado-se a produ\u00e7\u00e3o art\u00edstica em gravura desde 2011. Organizou a\u00a0 &#8220;I Semana de Arte, Arquitetura e Urbanismo&#8221; onde tamb\u00e9m ministrou oficinas de Aquarela, o minicurso &#8220;Mapas, derivas e desvios&#8221; (junto ao coletivo conjunto vazio BH). Participou do projeto de extens\u00e3o &#8220;Xilogravura e Calcogravura: atividades de pesquisa gr\u00e1fica e extens\u00e3o&#8221; tendo ministrado oficinas gr\u00e1ficas na Escola Municipal Luiz Marques Castelo e Vila Cultural Alma Brasil. Atuou como integrante no Pibid Artes Visuais ( inicia\u00e7\u00e3o a doc\u00eancia) da UEL durante 2012 e 2013. Em 2013 apresentou na galeria de Artes Visuais da UEL exposi\u00e7\u00e3o intitulada &#8220;Pontos de Conex\u00e3o&#8221;, gravuras e desenhos. Expos xilogravura de grande dimens\u00e3o &#8220;Dimens\u00e3o&#8221;e calcogravura &#8220;Sonho&#8221; em exposi\u00e7\u00e3o dos formandos e ateli\u00ea permanente na Casa de Cultura, divis\u00e3o de Artes Pl\u00e1sticas. Apresentou instala\u00e7\u00e3o com xilogravuras no Sesc Londrina em 2014.<\/p>\n<p><a href=\"http:\/\/carolinasobreira.wix.com\/sobreiragravuras\" target=\"_blank\">carolinasobreira.wix.com\/sobreiragravuras<\/a><br \/>\n<a href=\"http:\/\/facebook.com\/sobreiragravuras\" target=\"_blank\">facebook.com\/sobreiragravuras<\/a><\/p>\n<h4><span style=\"font-size: 1em; color: #333333;\">Descri\u00e7\u00e3o<\/span><\/h4>\n<p>A oficina de xilogravura \u00e9 uma introdu\u00e7\u00e3o a esta t\u00e9cnica milenar de cria\u00e7\u00e3o e reprodu\u00e7\u00e3o de imagem. Ser\u00e3o trabalhados aspectos da hist\u00f3ria da xilo, manuseio das ferramentas e processo criativo. No decorrer dos encontros os participantes produzir\u00e3o tr\u00eas matrizes e far\u00e3o impress\u00f5es destas.<\/p>\n<h4 align=\"JUSTIFY\">Conte\u00fado<\/h4>\n<ul>\n<li>Panorama geral da hist\u00f3ria da xilo e manejo das ferramentas;<\/li>\n<li>Matriz em uma s\u00f3 cor: \u201cclaro e escuro\u201d e texturas;<\/li>\n<li>Gravura colorida e no\u00e7\u00f5es b\u00e1sicas da gravura japonesa;<\/li>\n<li>Gravura, cartaz e comunica\u00e7\u00e3o.<\/li>\n<\/ul>\n<h4>Itens inclusos<\/h4>\n<ul>\n<li>Kit de goivas para ser utilizado durante o curso;<\/li>\n<li>Madeira para a produ\u00e7\u00e3o das matrizes;<\/li>\n<li>Pap\u00e9is;<\/li>\n<li>Tintas gr\u00e1ficas;<\/li>\n<li>Mateirais para impress\u00e3o;<\/li>\n<li>Coffee break;<\/li>\n<li>Certificado de participa\u00e7\u00e3o.<\/li>\n<\/ul>\n<h4>Carga hor\u00e1ria<\/h4>\n<p>4 encontros de 3 horas cada, totalizando 12 horas de atividades.<strong><br \/>\n<\/strong><\/p>\n<h4>Data e hor\u00e1rio<\/h4>\n<p>Aos s\u00e1bados, dias <strong>13, 20, 27 de setembro <\/strong>e <strong>4 de outubro <\/strong>das 9h \u00e0s 12h.<br \/>\n<em>As inscri\u00e7\u00f5es para esta atividade se encerram no dia 10 de setembro \u00e0s 19h.<\/em><\/p>\n<h4>Local<\/h4>\n<p><a title=\"Contato\" href=\"http:\/\/www.grafatorio.com\/blog\/index.php\/contato\/\" target=\"_blank\">Grafat\u00f3rio<\/a>\u00a0\u2219 Avenida Paul Harris, 1575\u00a0\u2219 pr\u00f3ximo ao Aeroporto de Londrina<\/p>\n<h4>Valor<\/h4>\n<p><strong>R$180,00<\/strong><br \/>\nem at\u00e9 12\u00d7\u00a0no cart\u00e3o de cr\u00e9dito (com juros) via PagSeguro<br \/>\n<em>\u2192 R$165,00 para pagamentos \u00e0 vista em dinheiro ou cheque<\/em><\/p>\n<h4>D\u00favidas?<\/h4>\n<p>Envie uma mensagem para\u00a0<strong>contato@grafatorio.com<\/strong><\/p>\n","protected":false},"excerpt":{"rendered":"<p>em at\u00e9 12\u00d7\u00a0no cart\u00e3o de cr\u00e9dito (com juros) via PagSeguro<\/p>\n<h4>Ministrante<\/h4>\n<p><b>Carolina Sobreira<\/b><\/p>\n<h4>Descri\u00e7\u00e3o<\/h4>\n<p>A oficina de xilogravura \u00e9 uma introdu\u00e7\u00e3o a esta t\u00e9cnica milenar de cria\u00e7\u00e3o e reprodu\u00e7\u00e3o de imagem. Ser\u00e3o trabalhados aspectos da hist\u00f3ria da xilo, manuseio das ferramentas e processo criativo. No decorrer dos encontros os participantes produzir\u00e3o tr\u00eas matrizes e far\u00e3o impress\u00f5es destas.<\/p>\n<p><a href=\"#detalhes\">\u2192\u00a0Clique aqui para mais detalhes<\/a><\/p>\n<h4>Data e hor\u00e1rio<\/h4>\n<p>Aos s\u00e1bados, dias <strong>13, 20, 27 de setembro <\/strong>e <strong>4 de outubro <\/strong>das 9h \u00e0s 12h.<em><br \/>\n<em>As inscri\u00e7\u00f5es para esta atividade se encerram no dia 10 de setembro \u00e0s 19h.<\/em><\/em><\/p>\n<h4>Local<\/h4>\n<p><a title=\"Contato\" href=\"http:\/\/www.grafatorio.com\/blog\/index.php\/contato\/\" target=\"_blank\">Grafat\u00f3rio<\/a>\u00a0\u2219 Avenida Paul Harris, 1575\u00a0\u2219 pr\u00f3ximo ao Aeroporto de Londrina<\/p>\n<h4>D\u00favidas?<\/h4>\n<p>Envie uma mensagem para\u00a0<strong>contato@grafatorio.com<\/strong><\/p>\n","protected":false},"featured_media":1520,"template":"","meta":[],"product_brand":[],"product_cat":[22],"product_tag":[],"class_list":{"0":"post-1509","1":"product","2":"type-product","3":"status-publish","4":"has-post-thumbnail","6":"product_cat-atividades","8":"first","9":"outofstock","10":"virtual","11":"sold-individually","12":"purchasable","13":"product-type-simple"},"_links":{"self":[{"href":"https:\/\/grafatorio.com\/site\/wp-json\/wp\/v2\/product\/1509","targetHints":{"allow":["GET"]}}],"collection":[{"href":"https:\/\/grafatorio.com\/site\/wp-json\/wp\/v2\/product"}],"about":[{"href":"https:\/\/grafatorio.com\/site\/wp-json\/wp\/v2\/types\/product"}],"wp:featuredmedia":[{"embeddable":true,"href":"https:\/\/grafatorio.com\/site\/wp-json\/wp\/v2\/media\/1520"}],"wp:attachment":[{"href":"https:\/\/grafatorio.com\/site\/wp-json\/wp\/v2\/media?parent=1509"}],"wp:term":[{"taxonomy":"product_brand","embeddable":true,"href":"https:\/\/grafatorio.com\/site\/wp-json\/wp\/v2\/product_brand?post=1509"},{"taxonomy":"product_cat","embeddable":true,"href":"https:\/\/grafatorio.com\/site\/wp-json\/wp\/v2\/product_cat?post=1509"},{"taxonomy":"product_tag","embeddable":true,"href":"https:\/\/grafatorio.com\/site\/wp-json\/wp\/v2\/product_tag?post=1509"}],"curies":[{"name":"wp","href":"https:\/\/api.w.org\/{rel}","templated":true}]}}