{"id":1204,"date":"2013-10-07T20:08:12","date_gmt":"2013-10-07T20:08:12","guid":{"rendered":"http:\/\/www.grafatorio.com\/blog\/index.php\/produto\/serigrafia\/"},"modified":"2021-08-13T13:00:55","modified_gmt":"2021-08-13T16:00:55","slug":"serigrafia-2","status":"publish","type":"product","link":"https:\/\/grafatorio.com\/site\/produto\/serigrafia-2\/","title":{"rendered":"Serigrafia!"},"content":{"rendered":"<p><a name=\"detalhes\"><\/a><\/p>\n<h3>Serigrafia!<\/h3>\n<h4>Ministrante<\/h4>\n<p><strong>SEM\/REGISTRO<\/strong> \u00e9 uma revista de gravura que convida artistas visuais a experimentar a serigrafia como t\u00e9cnica que limita e liberta \u2013 o m\u00faltiplo, o impresso \u2013 em tiragem restrita como exerc\u00edcio de s\u00e9rie.<\/p>\n<p>_<br \/>\n<strong>Felipe Cavalcante <\/strong>\u00e9 formado em design gr\u00e1fico pela Universidade de Bras\u00edlia (UnB), foi s\u00f3cio fundador do Mopa, est\u00fadio de design e ilustra\u00e7\u00e3o. Participou do London Design Festival na exposi\u00e7\u00e3o Celebrating September. Professor subtituto do departamento de design da UnB, ministrou as disciplinas: tipografia, materiais e processos de impress\u00e3o, ilustra\u00e7\u00e3o. Faz parte do Irm\u00e3os Colagem, projeto coletivo com J\u00falio Lapagesse e Pedro Ivo Ver\u00e7osa que desenvolve pain\u00e9is em colagens gigantes. Tamb\u00e9m com Ver\u00e7osa \u00e9 editor da Sem\/Registro, \u00e1lbum de gravuras impressas em serigrafia.<\/p>\n<p><strong>Pedro Ivo Ver\u00e7osa<\/strong>\u00a0\u00e9<strong>\u00a0<\/strong>artista pl\u00e1stico formado pela UnB, seu principal trabalho est\u00e1 na pintura. Sua pesquisa estende-se tamb\u00e9m a diversas m\u00eddias como colagem, desenho, fotografia e anima\u00e7\u00e3o.<\/p>\n<p><a href=\"http:\/\/www.semregistro.com\" target=\"_blank\">semregistro.com<\/a><br \/>\n<a href=\"http:\/\/www.felipecavalcante.com\" target=\"_blank\">felipecavalcante.com<\/a><br \/>\n<a href=\"http:\/\/www.pedrovercosa.com\" target=\"_blank\">pedrovercosa.com<\/a><\/p>\n<h4>Descri\u00e7\u00e3o<\/h4>\n<p>A oficina procura estudar serigrafia enquanto linguagem partindo de um primeiro contato com a t\u00e9cnica.\u00a0Ap\u00f3s uma introdu\u00e7\u00e3o te\u00f3rica ser\u00e3o experinciadas todas as etapas do processo.\u00a0Ao final ser\u00e1 impressa uma publica\u00e7\u00e3o coletiva, gerada a partir da produ\u00e7\u00e3o dos participantes durante a atividade.<\/p>\n<h4 align=\"JUSTIFY\">Conte\u00fado<\/h4>\n<ul>\n<li>Introdu\u00e7\u00e3o te\u00f3rica;<\/li>\n<li>Apresenta\u00e7\u00e3o do material;<\/li>\n<li>Limites e possibilidades da t\u00e9cnica;<\/li>\n<li>Proposta da publica\u00e7\u00e3o;<\/li>\n<li>Colabora\u00e7\u00f5es dos participantes;<\/li>\n<li>Preparo da matriz;<\/li>\n<li>Revela\u00e7\u00e3o;<\/li>\n<li>Impress\u00e3o da publica\u00e7\u00e3o;<\/li>\n<li>Acabamento;<\/li>\n<li>Reflex\u00e3o sobre a produ\u00e7\u00e3o.<\/li>\n<\/ul>\n<h4>Materiais necess\u00e1rios (responsabilidade do participante)<\/h4>\n<ul>\n<li>L\u00e1pis;<\/li>\n<li>Nanquim \u2013 tinta e pincel ou caneta;<\/li>\n<li>Esbo\u00e7os soltos (opcional).<\/li>\n<\/ul>\n<h4>Itens inclusos<\/h4>\n<ul>\n<li>Material para experi\u00eanciar o processo;<\/li>\n<li>Publica\u00e7\u00e3o impressa resultante da oficina;<\/li>\n<li>Coffee break;<\/li>\n<li>Certificado de participa\u00e7\u00e3o.<\/li>\n<\/ul>\n<h4>Carga hor\u00e1ria<\/h4>\n<p>9 horas.<\/p>\n<h4>Data e hor\u00e1rio<\/h4>\n<p>Dia\u00a0<strong>29 de novembro<\/strong>\u00a0(sexta-feira) das 14h \u00e0s 19h e<br \/>\nDia\u00a0<strong>30 de novembro<\/strong>\u00a0(s\u00e1bado) das 9h \u00e0s 13h.<br \/>\n<em>As inscri\u00e7\u00f5es para essa atividade se encerram no dia 25 de novembro \u00e0s 19h.<\/em><\/p>\n<h4>Local<\/h4>\n<p><a title=\"Contato\" href=\"http:\/\/www.grafatorio.com\/blog\/index.php\/contato\/\" target=\"_blank\">Grafat\u00f3rio<\/a>\u00a0\u2219 Avenida Paul Harris, 1575\u00a0\u2219 pr\u00f3ximo ao Aeroporto de Londrina<\/p>\n<h4>Valor<\/h4>\n<p><del>R$290,00<\/del> <strong>R$250,00 <\/strong>\u2013 valor promocional v\u00e1lido at\u00e9 o dia 6 de novembro<br \/>\nem at\u00e9 12\u00d7\u00a0no cart\u00e3o de cr\u00e9dito (com juros) via PagSeguro<\/p>\n<p><em>\u2192\u00a05% de desconto para pagamentos \u00e0 vista em dinheiro ou cheque<strong><\/strong><\/em><\/p>\n<h4>D\u00favidas?<\/h4>\n<p>Envie uma mensagem para\u00a0<strong>contato@grafatorio.com<\/strong><\/p>\n","protected":false},"excerpt":{"rendered":"<p>em at\u00e9 12\u00d7\u00a0no cart\u00e3o de cr\u00e9dito (com juros) via PagSeguro<\/p>\n<h4>Ministrante<\/h4>\n<p><strong>SEM\/REGISTRO:\u00a0<\/strong>Felipe Cavalcante e\u00a0Pedro Ivo\u00a0Ver\u00e7osa<\/p>\n<h4>Descri\u00e7\u00e3o<\/h4>\n<p>A oficina procura estudar serigrafia enquanto linguagem partindo de um primeiro contato com a t\u00e9cnica.\u00a0Ap\u00f3s uma introdu\u00e7\u00e3o te\u00f3rica ser\u00e3o experinciadas todas as etapas do processo.\u00a0Ao final ser\u00e1 impressa uma publica\u00e7\u00e3o coletiva, gerada a partir da produ\u00e7\u00e3o dos participantes durante a atividade.<\/p>\n<p><a href=\"#detalhes\">\u2192\u00a0Clique aqui para mais detalhes<\/a><\/p>\n<h4>Data e hor\u00e1rio<\/h4>\n<p>Dia\u00a0<strong>29 de novembro<\/strong>\u00a0(sexta-feira) das 14h \u00e0s 19h e<br \/>\nDia\u00a0<strong>30 de novembro<\/strong>\u00a0(s\u00e1bado) das 9h \u00e0s 13h.<br \/>\n<em>As inscri\u00e7\u00f5es para essa atividade se encerram no dia 25 de novembro \u00e0s 19h.<\/em><\/p>\n<h4>Local<\/h4>\n<p><a title=\"Contato\" href=\"http:\/\/www.grafatorio.com\/blog\/index.php\/contato\/\" target=\"_blank\">Grafat\u00f3rio<\/a>\u00a0\u2219 Avenida Paul Harris, 1575\u00a0\u2219 pr\u00f3ximo ao Aeroporto de Londrina<\/p>\n<h4>D\u00favidas?<\/h4>\n<p>Envie uma mensagem para\u00a0<strong>contato@grafatorio.com<\/strong><\/p>\n","protected":false},"featured_media":1238,"template":"","meta":[],"product_brand":[],"product_cat":[22],"product_tag":[],"class_list":{"0":"post-1204","1":"product","2":"type-product","3":"status-publish","4":"has-post-thumbnail","6":"product_cat-atividades","8":"first","9":"outofstock","10":"virtual","11":"sold-individually","12":"purchasable","13":"product-type-simple"},"_links":{"self":[{"href":"https:\/\/grafatorio.com\/site\/wp-json\/wp\/v2\/product\/1204","targetHints":{"allow":["GET"]}}],"collection":[{"href":"https:\/\/grafatorio.com\/site\/wp-json\/wp\/v2\/product"}],"about":[{"href":"https:\/\/grafatorio.com\/site\/wp-json\/wp\/v2\/types\/product"}],"wp:featuredmedia":[{"embeddable":true,"href":"https:\/\/grafatorio.com\/site\/wp-json\/wp\/v2\/media\/1238"}],"wp:attachment":[{"href":"https:\/\/grafatorio.com\/site\/wp-json\/wp\/v2\/media?parent=1204"}],"wp:term":[{"taxonomy":"product_brand","embeddable":true,"href":"https:\/\/grafatorio.com\/site\/wp-json\/wp\/v2\/product_brand?post=1204"},{"taxonomy":"product_cat","embeddable":true,"href":"https:\/\/grafatorio.com\/site\/wp-json\/wp\/v2\/product_cat?post=1204"},{"taxonomy":"product_tag","embeddable":true,"href":"https:\/\/grafatorio.com\/site\/wp-json\/wp\/v2\/product_tag?post=1204"}],"curies":[{"name":"wp","href":"https:\/\/api.w.org\/{rel}","templated":true}]}}