{"id":1003,"date":"2013-08-26T16:00:23","date_gmt":"2013-08-26T16:00:23","guid":{"rendered":"http:\/\/www.grafatorio.com\/blog\/?post_type=product&amp;p=1003"},"modified":"2020-04-23T12:31:06","modified_gmt":"2020-04-23T15:31:06","slug":"tipos-moveis","status":"publish","type":"product","link":"https:\/\/grafatorio.com\/site\/produto\/tipos-moveis\/","title":{"rendered":"Tipos M\u00f3veis \u2013 composi\u00e7\u00e3o e impress\u00e3o"},"content":{"rendered":"<p>&nbsp;<\/p>\n<h3>Tipos m\u00f3veis \u2013 composi\u00e7\u00e3o e impress\u00e3o<\/h3>\n<h4>Ministrante<\/h4>\n<p><strong>Silvio Rog\u00e9rio Valduga<\/strong> \u00e9 tip\u00f3grafo nascido em Tr\u00eas Passos, no Rio Grande do Sul. Come\u00e7ou sua carreira no of\u00edcio em 1982 em um jornal de sua cidade natal. Mudou-se para o norte do Paran\u00e1 em 2000, e desde 2002 \u00e9 um dos tip\u00f3grafos da gr\u00e1fica da UEL \u2013 Universidade Estadual de Londrina, onde comp\u00f5e matrizes tipogr\u00e1ficas para a impress\u00e3o de documentos e formul\u00e1rios. \u00c9 autor do livro &#8220;Tradi\u00e7\u00e3o e Cultura Ga\u00facha&#8221;, escrito, montado e impresso por ele pr\u00f3prio em tipografia.<\/p>\n<h4>Descri\u00e7\u00e3o<\/h4>\n<p>A oficina \u00e9 uma introdu\u00e7\u00e3o \u00e0 t\u00e9cnica da composi\u00e7\u00e3o manual com tipos m\u00f3veis. Inicialmente os alunos v\u00e3o conhecer um pouco sobre o m\u00e9todo tipogr\u00e1fico, seus jarg\u00f5es e instrumentos. Na segunda etapa os participantes executar\u00e3o composi\u00e7\u00f5es com tipos de madeira e metal. Estas composi\u00e7\u00f5es ser\u00e3o reproduzidas em pastas, utilizando uma impressora minerva manual.<\/p>\n<h4 align=\"JUSTIFY\">Conte\u00fado<\/h4>\n<ul>\n<li>No\u00e7\u00f5es de medidas tipogr\u00e1ficas: ponto, quadrado, furo;<\/li>\n<li>Ferramentas do tip\u00f3grafo: tipo, gaveta de tipos, material branco, componedor e bolandeira;<\/li>\n<li>Composi\u00e7\u00e3o manual das matrizes;<\/li>\n<li>Impress\u00e3o de pastas tipogr\u00e1ficas.<\/li>\n<\/ul>\n<h4>Ferramentas e equipamentos dispon\u00edveis<\/h4>\n<ul>\n<li>Impressora tipogr\u00e1fica minerva manual;<\/li>\n<li>Tipos m\u00f3veis de metal e madeira;<\/li>\n<li>Equipamentos para composi\u00e7\u00e3o manual.<\/li>\n<\/ul>\n<h4>Itens inclusos<\/h4>\n<ul>\n<li>10 pastas tipogr\u00e1ficas impressas na oficina por aluno;<\/li>\n<li>Coffee break;<\/li>\n<li>Certificado de participa\u00e7\u00e3o.<\/li>\n<\/ul>\n<h4>Carga hor\u00e1ria<\/h4>\n<p>8 horas.<\/p>\n<h4>Data e hor\u00e1rio<\/h4>\n<p>Dia\u00a0<strong>14 de setembro\u00a0<\/strong>(s\u00e1bado) das 9h \u00e0s 18h \u2013 com 1h de intervalo para almo\u00e7o.<br \/>\n<em>As inscri\u00e7\u00f5es para essa atividade se encerram no dia 12 de setembro \u00e0s 19h.<\/em><\/p>\n<h4>Local<\/h4>\n<p><a href=\"https:\/\/maps.google.com.br\/maps?q=-23.329405,-51.195171&amp;hl=pt-BR&amp;sll=-23.513025,-51.100451&amp;sspn=0.975922,1.783905&amp;t=h&amp;z=17\" target=\"_blank\">Gr\u00e1fica da UEL<\/a>\u00a0\u2219\u00a0Rodovia Celso Garcia Cid, Pr 445 Km 380 \u2219\u00a0Campus Universit\u00e1rio<\/p>\n<h4>Valor<\/h4>\n<p><del><\/del><strong>R$160,00<\/strong><br \/>\nem at\u00e9 12\u00d7\u00a0no cart\u00e3o de cr\u00e9dito (com juros) via PagSeguro<\/p>\n<h4>D\u00favidas?<\/h4>\n<p>Envie uma mensagem para\u00a0<strong>contato@grafatorio.com<\/strong><\/p>\n","protected":false},"excerpt":{"rendered":"<p>em at\u00e9 12\u00d7\u00a0no cart\u00e3o de cr\u00e9dito (com juros) via PagSeguro<\/p>\n<h4>Ministrante<\/h4>\n<p><strong>Silvio Valduga, tip\u00f3grafo<\/strong><\/p>\n<h4>Descri\u00e7\u00e3o<\/h4>\n<p>A oficina \u00e9 uma introdu\u00e7\u00e3o \u00e0 t\u00e9cnica da composi\u00e7\u00e3o manual com tipos m\u00f3veis. Inicialmente os alunos v\u00e3o conhecer um pouco sobre o m\u00e9todo tipogr\u00e1fico, seus jarg\u00f5es e instrumentos. Na segunda etapa os participantes executar\u00e3o composi\u00e7\u00f5es com tipos de madeira e metal. Estas composi\u00e7\u00f5es ser\u00e3o reproduzidas em pastas, utilizando uma impressora minerva manual.<\/p>\n<p><a href=\"#detalhes\">\u2192\u00a0Clique aqui para mais detalhes<\/a><\/p>\n<h4>Data e hor\u00e1rio<\/h4>\n<p>Dia\u00a0<strong>14 de setembro\u00a0<\/strong>(s\u00e1bado) das 9h \u00e0s 18h \u2013 com 1h de intervalo para almo\u00e7o.<br \/>\n<em>As inscri\u00e7\u00f5es para essa atividade se encerram no dia 12 de setembro \u00e0s 19h.<\/em><\/p>\n<h4>Local<\/h4>\n<p><a href=\"https:\/\/maps.google.com.br\/maps?q=-23.329405,-51.195171&amp;hl=pt-BR&amp;sll=-23.513025,-51.100451&amp;sspn=0.975922,1.783905&amp;t=h&amp;z=17\" target=\"_blank\">Gr\u00e1fica da UEL<\/a>\u00a0\u2219\u00a0Rodovia Celso Garcia Cid, Pr 445 Km 380\u00a0\u2219\u00a0Campus Universit\u00e1rio<\/p>\n<h4>D\u00favidas?<\/h4>\n<p>Envie uma mensagem para\u00a0<strong>contato@grafatorio.com<\/strong><\/p>\n","protected":false},"featured_media":1005,"template":"","meta":[],"product_brand":[],"product_cat":[22],"product_tag":[],"class_list":{"0":"post-1003","1":"product","2":"type-product","3":"status-publish","4":"has-post-thumbnail","6":"product_cat-atividades","8":"first","9":"outofstock","10":"virtual","11":"sold-individually","12":"purchasable","13":"product-type-simple"},"_links":{"self":[{"href":"https:\/\/grafatorio.com\/site\/wp-json\/wp\/v2\/product\/1003","targetHints":{"allow":["GET"]}}],"collection":[{"href":"https:\/\/grafatorio.com\/site\/wp-json\/wp\/v2\/product"}],"about":[{"href":"https:\/\/grafatorio.com\/site\/wp-json\/wp\/v2\/types\/product"}],"wp:featuredmedia":[{"embeddable":true,"href":"https:\/\/grafatorio.com\/site\/wp-json\/wp\/v2\/media\/1005"}],"wp:attachment":[{"href":"https:\/\/grafatorio.com\/site\/wp-json\/wp\/v2\/media?parent=1003"}],"wp:term":[{"taxonomy":"product_brand","embeddable":true,"href":"https:\/\/grafatorio.com\/site\/wp-json\/wp\/v2\/product_brand?post=1003"},{"taxonomy":"product_cat","embeddable":true,"href":"https:\/\/grafatorio.com\/site\/wp-json\/wp\/v2\/product_cat?post=1003"},{"taxonomy":"product_tag","embeddable":true,"href":"https:\/\/grafatorio.com\/site\/wp-json\/wp\/v2\/product_tag?post=1003"}],"curies":[{"name":"wp","href":"https:\/\/api.w.org\/{rel}","templated":true}]}}