{"id":57,"date":"2018-07-12T12:04:17","date_gmt":"2018-07-12T15:04:17","guid":{"rendered":"http:\/\/grafatorio.com\/site\/?page_id=57"},"modified":"2023-08-18T14:33:13","modified_gmt":"2023-08-18T17:33:13","slug":"sobre","status":"publish","type":"page","link":"https:\/\/grafatorio.com\/site\/sobre\/","title":{"rendered":"Sobre"},"content":{"rendered":"<h3>Grafat\u00f3rio<\/h3>\n<p><strong>Grafa\u2013<\/strong> do grego, grapho. Verbo que significa fazer marcas, desenhar, marcar uma pedra, um peda\u00e7o de madeira ou uma folha de papel. Pode-se traduzir graphein tamb\u00e9m por escrever.<br \/>\n<strong>\u2013T\u00f3rio<\/strong> do latim, torium. Sufixo que indica, em geral, um local ou objeto apropriado para a atividade designada no verbo.<\/p>\n<hr \/>\n<p>Grafat\u00f3rio \u00e9 uma associa\u00e7\u00e3o cultural sem fins lucrativos, baseada em Londrina. O coletivo re\u00fane pesquisadores, designers, artistas visuais e outros profissionais ou amadores que se interessam pelo abrangente universo das artes gr\u00e1ficas.<br \/>\nO principal objetivo do Grafat\u00f3rio \u00e9 fomentar a cultura das artes gr\u00e1ficas na cidade de Londrina, por meio de quatro linhas de a\u00e7\u00e3o:<\/p>\n<p><strong>Investiga\u00e7\u00e3o &amp; Experimenta\u00e7\u00e3o<\/strong>\u00a0\u2014\u00a0pesquisa est\u00e9tica e de linguagem das artes gr\u00e1ficas; desenvolvimento e aplica\u00e7\u00e3o de t\u00e9cnicas alternativas e\u00a0artesanais de impress\u00e3o.<br \/>\n<strong>Capacita\u00e7\u00e3o<\/strong>\u00a0\u2014\u00a0promo\u00e7\u00e3o de cursos, oficinas, workshops, palestras e grupos de pesquisa na \u00e1rea de artes gr\u00e1ficas.<br \/>\n<strong>Produ\u00e7\u00e3o<\/strong>\u00a0\u2014\u00a0cria\u00e7\u00e3o de objetos gr\u00e1ficos nas mais diversas t\u00e9cnicas e suportes; disponibiliza\u00e7\u00e3o \u00e0 comunidade de espa\u00e7o estruturado para a produ\u00e7\u00e3o gr\u00e1fica.<br \/>\n<strong>Difus\u00e3o<\/strong>\u00a0\u2014\u00a0universaliza\u00e7\u00e3o do acesso \u00e0 frui\u00e7\u00e3o cr\u00edtica das artes gr\u00e1ficas; forma\u00e7\u00e3o de acervo visual e bibliogr\u00e1fico p\u00fablico; montagem de exposi\u00e7\u00f5es.<\/p>\n<div><\/div>\n<p>A sede do Grafat\u00f3rio \u00e9 um barrac\u00e3o situado na zona central, de Londrina na Rua Mossor\u00f3 n\u00ba 483. No espa\u00e7o funciona o atelier coletivo onde s\u00e3o realizadas v\u00e1rias de nossas atividades.<\/p>\n<p>Atualmente, a nossa sede conta com diversos ambientes de uso p\u00fablico:<\/p>\n<p><strong>Sala de Estudos<\/strong>\u00a0\u2014\u00a0ambiente equipado com ar-condicionado, cadeiras e mesas pr\u00f3prias para receberem oficinas, palestras, cursos e grupos de estudo.<br \/>\n<strong>Sala de Produ\u00e7\u00e3o Gr\u00e1fica<\/strong>\u00a0\u2014\u00a0local onde fica a maior parte das m\u00e1quinas e equipamentos de produ\u00e7\u00e3o do Grafat\u00f3rio. Conta com duas prensas de gravura, um prelo offset manual, um conjunto de tipos m\u00f3veis em madeira e metal, uma prensa de hot stamping e outros equipamentos b\u00e1sicos diversos, como um mime\u00f3grafo de carbono, m\u00e1quinas de escrever, c\u00e2meras fotogr\u00e1ficas anal\u00f3gicas de v\u00e1rios modelos e formatos, al\u00e9m de outras ferramentas de ateli\u00ea.<br \/>\n<strong>Laborat\u00f3rio de Serigrafia<\/strong> \u2014 espa\u00e7o adequado para a produ\u00e7\u00e3o de impress\u00f5es serigr\u00e1ficas. O laborat\u00f3rio est\u00e1 equipado com ber\u00e7o e mesa de revela\u00e7\u00e3o.<br \/>\n<strong>Laborat\u00f3rio de Fotografia<\/strong>\u00a0\u2014\u00a0sala preparada e vedada, para revela\u00e7\u00e3o fotogr\u00e1fica em preto e branco.<\/p>\n<p><span style=\"color: #000080;\"><a style=\"color: #000080;\" href=\"https:\/\/drive.google.com\/drive\/folders\/1AJfwtG1xao7QpMWqmfPtuEf06_NXXVPd?usp=sharing\"><strong>Estatuto Social, Dirigentes e Conv\u00eanios<\/strong><\/a><\/span><\/p>\n<p><span style=\"border-top-left-radius: 2px; border-top-right-radius: 2px; border-bottom-right-radius: 2px; border-bottom-left-radius: 2px; text-indent: 20px; width: auto; padding: 0px 4px 0px 0px; text-align: center; font-style: normal; font-variant-caps: normal; font-weight: bold; font-stretch: normal; font-size: 11px; line-height: 20px; font-family: 'Helvetica Neue', Helvetica, sans-serif; color: #ffffff; background-image: url(data:image\/svg+xml; base64,phn2zyb4bwxucz0iahr0cdovl3d3dy53my5vcmcvmjawmc9zdmciighlawdodd0imzbwecigd2lkdgg9ijmwchgiihzpzxdcb3g9ii0xic0xidmxidmxij48zz48cgf0acbkpsjnmjkundq5lde0ljy2mibdmjkundq5ldiyljcymiaymi44njgsmjkumju2ide0ljc1ldi5lji1nibdni42mzismjkumju2idaumduxldiyljcymiawlja1mswxnc42njigqzaumduxldyunjaxidyunjmyldaumdy3ide0ljc1ldaumdy3iemymi44njgsmc4wnjcgmjkundq5ldyunjaxidi5ljq0oswxnc42njiiigzpbgw9iinmzmyiihn0cm9rzt0ii2zmziigc3ryb2tllxdpzhropsixij48l3bhdgg+phbhdgggzd0itte0ljczmywxljy4nibdny41mtysms42odygms42njusny40otugms42njusmtqunjyyiemxljy2nswymc4xntkgns4xmdksmjquodu0idkuotcsmjyunzq0iem5ljg1niwyns43mtggos43ntmsmjqumtqzidewljaxniwymy4wmjigqzewlji1mywymi4wmsaxms41ndgsmtyuntcyidexlju0ocwxni41nzigqzexlju0ocwxni41nzigmteumtu3lde1ljc5nsaxms4xntcsmtqunjq2iemxms4xntcsmtiuodqyideyljixmswxms40otugmtmuntiyldexljq5nsbdmtqunjm3ldexljq5nsaxns4xnzusmtiumzi2ide1lje3nswxmy4zmjmgqze1lje3nswxnc40mzygmtqundyylde2ljegmtqumdkzlde3ljy0mybdmtmunzg1lde4ljkznsaxnc43ndusmtkuotg4ide2ljayocwxos45odggqze4ljm1mswxos45odggmjaumtm2lde3lju1niaymc4xmzysmtqumdq2iemymc4xmzysmtauotm5ide3ljg4ocw4ljc2nyaxnc42nzgsoc43njcgqzewljk1osw4ljc2nya4ljc3nywxms41mzygoc43nzcsmtqumzk4iem4ljc3nywxns41mtmgos4ymswxni43mdkgos43ndksmtcumzu5iem5ljg1niwxny40odggos44nzismtcunia5ljg0lde3ljczmsbdos43ndesmtgumtqxidkuntismtkumdizidkundc3lde5ljiwmybdos40miwxos40nca5lji4ocwxos40otegos4wncwxos4znzygqzcunda4lde4ljyymia2ljm4nywxni4yntigni4zodcsmtqumzq5iem2ljm4nywxmc4yntygos4zodmsni40otcgmtuumdiyldyundk3iemxos41ntusni40otcgmjmumdc4ldkunza1idizlja3ocwxmy45otegqzizlja3ocwxoc40njmgmjaumjm5ldiylja2miaxni4yotcsmjiumdyyiemxnc45nzmsmjiumdyyidezljcyocwyms4znzkgmtmumzayldiwlju3mibdmtmumzayldiwlju3miaxmi42ndcsmjmumdugmtiundg4ldizljy1nybdmtiumtkzldi0ljc4ncaxms4zotysmjyumtk2idewljg2mywyny4wntggqzeylja4niwyny40mzqgmtmumzg2ldi3ljyznyaxnc43mzmsmjcunjm3iemyms45nswyny42mzcgmjcuodaxldixljgyocayny44mdesmtqunjyyiemyny44mdesny40otugmjeuotusms42odygmtqunzmzldeunjg2iibmawxspsijymqwodfjij48l3bhdgg+pc9npjwvc3znpg==); background-size: 14px 14px; background-color: #bd081c; position: absolute; opacity: 1; z-index: 8675309; display: none; cursor: pointer; border: none; -webkit-font-smoothing: antialiased; top: 439px; left: 20px; background-position: 3px 50%; background-repeat: no-repeat no-repeat;\">Salvar<\/span><span style=\"border-top-left-radius: 2px; border-top-right-radius: 2px; border-bottom-right-radius: 2px; border-bottom-left-radius: 2px; text-indent: 20px; width: auto; padding: 0px 4px 0px 0px; text-align: center; font-style: normal; font-variant-caps: normal; font-weight: bold; font-stretch: normal; font-size: 11px; line-height: 20px; font-family: 'Helvetica Neue', Helvetica, sans-serif; color: #ffffff; background-image: url(data:image\/svg+xml; base64,phn2zyb4bwxucz0iahr0cdovl3d3dy53my5vcmcvmjawmc9zdmciighlawdodd0imzbwecigd2lkdgg9ijmwchgiihzpzxdcb3g9ii0xic0xidmxidmxij48zz48cgf0acbkpsjnmjkundq5lde0ljy2mibdmjkundq5ldiyljcymiaymi44njgsmjkumju2ide0ljc1ldi5lji1nibdni42mzismjkumju2idaumduxldiyljcymiawlja1mswxnc42njigqzaumduxldyunjaxidyunjmyldaumdy3ide0ljc1ldaumdy3iemymi44njgsmc4wnjcgmjkundq5ldyunjaxidi5ljq0oswxnc42njiiigzpbgw9iinmzmyiihn0cm9rzt0ii2zmziigc3ryb2tllxdpzhropsixij48l3bhdgg+phbhdgggzd0itte0ljczmywxljy4nibdny41mtysms42odygms42njusny40otugms42njusmtqunjyyiemxljy2nswymc4xntkgns4xmdksmjquodu0idkuotcsmjyunzq0iem5ljg1niwyns43mtggos43ntmsmjqumtqzidewljaxniwymy4wmjigqzewlji1mywymi4wmsaxms41ndgsmtyuntcyidexlju0ocwxni41nzigqzexlju0ocwxni41nzigmteumtu3lde1ljc5nsaxms4xntcsmtqunjq2iemxms4xntcsmtiuodqyideyljixmswxms40otugmtmuntiyldexljq5nsbdmtqunjm3ldexljq5nsaxns4xnzusmtiumzi2ide1lje3nswxmy4zmjmgqze1lje3nswxnc40mzygmtqundyylde2ljegmtqumdkzlde3ljy0mybdmtmunzg1lde4ljkznsaxnc43ndusmtkuotg4ide2ljayocwxos45odggqze4ljm1mswxos45odggmjaumtm2lde3lju1niaymc4xmzysmtqumdq2iemymc4xmzysmtauotm5ide3ljg4ocw4ljc2nyaxnc42nzgsoc43njcgqzewljk1osw4ljc2nya4ljc3nywxms41mzygoc43nzcsmtqumzk4iem4ljc3nywxns41mtmgos4ymswxni43mdkgos43ndksmtcumzu5iem5ljg1niwxny40odggos44nzismtcunia5ljg0lde3ljczmsbdos43ndesmtgumtqxidkuntismtkumdizidkundc3lde5ljiwmybdos40miwxos40nca5lji4ocwxos40otegos4wncwxos4znzygqzcunda4lde4ljyymia2ljm4nywxni4yntigni4zodcsmtqumzq5iem2ljm4nywxmc4yntygos4zodmsni40otcgmtuumdiyldyundk3iemxos41ntusni40otcgmjmumdc4ldkunza1idizlja3ocwxmy45otegqzizlja3ocwxoc40njmgmjaumjm5ldiylja2miaxni4yotcsmjiumdyyiemxnc45nzmsmjiumdyyidezljcyocwyms4znzkgmtmumzayldiwlju3mibdmtmumzayldiwlju3miaxmi42ndcsmjmumdugmtiundg4ldizljy1nybdmtiumtkzldi0ljc4ncaxms4zotysmjyumtk2idewljg2mywyny4wntggqzeylja4niwyny40mzqgmtmumzg2ldi3ljyznyaxnc43mzmsmjcunjm3iemyms45nswyny42mzcgmjcuodaxldixljgyocayny44mdesmtqunjyyiemyny44mdesny40otugmjeuotusms42odygmtqunzmzldeunjg2iibmawxspsijymqwodfjij48l3bhdgg+pc9npjwvc3znpg==); background-size: 14px 14px; background-color: #bd081c; position: absolute; opacity: 1; z-index: 8675309; display: none; cursor: pointer; border: none; -webkit-font-smoothing: antialiased; top: 439px; left: 20px; background-position: 3px 50%; background-repeat: no-repeat no-repeat;\">Salvar<\/span><\/p>\n","protected":false},"excerpt":{"rendered":"<p>Grafat\u00f3rio Grafa\u2013 do grego, grapho. Verbo que significa fazer marcas, desenhar, marcar uma pedra, um peda\u00e7o de madeira ou uma folha de papel. Pode-se traduzir graphein tamb\u00e9m por escrever. \u2013T\u00f3rio do latim, torium. Sufixo que indica, em geral, um local ou objeto apropriado para a atividade designada no verbo. Grafat\u00f3rio \u00e9 uma associa\u00e7\u00e3o cultural sem [&hellip;]<\/p>\n","protected":false},"author":1,"featured_media":0,"parent":0,"menu_order":0,"comment_status":"closed","ping_status":"closed","template":"","meta":{"footnotes":""},"class_list":["post-57","page","type-page","status-publish","hentry"],"_links":{"self":[{"href":"https:\/\/grafatorio.com\/site\/wp-json\/wp\/v2\/pages\/57","targetHints":{"allow":["GET"]}}],"collection":[{"href":"https:\/\/grafatorio.com\/site\/wp-json\/wp\/v2\/pages"}],"about":[{"href":"https:\/\/grafatorio.com\/site\/wp-json\/wp\/v2\/types\/page"}],"author":[{"embeddable":true,"href":"https:\/\/grafatorio.com\/site\/wp-json\/wp\/v2\/users\/1"}],"replies":[{"embeddable":true,"href":"https:\/\/grafatorio.com\/site\/wp-json\/wp\/v2\/comments?post=57"}],"version-history":[{"count":15,"href":"https:\/\/grafatorio.com\/site\/wp-json\/wp\/v2\/pages\/57\/revisions"}],"predecessor-version":[{"id":4670,"href":"https:\/\/grafatorio.com\/site\/wp-json\/wp\/v2\/pages\/57\/revisions\/4670"}],"wp:attachment":[{"href":"https:\/\/grafatorio.com\/site\/wp-json\/wp\/v2\/media?parent=57"}],"curies":[{"name":"wp","href":"https:\/\/api.w.org\/{rel}","templated":true}]}}