{"id":3465,"date":"2020-06-03T18:13:35","date_gmt":"2020-06-03T21:13:35","guid":{"rendered":"https:\/\/grafatorio.com\/site\/?page_id=3465"},"modified":"2023-01-30T13:50:14","modified_gmt":"2023-01-30T16:50:14","slug":"biblioteca","status":"publish","type":"page","link":"https:\/\/grafatorio.com\/site\/biblioteca\/","title":{"rendered":"Biblioteca"},"content":{"rendered":"<p>Por aqui voc\u00ea encontra alguns t\u00edtulos esgotados ou trechos de livros da Grafat\u00f3rio Edi\u00e7\u00f5es que ainda est\u00e3o no prelo! S\u00e3o obras em formato PDF e gratuitas para botar os textos na roda, mas que tamb\u00e9m permitem sacar um pouco do nosso trabalho gr\u00e1fico.<\/p>\n<p>Compartilhe com os amigos!<\/p>\n<h3>Cole\u00e7\u00e3o Temas Supremos,\u00a0de Luis Henrique Mioto<\/h3>\n<p>Temas Supremos \u00e9 uma cole\u00e7\u00e3o de livros para o p\u00fablico infanto-juvenil que fala sobre assuntos que afetam a todos n\u00f3s, crian\u00e7as e adultos: o desejo, a morte, a solid\u00e3o, o consumo, o trabalho, a imperman\u00eancia. Temas dif\u00edceis, mas incontorn\u00e1veis em nossas vidas, e que por isso deveriam estar mais presentes em nossa educa\u00e7\u00e3o intelectual e sentimental.<\/p>\n\n<p><a href=\"https:\/\/grafatorio.com\/site\/temassupremos\/\" target=\"_blank\" rel=\"noopener noreferrer\"><button class=\"single_add_to_cart_button button alt\" type=\"submit\">Acessar p\u00e1gina da cole\u00e7\u00e3o<\/button><\/a><\/p>\n<h3>Vou l\u00e1 e Fa\u00e7o: A Vida-Obra de Oswaldo Diniz,<br \/>\nde Felipe Melhado, Gabriel Daher e Teixeira Quintiliano\u00a0[Grafat\u00f3rio Edi\u00e7\u00f5es, 2020]<\/h3>\n<p>Discreto e aberrante. Pop e erudito. Rockstar e d\u00e2ndi. No Sert\u00e3o do Tibagi. R\u00e1dio, teatro, TV e jornal. \u00cddolo da juventude. Inimigo da moral. Cr\u00edtico do desbunde. Oswaldo Diniz: Vida-Obra.<\/p>\n<p>Leia o primeiro cap\u00edtulo deste ensaio biogr\u00e1fico que, em breve, estar\u00e1 dispon\u00edvel gratuitamente (em Londrina) e \u00e0 venda (para o mundo!) em nossa loja virtual.<\/p>\n\n<p><a href=\"https:\/\/grafatorio.com\/site\/wp-content\/uploads\/2020\/11\/Vou-La-e-Faco_CAP-1.pdf\" target=\"_blank\" rel=\"noopener noreferrer\"><button class=\"single_add_to_cart_button button alt\" type=\"submit\">Baixar o primeiro cap\u00edtulo em PDF<\/button><\/a><\/p>\n<h3>O \u00daltimo Pau de Arara, de Jotab\u00ea Medeiros [Grafat\u00f3rio Edi\u00e7\u00f5es, no prelo]<\/h3>\n<p>Liberamos para leitura um trecho do primeiro cap\u00edtulo de <em>O \u00daltimo Pau de Arara<\/em>, novo livro de Jotab\u00ea Medeiros! O livro est\u00e1, agora, em pr\u00e9-venda e pode ser adquirido <a href=\"https:\/\/grafatorio.com\/site\/produto\/o-ultimo-pau-de-arara\/\">neste link.\u00a0<\/a><\/p>\n\n<p><a href=\"https:\/\/grafatorio.com\/site\/wp-content\/uploads\/2020\/06\/O-Ultimo-Pau-de-Arara_Jotabe-Medeiros_trecho.pdf\" target=\"_blank\" rel=\"noopener noreferrer\"><button class=\"single_add_to_cart_button button alt\" type=\"submit\">Baixar trecho em PDF<\/button><\/a><\/p>\n<h3>A Hora da L\u00e2mina, de Paulo Leminski [Grafat\u00f3rio Edi\u00e7\u00f5es, 2017]<\/h3>\n<p>As escolhas feitas no primeiro livro da Grafat\u00f3rio Edi\u00e7\u00f5es definiram toda nossa linha editorial e gr\u00e1fica: depois de <em>A Hora da L\u00e2mina<\/em>, todas nossas publica\u00e7\u00f5es teriam de ser livros-objeto vitalistas.<\/p>\n<p>Este livro re\u00fane os \u00faltimos textos publicados em vida pelo poeta curitibano. S\u00e3o pequenos ensaios veiculados originalmente na Folha de Londrina, no ano de 1989. Textos vigorosos em que Leminski, \u00e0 beira da morte, ensaia a arte da vida como uma arte da guerra, pr\u00e1tica b\u00e9lica de liberdade a ser vivida com total intensidade.<\/p>\n<p>O livro foi composto e impresso em tipos m\u00f3veis e encadernado manualmente, em uma tiragem de 300 exemplares.<\/p>\n\n<p><a href=\"https:\/\/grafatorio.com\/site\/wp-content\/uploads\/2020\/06\/A-Hora-da-Lamina_Paulo-Leminski.pdf\" target=\"_blank\" rel=\"noopener noreferrer\"><button class=\"single_add_to_cart_button button alt\" type=\"submit\">Baixar livro completo em PDF<\/button><\/a><\/p>\n<p><iframe loading=\"lazy\" title=\"YouTube video player\" src=\"https:\/\/www.youtube.com\/embed\/B0Y-8jMEUy0\" width=\"1065\" height=\"599\" frameborder=\"0\" allowfullscreen=\"allowfullscreen\"><\/iframe><\/p>\n<hr \/>\n<p>Se curtiu nossos projetos e quer colaborar, que tal fazer uma doa\u00e7\u00e3o via PagSeguro? Voc\u00ea pode contribuir com qualquer valor clicando no bot\u00e3o abaixo:<\/p>\n<form action=\"https:\/\/pagseguro.uol.com.br\/checkout\/v2\/donation.html\" method=\"post\"><input name=\"currency\" type=\"hidden\" value=\"BRL\" \/><input name=\"receiverEmail\" type=\"hidden\" value=\"contato@grafatorio.com\" \/><input name=\"iot\" type=\"hidden\" value=\"button\" \/><input alt=\"Pague com PagSeguro - \u00e9 r\u00e1pido, gr\u00e1tis e seguro!\" name=\"submit\" src=\"https:\/\/stc.pagseguro.uol.com.br\/public\/img\/botoes\/doacoes\/180x25-doar-cinza.gif\" type=\"image\" \/><\/p>\n<\/form>\n","protected":false},"excerpt":{"rendered":"<p>Por aqui voc\u00ea encontra alguns t\u00edtulos esgotados ou trechos de livros da Grafat\u00f3rio Edi\u00e7\u00f5es que ainda est\u00e3o no prelo! S\u00e3o obras em formato PDF e gratuitas para botar os textos na roda, mas que tamb\u00e9m permitem sacar um pouco do nosso trabalho gr\u00e1fico. Compartilhe com os amigos! Cole\u00e7\u00e3o Temas Supremos,\u00a0de Luis Henrique Mioto Temas Supremos [&hellip;]<\/p>\n","protected":false},"author":1,"featured_media":0,"parent":0,"menu_order":0,"comment_status":"closed","ping_status":"closed","template":"","meta":{"footnotes":""},"class_list":["post-3465","page","type-page","status-publish","hentry"],"_links":{"self":[{"href":"https:\/\/grafatorio.com\/site\/wp-json\/wp\/v2\/pages\/3465","targetHints":{"allow":["GET"]}}],"collection":[{"href":"https:\/\/grafatorio.com\/site\/wp-json\/wp\/v2\/pages"}],"about":[{"href":"https:\/\/grafatorio.com\/site\/wp-json\/wp\/v2\/types\/page"}],"author":[{"embeddable":true,"href":"https:\/\/grafatorio.com\/site\/wp-json\/wp\/v2\/users\/1"}],"replies":[{"embeddable":true,"href":"https:\/\/grafatorio.com\/site\/wp-json\/wp\/v2\/comments?post=3465"}],"version-history":[{"count":62,"href":"https:\/\/grafatorio.com\/site\/wp-json\/wp\/v2\/pages\/3465\/revisions"}],"predecessor-version":[{"id":3489,"href":"https:\/\/grafatorio.com\/site\/wp-json\/wp\/v2\/pages\/3465\/revisions\/3489"}],"wp:attachment":[{"href":"https:\/\/grafatorio.com\/site\/wp-json\/wp\/v2\/media?parent=3465"}],"curies":[{"name":"wp","href":"https:\/\/api.w.org\/{rel}","templated":true}]}}